{"id":760739,"date":"2025-08-28T09:15:16","date_gmt":"2025-08-28T06:15:16","guid":{"rendered":"https:\/\/roveyayinevi.com.tr\/index.php\/urun\/beni-boyle-mi-goruyorsun\/"},"modified":"2026-04-16T03:13:32","modified_gmt":"2026-04-16T00:13:32","slug":"beni-boyle-mi-goruyorsun","status":"publish","type":"product","link":"https:\/\/roveyayinevi.com.tr\/index.php\/urun\/beni-boyle-mi-goruyorsun\/","title":{"rendered":"Beni B\u00f6yle mi G\u00f6r\u00fcyorsun?"},"content":{"rendered":"<p>\u201cJaime Hernandez, ya\u015fam dedi\u011fimiz \u015feyin i\u00e7indeki pi\u015fmanl\u0131klar\u0131n, yanl\u0131\u015f anlamalar\u0131n ve beklenmedik mutluluklar\u0131n birikimini sessizce belgelemeye on y\u0131llar\u0131n\u0131 harcad\u0131. O, Amerika\u2019n\u0131n en b\u00fcy\u00fck hik\u00e2ye anlat\u0131c\u0131lar\u0131ndan biridir ve O\u2019na sahip oldu\u011fumuz i\u00e7in \u015fansl\u0131y\u0131z.\u201d   Joseph Fink (Welcome to Night Vale and Alice Isn\u2019t Dead)   \u201cJaime, \u015feytani g\u00fcl\u00fcc\u00fcklerin ve tatl\u0131 kurnazl\u0131klar\u0131n ustas\u0131d\u0131r. Hopey ve Maggie o kadar ger\u00e7ek ki, hikayelerine nereden dahil olursam olay\u0131m s\u0131cakl\u0131klar\u0131n\u0131, karma\u015f\u0131kl\u0131klar\u0131n\u0131 ve mizahlar\u0131n\u0131 derinlemesine hissedebiliyorum, O\u2019nlar benim en eski, en yak\u0131n, birlikteyken g\u00fclme krizlerine girdi\u011fimiz en iyi arkada\u015flar\u0131m gibi hissettiriyorlar.\u201d   Lisa Hanawalt (BoJack Horseman)       \u201cJaime, \u00e7ok dilli k\u00fclt\u00fcr\u00fcm\u00fcz\u00fcn \u00fcretti\u011fi en yetenekli sanat\u00e7\u0131lardan biridir.\u201d   John Hodgman (Vacationland and The Areas of My Expertise)     \u201cJaime\u2019nin eseri, son 35 y\u0131l\u0131n en iyi kurgusal eserlerinden biridir.\u201d   Neil Gaiman (American Gods)       2016 LA T\u0131MES K\u0130TAP \u00d6D\u00dcL\u00dc KAZANAN \u00c7\u0130ZG\u0130 ROMAN \u201cA\u015eK BECER\u0130KS\u0130ZLER\u0130\u201dN\u0130N HEYECANLA BEKLENEN DEVAMI.   \u201cBeni B\u00f6yle Mi G\u00f6r\u00fcyorsun?\u201d adl\u0131 kitapta, en yak\u0131n arkada\u015flar Maggie ve Hopey, sevdiklerini evde b\u0131rakarak eski mahallelerinde d\u00fczenlenen bir punk-rock bulu\u015fmas\u0131na kat\u0131lmak i\u00e7in g\u00f6n\u00fcls\u00fczce bir hafta sonu yolculu\u011funa \u00e7\u0131karlar. \u015eimdiki zaman, dostluklar\u0131n\u0131n \u00e7ok belirleyici a\u015famalar\u0131ndan biri olan 1979\u2019da ya\u015fanan olaylara bir geri d\u00f6n\u00fc\u015fle ustaca \u00f6r\u00fclm\u00fc\u015ft\u00fcr. Gen\u00e7li\u011fin yenilmezlik sanr\u0131s\u0131, ger\u00e7ekten ya\u015fanm\u0131\u015f olan hayatlar\u0131n getirdi\u011fi t\u00fcm a\u015fk, kalp k\u0131r\u0131kl\u0131\u011f\u0131, pi\u015fmanl\u0131k ve \u00f6z fark\u0131ndal\u0131\u011f\u0131 ile ustaca harmanlanm\u0131\u015ft\u0131r. <\/p>\n","protected":false},"excerpt":{"rendered":"<p>\u201cJaime Hernandez, ya\u015fam dedi\u011fimiz \u015feyin i\u00e7indeki pi\u015fmanl\u0131klar\u0131n, yanl\u0131\u015f anlamalar\u0131n ve beklenmedik mutluluklar\u0131n birikimini sessizce belgelemeye on y\u0131llar\u0131n\u0131 harcad\u0131. O, Amerika\u2019n\u0131n en b\u00fcy\u00fck hik\u00e2ye anlat\u0131c\u0131lar\u0131ndan biridir ve<span class=\"excerpt-hellip\"> [\u2026]<\/span><\/p>\n","protected":false},"featured_media":0,"template":"","meta":{"_monsterinsights_skip_tracking":false,"_monsterinsights_sitenote_active":false,"_monsterinsights_sitenote_note":"","_monsterinsights_sitenote_category":0},"product_brand":[],"product_cat":[12416,12291],"product_tag":[],"class_list":{"0":"post-760739","1":"product","2":"type-product","3":"status-publish","5":"product_cat-cizgi-roman","6":"product_cat-edebiyat","7":"pa_cilt-ciltsiz","8":"pa_tur-kitap","9":"pa_yayinevi-kara-karga-yayinlari","10":"pa_yazar-jamie-hernandez","12":"first","13":"instock","14":"sale","15":"shipping-taxable","16":"purchasable","17":"product-type-simple"},"_links":{"self":[{"href":"https:\/\/roveyayinevi.com.tr\/index.php\/wp-json\/wp\/v2\/product\/760739","targetHints":{"allow":["GET"]}}],"collection":[{"href":"https:\/\/roveyayinevi.com.tr\/index.php\/wp-json\/wp\/v2\/product"}],"about":[{"href":"https:\/\/roveyayinevi.com.tr\/index.php\/wp-json\/wp\/v2\/types\/product"}],"wp:attachment":[{"href":"https:\/\/roveyayinevi.com.tr\/index.php\/wp-json\/wp\/v2\/media?parent=760739"}],"wp:term":[{"taxonomy":"product_brand","embeddable":true,"href":"https:\/\/roveyayinevi.com.tr\/index.php\/wp-json\/wp\/v2\/product_brand?post=760739"},{"taxonomy":"product_cat","embeddable":true,"href":"https:\/\/roveyayinevi.com.tr\/index.php\/wp-json\/wp\/v2\/product_cat?post=760739"},{"taxonomy":"product_tag","embeddable":true,"href":"https:\/\/roveyayinevi.com.tr\/index.php\/wp-json\/wp\/v2\/product_tag?post=760739"}],"curies":[{"name":"wp","href":"https:\/\/api.w.org\/{rel}","templated":true}]}}