{"id":760738,"date":"2025-08-28T09:15:14","date_gmt":"2025-08-28T06:15:14","guid":{"rendered":"https:\/\/roveyayinevi.com.tr\/index.php\/urun\/icimdeki-bene-mektuplar\/"},"modified":"2026-04-01T03:18:05","modified_gmt":"2026-04-01T00:18:05","slug":"icimdeki-bene-mektuplar","status":"publish","type":"product","link":"https:\/\/roveyayinevi.com.tr\/index.php\/urun\/icimdeki-bene-mektuplar\/","title":{"rendered":"\u0130\u00e7imdeki Ben\u2019e Mektuplar"},"content":{"rendered":"<p>Bu ya\u015fta, bu sen\u2019de, bu sen\u2019le ge\u00e7irdi\u011fin ilk ve son an.   Bir sonrakine hepsi de\u011fi\u015fmi\u015f olacak.   Biraz y\u00fcr\u00fcyelim, gel.   R\u00fczg\u00e2r als\u0131n g\u00f6t\u00fcrs\u00fcn i\u00e7imizdeki tozlar\u0131.   S\u0131k\u0131\u015fan yerleri a\u00e7s\u0131n, d\u00fc\u011f\u00fcmlenen s\u00f6zleri, donmu\u015f bak\u0131\u015flar\u0131&#8230;   Als\u0131n g\u00f6t\u00fcrs\u00fcn bulutlar\u0131. Sa\u00e7lar\u0131m\u0131za, d\u00fc\u015flerimize, ge\u00e7mi\u015fimize   ve ge\u00e7memi\u015flerimize ya\u011fmur ya\u011fs\u0131n.   Gel, tut elimi. Biraz y\u00fcr\u00fcyelim.   Havan\u0131n kokusunu al\u0131yor musun? Mis gibi&#8230;   R\u00fczg\u00e2r umuttan bize do\u011fru esene dek, ya\u011fmur g\u00fcne\u015ften mutluluk getirene dek y\u00fcr\u00fcyelim. Ya\u015faman\u0131n ba\u015f d\u00f6nd\u00fcr\u00fcc\u00fc co\u015fkusu t\u00fcm h\u00fccrelerimizi sarana dek&#8230;   Bug\u00fcne iyice yerle\u015f, bu geceye&#8230;   Yap\u0131lacaklar, \u00e7\u00f6z\u00fclecekler, k\u00fcs\u00fclecekler yar\u0131na kals\u0131n.   Yolculu\u011fumuzu, ya\u011fmurumuzu, co\u015fkumuzu hat\u0131rla.   G\u00fcn do\u011fana dek y\u00fcr\u00fcyece\u011fiz.   Yaln\u0131z de\u011filsin, hi\u00e7birimiz yaln\u0131z de\u011filiz. <\/p>\n","protected":false},"excerpt":{"rendered":"<p>Bu ya\u015fta, bu sen\u2019de, bu sen\u2019le ge\u00e7irdi\u011fin ilk ve son an. Bir sonrakine hepsi de\u011fi\u015fmi\u015f olacak. Biraz y\u00fcr\u00fcyelim, gel. R\u00fczg\u00e2r als\u0131n g\u00f6t\u00fcrs\u00fcn i\u00e7imizdeki tozlar\u0131. S\u0131k\u0131\u015fan yerleri<span class=\"excerpt-hellip\"> [\u2026]<\/span><\/p>\n","protected":false},"featured_media":0,"template":"","meta":{"_monsterinsights_skip_tracking":false,"_monsterinsights_sitenote_active":false,"_monsterinsights_sitenote_note":"","_monsterinsights_sitenote_category":0},"product_brand":[],"product_cat":[12364,12376],"product_tag":[],"class_list":{"0":"post-760738","1":"product","2":"type-product","3":"status-publish","5":"product_cat-genel-konular","6":"product_cat-kisisel-gelisim","7":"pa_cilt-ciltsiz","8":"pa_tur-kitap","9":"pa_yayinevi-destek-yayinlari","10":"pa_yazar-sahra-hazal-kaleli","12":"first","13":"instock","14":"sale","15":"shipping-taxable","16":"purchasable","17":"product-type-simple"},"_links":{"self":[{"href":"https:\/\/roveyayinevi.com.tr\/index.php\/wp-json\/wp\/v2\/product\/760738","targetHints":{"allow":["GET"]}}],"collection":[{"href":"https:\/\/roveyayinevi.com.tr\/index.php\/wp-json\/wp\/v2\/product"}],"about":[{"href":"https:\/\/roveyayinevi.com.tr\/index.php\/wp-json\/wp\/v2\/types\/product"}],"wp:attachment":[{"href":"https:\/\/roveyayinevi.com.tr\/index.php\/wp-json\/wp\/v2\/media?parent=760738"}],"wp:term":[{"taxonomy":"product_brand","embeddable":true,"href":"https:\/\/roveyayinevi.com.tr\/index.php\/wp-json\/wp\/v2\/product_brand?post=760738"},{"taxonomy":"product_cat","embeddable":true,"href":"https:\/\/roveyayinevi.com.tr\/index.php\/wp-json\/wp\/v2\/product_cat?post=760738"},{"taxonomy":"product_tag","embeddable":true,"href":"https:\/\/roveyayinevi.com.tr\/index.php\/wp-json\/wp\/v2\/product_tag?post=760738"}],"curies":[{"name":"wp","href":"https:\/\/api.w.org\/{rel}","templated":true}]}}