{"id":760737,"date":"2025-08-28T09:15:12","date_gmt":"2025-08-28T06:15:12","guid":{"rendered":"https:\/\/roveyayinevi.com.tr\/index.php\/urun\/vay-canina-sosyal-bilgiler-ciltli\/"},"modified":"2026-04-16T03:13:32","modified_gmt":"2026-04-16T00:13:32","slug":"vay-canina-sosyal-bilgiler-ciltli","status":"publish","type":"product","link":"https:\/\/roveyayinevi.com.tr\/index.php\/urun\/vay-canina-sosyal-bilgiler-ciltli\/","title":{"rendered":"Vay Can\u0131na Sosyal Bilgiler  (Ciltli)"},"content":{"rendered":"<p>Galileo neden sopa yedi? D\u00fcnyan\u0131n en \u00f6nemli icad\u0131 lahmacun mudur? Filoloji, filleri mi inceler? Seyit Onba\u015f\u0131, S\u00fcpermen\u2019in ve \u00d6r\u00fcmcek Adam\u2019\u0131n tozunu att\u0131r\u0131r m\u0131? Kavimler G\u00f6\u00e7\u00fc, Avrupa\u2019y\u0131 \u00e7orbaya m\u0131 \u00e7evirdi? Birinci D\u00fcnya Sava\u015f\u0131\u2019n\u0131 pazarc\u0131lar m\u0131 \u00e7\u0131kard\u0131? Nato-mato ne i\u015fe yar\u0131yor? Baharat Yolu\u2019nda \u00e7ay i\u00e7me yeri var m\u0131? T\u00fcrklerin 12 Hayvanl\u0131 Takvimi\u2019ni duydun mu? Duyduk duymad\u0131k demeyiiiinn! VAY CANINA SOYAL B\u0130LG\u0130LER HEM KOM\u0130K HEM ZEVKL\u0130.   <\/p>\n","protected":false},"excerpt":{"rendered":"<p>Galileo neden sopa yedi? D\u00fcnyan\u0131n en \u00f6nemli icad\u0131 lahmacun mudur? Filoloji, filleri mi inceler? Seyit Onba\u015f\u0131, S\u00fcpermen\u2019in ve \u00d6r\u00fcmcek Adam\u2019\u0131n tozunu att\u0131r\u0131r m\u0131? Kavimler G\u00f6\u00e7\u00fc, Avrupa\u2019y\u0131<span class=\"excerpt-hellip\"> [\u2026]<\/span><\/p>\n","protected":false},"featured_media":0,"template":"","meta":{"_monsterinsights_skip_tracking":false,"_monsterinsights_sitenote_active":false,"_monsterinsights_sitenote_note":"","_monsterinsights_sitenote_category":0},"product_brand":[],"product_cat":[12274,15842],"product_tag":[],"class_list":{"0":"post-760737","1":"product","2":"type-product","3":"status-publish","5":"product_cat-cocuk-ve-genclik-kitaplari","6":"product_cat-egitici-kitaplar","7":"pa_cilt-ciltli","8":"pa_tur-kitap","9":"pa_yayinevi-nesil-genc","10":"pa_yazar-yusuf-asal","12":"first","13":"instock","14":"sale","15":"shipping-taxable","16":"purchasable","17":"product-type-simple"},"_links":{"self":[{"href":"https:\/\/roveyayinevi.com.tr\/index.php\/wp-json\/wp\/v2\/product\/760737","targetHints":{"allow":["GET"]}}],"collection":[{"href":"https:\/\/roveyayinevi.com.tr\/index.php\/wp-json\/wp\/v2\/product"}],"about":[{"href":"https:\/\/roveyayinevi.com.tr\/index.php\/wp-json\/wp\/v2\/types\/product"}],"wp:attachment":[{"href":"https:\/\/roveyayinevi.com.tr\/index.php\/wp-json\/wp\/v2\/media?parent=760737"}],"wp:term":[{"taxonomy":"product_brand","embeddable":true,"href":"https:\/\/roveyayinevi.com.tr\/index.php\/wp-json\/wp\/v2\/product_brand?post=760737"},{"taxonomy":"product_cat","embeddable":true,"href":"https:\/\/roveyayinevi.com.tr\/index.php\/wp-json\/wp\/v2\/product_cat?post=760737"},{"taxonomy":"product_tag","embeddable":true,"href":"https:\/\/roveyayinevi.com.tr\/index.php\/wp-json\/wp\/v2\/product_tag?post=760737"}],"curies":[{"name":"wp","href":"https:\/\/api.w.org\/{rel}","templated":true}]}}