{"id":760735,"date":"2025-08-28T09:15:09","date_gmt":"2025-08-28T06:15:09","guid":{"rendered":"https:\/\/roveyayinevi.com.tr\/index.php\/urun\/mevlid-i-serif\/"},"modified":"2026-04-16T03:13:32","modified_gmt":"2026-04-16T00:13:32","slug":"mevlid-i-serif","status":"publish","type":"product","link":"https:\/\/roveyayinevi.com.tr\/index.php\/urun\/mevlid-i-serif\/","title":{"rendered":"Mevlid-i \u015eerif"},"content":{"rendered":"<p>All\u0101h ad\u0131n \u1e95ikr idel\u00fcm evvel\u0101 V\u0101cib oldur c\u00fcmle i\u015fde her \u1e33ula All\u0101h ad\u0131n her kim ol evvel a\u00f1a Her i\u015fi \u0101s\u0101n ide All\u0101h a\u00f1a Her nefesde All\u0101h ad\u0131n di m\u00fcd\u0101m All\u0101h ad\u0131yla olur her i\u015f tam\u0101m \u2018A\u015f\u1e33-\u0131la gel imdi All\u0101h eydel\u00fcm Derd-ile g\u00f6z ya\u015f\u0131-la \u0101h idel\u00fcm Mevlid, bildi\u011fi en g\u00fczel \u00e7i\u00e7e\u011fi \u201cMuhammed teridir.\u201d diyerek ba\u015f tac\u0131 eden bir milletin, Peygamber sevgisini, as\u0131rlar boyu, yedi iklim \u00fczerinde ilmek ilmek dokudu\u011fu bir edeb\u00ee zevkle harmanlanan zirve bir metindir. Mevlid, yaz\u0131ld\u0131\u011f\u0131 g\u00fcnden bug\u00fcne b\u00fct\u00fcn Osmanl\u0131 co\u011frafyas\u0131nda ve hatta Osmanl\u0131 Devleti s\u0131n\u0131rlar\u0131n\u0131 da a\u015farak T\u00fcrk d\u00fcnyas\u0131n\u0131n \u00e7o\u011fu b\u00f6lgesinde de tan\u0131nan ve sevilerek okunan, okutulan bir eser olmu\u015ftur. \u015eeyh Hamdullah Efendi, eserleriyle akl\u00e2m-\u0131 sittenin b\u00fct\u00fcn nevilerinde, \u00f6zellikle nesihte T\u00fcrk zevkine uygun \u015fekil ve \u00f6l\u00e7\u00fcleri geli\u015ftirmi\u015ftir; onun \u00e7al\u0131\u015fmalar\u0131ndan sonra ola\u011fan\u00fcst\u00fc g\u00fczel ve okunakl\u0131 bir yaz\u0131 haline gelen nesih, mushaf hatt\u0131 olarak benimsenmi\u015ftir. Etkileri g\u00fcn\u00fcm\u00fcze kadar devam eden bir mektep sahibi olmas\u0131 itibar\u0131yla \u201c\u015eeyh\u00fc\u2019l-hatt\u00e2t\u00een\u201d olarak an\u0131lan \u015eeyh Hamdullah Efendi de hat sanat\u0131n\u0131n zirve \u015fahsiyetlerindendir. Prof. Dr. M. Fatih K\u00f6ksal taraf\u0131ndan, ihtiva etti\u011fi de\u011ferlere yak\u0131\u015f\u0131r bir titizlik ve ciddiyetle ele al\u0131narak g\u00fcn \u0131\u015f\u0131\u011f\u0131na \u00e7\u0131kar\u0131lan bu k\u0131ymetli eser, k\u00f6kleriyle bar\u0131\u015f\u0131k her kitapseverin k\u00fct\u00fcphanesinde mutena bir yer bulacakt\u0131r. <\/p>\n","protected":false},"excerpt":{"rendered":"<p>All\u0101h ad\u0131n \u1e95ikr idel\u00fcm evvel\u0101 V\u0101cib oldur c\u00fcmle i\u015fde her \u1e33ula All\u0101h ad\u0131n her kim ol evvel a\u00f1a Her i\u015fi \u0101s\u0101n ide All\u0101h a\u00f1a Her nefesde<span class=\"excerpt-hellip\"> [\u2026]<\/span><\/p>\n","protected":false},"featured_media":0,"template":"","meta":{"_monsterinsights_skip_tracking":false,"_monsterinsights_sitenote_active":false,"_monsterinsights_sitenote_note":"","_monsterinsights_sitenote_category":0},"product_brand":[],"product_cat":[12718,12719],"product_tag":[],"class_list":{"0":"post-760735","1":"product","2":"type-product","3":"status-publish","5":"product_cat-din","6":"product_cat-islam","7":"pa_cilt-ciltsiz","8":"pa_tur-kitap","9":"pa_yayinevi-vakifbank-kultur-yayinlari","10":"pa_yazar-suleyman-celebi","12":"first","13":"instock","14":"sale","15":"shipping-taxable","16":"purchasable","17":"product-type-simple"},"_links":{"self":[{"href":"https:\/\/roveyayinevi.com.tr\/index.php\/wp-json\/wp\/v2\/product\/760735","targetHints":{"allow":["GET"]}}],"collection":[{"href":"https:\/\/roveyayinevi.com.tr\/index.php\/wp-json\/wp\/v2\/product"}],"about":[{"href":"https:\/\/roveyayinevi.com.tr\/index.php\/wp-json\/wp\/v2\/types\/product"}],"wp:attachment":[{"href":"https:\/\/roveyayinevi.com.tr\/index.php\/wp-json\/wp\/v2\/media?parent=760735"}],"wp:term":[{"taxonomy":"product_brand","embeddable":true,"href":"https:\/\/roveyayinevi.com.tr\/index.php\/wp-json\/wp\/v2\/product_brand?post=760735"},{"taxonomy":"product_cat","embeddable":true,"href":"https:\/\/roveyayinevi.com.tr\/index.php\/wp-json\/wp\/v2\/product_cat?post=760735"},{"taxonomy":"product_tag","embeddable":true,"href":"https:\/\/roveyayinevi.com.tr\/index.php\/wp-json\/wp\/v2\/product_tag?post=760735"}],"curies":[{"name":"wp","href":"https:\/\/api.w.org\/{rel}","templated":true}]}}