{"id":760734,"date":"2025-08-28T09:15:08","date_gmt":"2025-08-28T06:15:08","guid":{"rendered":"https:\/\/roveyayinevi.com.tr\/index.php\/urun\/biyografik-donemec\/"},"modified":"2026-04-16T03:13:32","modified_gmt":"2026-04-16T00:13:32","slug":"biyografik-donemec","status":"publish","type":"product","link":"https:\/\/roveyayinevi.com.tr\/index.php\/urun\/biyografik-donemec\/","title":{"rendered":"Biyografik D\u00f6neme\u00e7"},"content":{"rendered":"<p>Biyografik D\u00f6neme\u00e7, tarih ve sosyal bilimlerde biyografi alan\u0131ndaki geli\u015fmelere \u0131\u015f\u0131k tutan en g\u00fcncel ara\u015ft\u0131rmalar\u0131 bir araya getiriyor. Bu alanda \u00f6nde gelen on be\u015f akademisyen, biyografik perspektifi bir ara\u015ft\u0131rma metodolojisi olarak sunuyor. Biyografi, 1980\u2019lerden bu yana akademik \u00e7evrelerde giderek daha \u00e7ok ra\u011fbet g\u00f6r\u00fcyor. Bu kitap, be\u015fer\u00ee bilimlerin i\u00e7inden ge\u00e7mekte oldu\u011fu biyografik d\u00f6nemecin teorik sonu\u00e7lar\u0131n\u0131 ve imk\u00e2nlar\u0131n\u0131 vurgulamaktad\u0131r. Kitab\u0131n b\u00f6l\u00fcmleri din, \u0131rk, medya ve mikro tarih gibi konular\u0131 ele alarak biyografiyi sadece tarih\u00e7iler i\u00e7in de\u011fil ayn\u0131 zamanda edebiyat, sosyoloji, ekonomi ve siyaset gibi alanlardaki ke\u015fifler i\u00e7in de uygun bir saha olarak sunmakta. Bu kitap tarihsel failli\u011fi, birincil kaynaklar\u0131n kullan\u0131m\u0131 ile ba\u011flam ve tarih yaz\u0131m\u0131n\u0131n ele\u015ftirel analizini vurgulayarak biyografinin bilimsel bir metodoloji olarak nas\u0131l i\u015f g\u00f6rebilece\u011fini g\u00f6stermektedir. 20. y\u00fczy\u0131l tarih yaz\u0131m\u0131nda siyaset, toplum ve iktisat perspektifleri g\u00fc\u00e7 kazand\u0131. Bireyin ge\u00e7mi\u015f \u00fczerinde kal\u0131c\u0131 bir etkiye sahip olabilece\u011fi \u00e7o\u011funlukla g\u00f6z ard\u0131 edildi. Bireysel ya\u015famlar\u0131n tarih anlat\u0131s\u0131 i\u00e7in devletler, kurumlar ve olgular\u0131n tarihi kadar \u00f6nemli olabilece\u011fi bu kitapta ileri s\u00fcr\u00fcl\u00fcyor. Vak\u0131fBank K\u00fclt\u00fcr Yay\u0131nlar\u0131\u2019n\u0131n dilimize kazand\u0131rd\u0131\u011f\u0131 bu eser biyografi, tarih ve tarih teorisi okurlar\u0131 i\u00e7in \u00f6nemli ve de\u011ferli bir kaynakt\u0131r. <\/p>\n","protected":false},"excerpt":{"rendered":"<p>Biyografik D\u00f6neme\u00e7, tarih ve sosyal bilimlerde biyografi alan\u0131ndaki geli\u015fmelere \u0131\u015f\u0131k tutan en g\u00fcncel ara\u015ft\u0131rmalar\u0131 bir araya getiriyor. Bu alanda \u00f6nde gelen on be\u015f akademisyen, biyografik perspektifi<span class=\"excerpt-hellip\"> [\u2026]<\/span><\/p>\n","protected":false},"featured_media":0,"template":"","meta":{"_monsterinsights_skip_tracking":false,"_monsterinsights_sitenote_active":false,"_monsterinsights_sitenote_note":"","_monsterinsights_sitenote_category":0},"product_brand":[],"product_cat":[12304],"product_tag":[],"class_list":{"0":"post-760734","1":"product","2":"type-product","3":"status-publish","5":"product_cat-tarih","6":"pa_cilt-ciltsiz","7":"pa_tur-kitap","8":"pa_yayinevi-vakifbank-kultur-yayinlari","9":"pa_yazar-hans-renders-binne-de-haan-jonne-harmsma","11":"first","12":"instock","13":"sale","14":"shipping-taxable","15":"purchasable","16":"product-type-simple"},"_links":{"self":[{"href":"https:\/\/roveyayinevi.com.tr\/index.php\/wp-json\/wp\/v2\/product\/760734","targetHints":{"allow":["GET"]}}],"collection":[{"href":"https:\/\/roveyayinevi.com.tr\/index.php\/wp-json\/wp\/v2\/product"}],"about":[{"href":"https:\/\/roveyayinevi.com.tr\/index.php\/wp-json\/wp\/v2\/types\/product"}],"wp:attachment":[{"href":"https:\/\/roveyayinevi.com.tr\/index.php\/wp-json\/wp\/v2\/media?parent=760734"}],"wp:term":[{"taxonomy":"product_brand","embeddable":true,"href":"https:\/\/roveyayinevi.com.tr\/index.php\/wp-json\/wp\/v2\/product_brand?post=760734"},{"taxonomy":"product_cat","embeddable":true,"href":"https:\/\/roveyayinevi.com.tr\/index.php\/wp-json\/wp\/v2\/product_cat?post=760734"},{"taxonomy":"product_tag","embeddable":true,"href":"https:\/\/roveyayinevi.com.tr\/index.php\/wp-json\/wp\/v2\/product_tag?post=760734"}],"curies":[{"name":"wp","href":"https:\/\/api.w.org\/{rel}","templated":true}]}}