{"id":760733,"date":"2025-08-28T09:15:06","date_gmt":"2025-08-28T06:15:06","guid":{"rendered":"https:\/\/roveyayinevi.com.tr\/index.php\/urun\/kan-ve-demir\/"},"modified":"2026-04-16T03:13:32","modified_gmt":"2026-04-16T00:13:32","slug":"kan-ve-demir","status":"publish","type":"product","link":"https:\/\/roveyayinevi.com.tr\/index.php\/urun\/kan-ve-demir\/","title":{"rendered":"Kan ve Demir"},"content":{"rendered":"<p>\u201cDevrin b\u00fcy\u00fck meseleleri m\u00fczakerelerle ve \u00e7o\u011funlu\u011fun tercihleriyle de\u011fil, demir ve kanla karara ba\u011flanacak.\u201d Otto von Bismarck \u201cAlmanya\u2019y\u0131 zengin ve umut vaadeden bir gelece\u011fe sahip topraklarda di\u011fer \u00fclkelerle rekabetten d\u0131\u015flaman\u0131n tavsiye edilmeyece\u011fine en ba\u015ftan beridir inan\u0131yoruz. [&#8230;] K\u0131sacas\u0131 kimseyi g\u00f6lgemize d\u00fc\u015f\u00fcrmek istemiyoruz, ama g\u00fcne\u015fteki yerimizi de talep ediyoruz.\u201d   Bernhard von B\u00fclow 1871\u2019den \u00f6nce Almanya hen\u00fcz bir ulus de\u011fil, sadece bir fikirdi. Otto von Bismarck\u2019\u0131n \u00f6n\u00fcnde zorlu bir g\u00f6rev vard\u0131. Otuz dokuz ayr\u0131 devlet tek bir Kayser\u2019in h\u00fckm\u00fc alt\u0131na nas\u0131l girebilirdi? Birle\u015febilse bu gen\u00e7 Avrupa ulusu Britanya ve Fransa imparatorluklar\u0131na rakip olacak g\u00fcce sahip olabilir miydi? Yoksa b\u00f6yle bir gaye bu ulusun sonunu mu getirecekti? Katja Hoyer, modern tarihin ak\u0131\u015f\u0131n\u0131 de\u011fi\u015ftirecek elli y\u0131ll\u0131k bir maceray\u0131 kitab\u0131na konu ediyor. Bismarck\u2019\u0131n Realpolitik\u2019inden II. Wilhelm\u2019in Weltpolitik\u2019ine Alman \u0130mparatorlu\u011fu\u2019nun kan ve demirle ge\u00e7en bir devrini ak\u0131c\u0131 bir \u015fekilde okura sunan bu kitap 20. y\u00fczy\u0131l\u0131n insanl\u0131k felaketlerini anlamak i\u00e7in bir rehber.<\/p>\n","protected":false},"excerpt":{"rendered":"<p>\u201cDevrin b\u00fcy\u00fck meseleleri m\u00fczakerelerle ve \u00e7o\u011funlu\u011fun tercihleriyle de\u011fil, demir ve kanla karara ba\u011flanacak.\u201d Otto von Bismarck \u201cAlmanya\u2019y\u0131 zengin ve umut vaadeden bir gelece\u011fe sahip topraklarda di\u011fer<span class=\"excerpt-hellip\"> [\u2026]<\/span><\/p>\n","protected":false},"featured_media":0,"template":"","meta":{"_monsterinsights_skip_tracking":false,"_monsterinsights_sitenote_active":false,"_monsterinsights_sitenote_note":"","_monsterinsights_sitenote_category":0},"product_brand":[],"product_cat":[12304],"product_tag":[],"class_list":{"0":"post-760733","1":"product","2":"type-product","3":"status-publish","5":"product_cat-tarih","6":"pa_cilt-ciltsiz","7":"pa_tur-kitap","8":"pa_yayinevi-vakifbank-kultur-yayinlari","9":"pa_yazar-katja-hoyer","11":"first","12":"instock","13":"sale","14":"shipping-taxable","15":"purchasable","16":"product-type-simple"},"_links":{"self":[{"href":"https:\/\/roveyayinevi.com.tr\/index.php\/wp-json\/wp\/v2\/product\/760733","targetHints":{"allow":["GET"]}}],"collection":[{"href":"https:\/\/roveyayinevi.com.tr\/index.php\/wp-json\/wp\/v2\/product"}],"about":[{"href":"https:\/\/roveyayinevi.com.tr\/index.php\/wp-json\/wp\/v2\/types\/product"}],"wp:attachment":[{"href":"https:\/\/roveyayinevi.com.tr\/index.php\/wp-json\/wp\/v2\/media?parent=760733"}],"wp:term":[{"taxonomy":"product_brand","embeddable":true,"href":"https:\/\/roveyayinevi.com.tr\/index.php\/wp-json\/wp\/v2\/product_brand?post=760733"},{"taxonomy":"product_cat","embeddable":true,"href":"https:\/\/roveyayinevi.com.tr\/index.php\/wp-json\/wp\/v2\/product_cat?post=760733"},{"taxonomy":"product_tag","embeddable":true,"href":"https:\/\/roveyayinevi.com.tr\/index.php\/wp-json\/wp\/v2\/product_tag?post=760733"}],"curies":[{"name":"wp","href":"https:\/\/api.w.org\/{rel}","templated":true}]}}