{"id":760731,"date":"2025-08-28T09:15:03","date_gmt":"2025-08-28T06:15:03","guid":{"rendered":"https:\/\/roveyayinevi.com.tr\/index.php\/urun\/iyilestirici-hikaye-anlatimi\/"},"modified":"2026-04-16T03:13:32","modified_gmt":"2026-04-16T00:13:32","slug":"iyilestirici-hikaye-anlatimi","status":"publish","type":"product","link":"https:\/\/roveyayinevi.com.tr\/index.php\/urun\/iyilestirici-hikaye-anlatimi\/","title":{"rendered":"\u0130yile\u015ftirici Hikaye Anlat\u0131m\u0131"},"content":{"rendered":"<p>21. y\u00fczy\u0131l, b\u00fcy\u00fck bir zorluk ve belirsizlik zaman\u0131d\u0131r. \u00c7ocuklar\u0131m\u0131z\u0131 ve gen\u00e7lerimizi b\u00f6yle belirsiz geleceklere haz\u0131rlamak i\u00e7in onlara ne sunabiliriz? Mevcut de\u011fi\u015fim h\u0131z\u0131na ayak uydurmak ve yaratt\u0131\u011f\u0131 zorlay\u0131c\u0131 durumlara \u00e7\u00f6z\u00fcmler bulmak olduk\u00e7a zor. Ancak k\u00fc\u00e7\u00fck \u00e7ocuklar\u0131n ve daha b\u00fcy\u00fck \u00e7ocuklar\u0131n da her \u015feyden \u00e7ok ihtiya\u00e7 duydu\u011fu \u015fey, ebeveynlerinin kuca\u011f\u0131na ya da ayaklar\u0131n\u0131n dibine oturmak ve onlar\u0131n anlatt\u0131\u011f\u0131 hik\u00e2yeleri dinlemektir. Hik\u00e2yeler, \u00e7ocuklar\u0131n yeniden kalpleriyle ba\u011f kurmas\u0131n\u0131 sa\u011flayabilir. Bu, kendi i\u00e7inde iyile\u015ftiricidir. Bu kitab\u0131n amac\u0131 iki y\u00f6nl\u00fcd\u00fcr: kendi iyile\u015ftirici hik\u00e2ye yazma s\u00fcrecinizde yard\u0131mc\u0131 olmak ve sizinle, zorlay\u0131c\u0131 durumlar\u0131 ele alma ile karakteri besleme ve olu\u015fturma potansiyeli olan tamamlanm\u0131\u015f hik\u00e2ye \u00f6rneklerini payla\u015fmak. \u0130kinci k\u0131s\u0131m ise bu t\u00fcr \u00e7al\u0131\u015fmalar\u0131n meyvelerini sunar: \u00e7ocuklardaki her t\u00fcrl\u00fc zorlay\u0131c\u0131 davran\u0131\u015f ve durumlar\u0131 de\u011fi\u015ftirmek i\u00e7in 101 iyile\u015ftirici hik\u00e2ye. \u0130yile\u015ftirici Hik\u00e2ye Anlat\u0131m\u0131 \u00e7ocuklar\u0131n hayatlar\u0131n\u0131 de\u011fi\u015ftirecek ve ayn\u0131 zamanda okuyan yeti\u015fkinlere daha fazla iyile\u015ftirici hik\u00e2ye yaratmalar\u0131 ve anlatmalar\u0131 i\u00e7in gereken ilham\u0131 verecektir. <\/p>\n","protected":false},"excerpt":{"rendered":"<p>21. y\u00fczy\u0131l, b\u00fcy\u00fck bir zorluk ve belirsizlik zaman\u0131d\u0131r. \u00c7ocuklar\u0131m\u0131z\u0131 ve gen\u00e7lerimizi b\u00f6yle belirsiz geleceklere haz\u0131rlamak i\u00e7in onlara ne sunabiliriz? Mevcut de\u011fi\u015fim h\u0131z\u0131na ayak uydurmak ve yaratt\u0131\u011f\u0131<span class=\"excerpt-hellip\"> [\u2026]<\/span><\/p>\n","protected":false},"featured_media":0,"template":"","meta":{"_monsterinsights_skip_tracking":false,"_monsterinsights_sitenote_active":false,"_monsterinsights_sitenote_note":"","_monsterinsights_sitenote_category":0},"product_brand":[],"product_cat":[18545,12291],"product_tag":[],"class_list":{"0":"post-760731","1":"product","2":"type-product","3":"status-publish","5":"product_cat-anlati","6":"product_cat-edebiyat","7":"pa_cilt-ciltsiz","8":"pa_tur-kitap","9":"pa_yayinevi-ucuncu-goz","10":"pa_yazar-susan-perrow","12":"first","13":"instock","14":"sale","15":"shipping-taxable","16":"purchasable","17":"product-type-simple"},"_links":{"self":[{"href":"https:\/\/roveyayinevi.com.tr\/index.php\/wp-json\/wp\/v2\/product\/760731","targetHints":{"allow":["GET"]}}],"collection":[{"href":"https:\/\/roveyayinevi.com.tr\/index.php\/wp-json\/wp\/v2\/product"}],"about":[{"href":"https:\/\/roveyayinevi.com.tr\/index.php\/wp-json\/wp\/v2\/types\/product"}],"wp:attachment":[{"href":"https:\/\/roveyayinevi.com.tr\/index.php\/wp-json\/wp\/v2\/media?parent=760731"}],"wp:term":[{"taxonomy":"product_brand","embeddable":true,"href":"https:\/\/roveyayinevi.com.tr\/index.php\/wp-json\/wp\/v2\/product_brand?post=760731"},{"taxonomy":"product_cat","embeddable":true,"href":"https:\/\/roveyayinevi.com.tr\/index.php\/wp-json\/wp\/v2\/product_cat?post=760731"},{"taxonomy":"product_tag","embeddable":true,"href":"https:\/\/roveyayinevi.com.tr\/index.php\/wp-json\/wp\/v2\/product_tag?post=760731"}],"curies":[{"name":"wp","href":"https:\/\/api.w.org\/{rel}","templated":true}]}}