{"id":760729,"date":"2025-08-28T09:14:58","date_gmt":"2025-08-28T06:14:58","guid":{"rendered":"https:\/\/roveyayinevi.com.tr\/index.php\/urun\/zorlayici-davranislar-icin-iyilestirici-hikayeler\/"},"modified":"2026-04-16T03:13:32","modified_gmt":"2026-04-16T00:13:32","slug":"zorlayici-davranislar-icin-iyilestirici-hikayeler","status":"publish","type":"product","link":"https:\/\/roveyayinevi.com.tr\/index.php\/urun\/zorlayici-davranislar-icin-iyilestirici-hikayeler\/","title":{"rendered":"Zorlay\u0131c\u0131 Davran\u0131\u015flar \u0130\u00e7in \u0130yile\u015ftirici Hikayeler"},"content":{"rendered":"<p>Susan Perrow, hik\u00e2yelerin sihirli g\u00fcc\u00fcn\u00fc kullanarak \u00e7ocukluk d\u00f6neminde kar\u015f\u0131la\u015f\u0131lan zor durumlar\u0131 iyile\u015ftirmenin ve \u00e7\u00f6zmenin yarat\u0131c\u0131 bir yolunu sunuyor. Zorlay\u0131c\u0131 Davran\u0131\u015flar \u0130\u00e7in \u0130yile\u015ftirici Hik\u00e2yeler, Perrow\u2019un iyile\u015ftirici hik\u00e2yecilik alan\u0131ndaki derin deneyimlerini i\u00e7eriyor ve ebeveynlere, \u00f6\u011fretmenlere ve hik\u00e2ye anlat\u0131c\u0131lar\u0131na rehberlik ediyor. Elinizdeki kitap, ayr\u0131l\u0131k kayg\u0131s\u0131, zorbal\u0131k, karde\u015f rekabeti, k\u00e2buslar ve yas gibi zorlay\u0131c\u0131 davran\u0131\u015flar ve durumlarla ba\u015fa \u00e7\u0131kmak i\u00e7in g\u00fc\u00e7l\u00fc ve etkili hik\u00e2yelerle dolu. Susan Perrow, her bir hik\u00e2yenin arkas\u0131nda yatan iyile\u015ftirici de\u011feri a\u00e7\u0131kl\u0131yor ve okuyuculara kendi hik\u00e2yelerini olu\u015fturmak i\u00e7in kullanabilecekleri bir model sunuyor. \u0130yile\u015ftirici hik\u00e2ye anlat\u0131m\u0131n\u0131n temelini atmak, zor davran\u0131\u015flar\u0131 de\u011ferlendirmek ve istenen \u00e7\u00f6z\u00fcm\u00fc belirlemek i\u00e7in pratik kontrol listeleri ve y\u00f6nergeler de i\u00e7eren bu kitap, hik\u00e2yeleri farkl\u0131 ya\u015f gruplar\u0131 ve k\u00fclt\u00fcrler i\u00e7in uyarlamak isteyenlere de rehberlik eden kapsaml\u0131 bir kaynak niteli\u011fini ta\u015f\u0131yor. Susan Perrow\u2019un Zorlay\u0131c\u0131 Davran\u0131\u015flar \u0130\u00e7in \u0130yile\u015ftirici Hik\u00e2yeler\u2019i zorluklarla dolu anlarda g\u00fc\u00e7l\u00fc bir destek ve ilham kayna\u011f\u0131\u2026 Hik\u00e2yelerin iyile\u015ftirici g\u00fcc\u00fcyle tan\u0131\u015f\u0131n ve \u00e7ocuklar\u0131n\u0131z\u0131n ya\u015fam\u0131nda olumlu de\u011fi\u015fimlere kap\u0131 aralay\u0131n. <\/p>\n","protected":false},"excerpt":{"rendered":"<p>Susan Perrow, hik\u00e2yelerin sihirli g\u00fcc\u00fcn\u00fc kullanarak \u00e7ocukluk d\u00f6neminde kar\u015f\u0131la\u015f\u0131lan zor durumlar\u0131 iyile\u015ftirmenin ve \u00e7\u00f6zmenin yarat\u0131c\u0131 bir yolunu sunuyor. Zorlay\u0131c\u0131 Davran\u0131\u015flar \u0130\u00e7in \u0130yile\u015ftirici Hik\u00e2yeler, Perrow\u2019un iyile\u015ftirici hik\u00e2yecilik<span class=\"excerpt-hellip\"> [\u2026]<\/span><\/p>\n","protected":false},"featured_media":0,"template":"","meta":{"_monsterinsights_skip_tracking":false,"_monsterinsights_sitenote_active":false,"_monsterinsights_sitenote_note":"","_monsterinsights_sitenote_category":0},"product_brand":[],"product_cat":[18545,12291],"product_tag":[],"class_list":{"0":"post-760729","1":"product","2":"type-product","3":"status-publish","5":"product_cat-anlati","6":"product_cat-edebiyat","7":"pa_cilt-ciltsiz","8":"pa_tur-kitap","9":"pa_yayinevi-ucuncu-goz","10":"pa_yazar-susan-perrow","12":"first","13":"instock","14":"sale","15":"shipping-taxable","16":"purchasable","17":"product-type-simple"},"_links":{"self":[{"href":"https:\/\/roveyayinevi.com.tr\/index.php\/wp-json\/wp\/v2\/product\/760729","targetHints":{"allow":["GET"]}}],"collection":[{"href":"https:\/\/roveyayinevi.com.tr\/index.php\/wp-json\/wp\/v2\/product"}],"about":[{"href":"https:\/\/roveyayinevi.com.tr\/index.php\/wp-json\/wp\/v2\/types\/product"}],"wp:attachment":[{"href":"https:\/\/roveyayinevi.com.tr\/index.php\/wp-json\/wp\/v2\/media?parent=760729"}],"wp:term":[{"taxonomy":"product_brand","embeddable":true,"href":"https:\/\/roveyayinevi.com.tr\/index.php\/wp-json\/wp\/v2\/product_brand?post=760729"},{"taxonomy":"product_cat","embeddable":true,"href":"https:\/\/roveyayinevi.com.tr\/index.php\/wp-json\/wp\/v2\/product_cat?post=760729"},{"taxonomy":"product_tag","embeddable":true,"href":"https:\/\/roveyayinevi.com.tr\/index.php\/wp-json\/wp\/v2\/product_tag?post=760729"}],"curies":[{"name":"wp","href":"https:\/\/api.w.org\/{rel}","templated":true}]}}