{"id":760728,"date":"2025-08-28T09:14:57","date_gmt":"2025-08-28T06:14:57","guid":{"rendered":"https:\/\/roveyayinevi.com.tr\/index.php\/urun\/gaslighting\/"},"modified":"2026-04-16T03:13:32","modified_gmt":"2026-04-16T00:13:32","slug":"gaslighting","status":"publish","type":"product","link":"https:\/\/roveyayinevi.com.tr\/index.php\/urun\/gaslighting\/","title":{"rendered":"Gaslighting"},"content":{"rendered":"<p>Sevgili okuyucu, bu kitab\u0131 se\u00e7ti\u011fin i\u00e7in \u00e7ok mutluyum. Ayn\u0131 zamanda biraz da \u00fczg\u00fcn\u00fcm \u00e7\u00fcnk\u00fc bu kitab\u0131 okuman, seni tam olarak tatmin etmeyen, kafa kar\u0131\u015f\u0131kl\u0131\u011f\u0131, incinme ve \u015f\u00fcpheyle \u00f6r\u00fclm\u00fc\u015f, sevgi ve ba\u011fl\u0131l\u0131k kar\u0131\u015f\u0131m\u0131 duygular hissediyor olabilece\u011fin bir ili\u015fki i\u00e7inde oldu\u011funu g\u00f6sterir. Belki manip\u00fcle edildi\u011fini, \u00f6fkelendi\u011fini ve utand\u0131\u011f\u0131n\u0131 hissediyorsun ama yine de sorunun ne oldu\u011funu belirleyemiyorsun. Fakat bu kitab\u0131 okumaya karar verme cesaretin, hayat\u0131n\u0131 ve ili\u015fkilerini iyi y\u00f6nde de\u011fi\u015ftirmende \u00f6nemli bir ad\u0131m olabilir\u2026 Tabii ondan \u00f6nce, iyile\u015fme ve de\u011fi\u015fimin ilk ad\u0131m\u0131 olan \u201chayat\u0131nda olup bitenleri tespit etme cesaretini\u201d de g\u00f6sterebilmelisin. \u201cGaslighting nedir?\u201d, \u201cKimler gaslighting uygular?\u201d ve \u201cYa\u015fad\u0131\u011f\u0131n \u015fey ger\u00e7ekten bir gaslighting mi?\u201d Ne hissetti\u011fini tan\u0131mlayam\u0131yorsan, duygusal olarak yorgunsan ve karanl\u0131k bir \u00e7\u0131kmazda s\u00fcr\u00fcklendi\u011fini hissediyorsan bu kitap tam sana g\u00f6re! Gaslighting ile ilgili merak etti\u011fin her \u015feyi ve onunla yedi ad\u0131mda ba\u015fa \u00e7\u0131kmay\u0131 \u00f6\u011frenmek i\u00e7in kapa\u011f\u0131 \u00e7evir, sessiz ve sakin bir yere ge\u00e7, kendinle ba\u015f ba\u015fa kal. Kan\u0131tlanm\u0131\u015f teknikler ve a\u00e7\u0131klay\u0131c\u0131 kurgusal hik\u00e2yeler kullanan bu kitap senin; bilgiyle, \u00f6zg\u00fcvenle, ili\u015fkilerde ve d\u00fcnyada benlik duygunu geri kazand\u0131racak pratik ad\u0131mlarla g\u00fc\u00e7lenmene yard\u0131mc\u0131 olacakt\u0131r. Geli\u015fmeye ve iyile\u015fmeye devam etmek i\u00e7in daima zaman vard\u0131r. Haz\u0131r oldu\u011funda bir nefes al ve daha fazla ge\u00e7 kalmadan ba\u015flayal\u0131m! <\/p>\n","protected":false},"excerpt":{"rendered":"<p>Sevgili okuyucu, bu kitab\u0131 se\u00e7ti\u011fin i\u00e7in \u00e7ok mutluyum. Ayn\u0131 zamanda biraz da \u00fczg\u00fcn\u00fcm \u00e7\u00fcnk\u00fc bu kitab\u0131 okuman, seni tam olarak tatmin etmeyen, kafa kar\u0131\u015f\u0131kl\u0131\u011f\u0131, incinme ve<span class=\"excerpt-hellip\"> [\u2026]<\/span><\/p>\n","protected":false},"featured_media":0,"template":"","meta":{"_monsterinsights_skip_tracking":false,"_monsterinsights_sitenote_active":false,"_monsterinsights_sitenote_note":"","_monsterinsights_sitenote_category":0},"product_brand":[],"product_cat":[12357],"product_tag":[],"class_list":{"0":"post-760728","1":"product","2":"type-product","3":"status-publish","5":"product_cat-psikoloji","6":"pa_cilt-ciltsiz","7":"pa_tur-kitap","8":"pa_yayinevi-ucuncu-goz","9":"pa_yazar-deborah-vinall","11":"first","12":"instock","13":"sale","14":"shipping-taxable","15":"purchasable","16":"product-type-simple"},"_links":{"self":[{"href":"https:\/\/roveyayinevi.com.tr\/index.php\/wp-json\/wp\/v2\/product\/760728","targetHints":{"allow":["GET"]}}],"collection":[{"href":"https:\/\/roveyayinevi.com.tr\/index.php\/wp-json\/wp\/v2\/product"}],"about":[{"href":"https:\/\/roveyayinevi.com.tr\/index.php\/wp-json\/wp\/v2\/types\/product"}],"wp:attachment":[{"href":"https:\/\/roveyayinevi.com.tr\/index.php\/wp-json\/wp\/v2\/media?parent=760728"}],"wp:term":[{"taxonomy":"product_brand","embeddable":true,"href":"https:\/\/roveyayinevi.com.tr\/index.php\/wp-json\/wp\/v2\/product_brand?post=760728"},{"taxonomy":"product_cat","embeddable":true,"href":"https:\/\/roveyayinevi.com.tr\/index.php\/wp-json\/wp\/v2\/product_cat?post=760728"},{"taxonomy":"product_tag","embeddable":true,"href":"https:\/\/roveyayinevi.com.tr\/index.php\/wp-json\/wp\/v2\/product_tag?post=760728"}],"curies":[{"name":"wp","href":"https:\/\/api.w.org\/{rel}","templated":true}]}}