{"id":760726,"date":"2025-08-28T09:14:53","date_gmt":"2025-08-28T06:14:53","guid":{"rendered":"https:\/\/roveyayinevi.com.tr\/index.php\/urun\/ud-calan-kadinlar\/"},"modified":"2026-04-16T03:13:32","modified_gmt":"2026-04-16T00:13:32","slug":"ud-calan-kadinlar","status":"publish","type":"product","link":"https:\/\/roveyayinevi.com.tr\/index.php\/urun\/ud-calan-kadinlar\/","title":{"rendered":"Ud \u00c7alan Kad\u0131nlar"},"content":{"rendered":"<p>\u0130stanbul\u2019un yak\u0131n tarihine, yeme-i\u00e7me k\u00fclt\u00fcr\u00fcne, eski-yeni ve gelecekteki insan\u0131na dokunan bir hayat kitab\u0131: Ud \u00c7alan Kad\u0131nlar \u2013 Sana Michelin\u2019li Sofralardan Bakt\u0131m Aziz \u0130stanbul.   Reha Tan\u00f6r, d\u00fcnyan\u0131n en tipik k\u00f6pr\u00fclerinden biri say\u0131lan Galata K\u00f6pr\u00fcs\u00fc\u2019nden \u00fcnl\u00fc Camondo Merdivenleri\u2019ne, Fatih-Harbiye\u2019deki Neriman\u2019\u0131n udla tango aras\u0131ndaki gelgitinden darbe d\u00f6nemlerinde yaralanan benliklerimize kadar; d\u00fcn\u00fc, bug\u00fcn\u00fc ve yar\u0131n\u0131, lezzetli sohbet sofralar\u0131nda de\u011ferlendirdi\u011fi denemeleriyle \u00e7\u0131k\u0131yor okur kar\u015f\u0131s\u0131na. T\u00fcrkiye\u2019de gelece\u011fi kuracak kad\u0131nlar\u0131n niteliklerini, ekonomik \u00e7aresizli\u011fin kad\u0131n-erkek e\u015fitsizli\u011fini nas\u0131l y\u0131kaca\u011f\u0131n\u0131; k\u00fclt\u00fcre, tarihe ve mizaha dokunan kalemiyle i\u015fliyor sayfalar\u0131nda.   \u201c\u2018Ben du\u0308n gece hovardal\u0131kta idim. Maksim\u2019e gittim, para yedim.\u2019 \u2018Kimmi\u015f bu hovarda?\u2019 \u2018Neriman.\u2019 \u2018Neriman m\u0131?\u2019 \u2018Evet Kerimcan ya da \u0130rfancan falan de\u011fil, Neriman.\u2019 \u2018Kime s\u00f6ylemi\u015f?\u2019 \u2018Evlenmeye haz\u0131rland\u0131\u011f\u0131 \u015einasi\u2019ye. \u00dcstelik eklemi\u015f, Macit\u2019le beraberdik, diye.\u2019 \u2018Yok can\u0131m? Sen nereden biliyorsun?\u2019 \u2018Fatih-Harbiye tramvay\u0131nda \u00f6\u011frendim.\u2019\u201d <\/p>\n","protected":false},"excerpt":{"rendered":"<p>\u0130stanbul\u2019un yak\u0131n tarihine, yeme-i\u00e7me k\u00fclt\u00fcr\u00fcne, eski-yeni ve gelecekteki insan\u0131na dokunan bir hayat kitab\u0131: Ud \u00c7alan Kad\u0131nlar \u2013 Sana Michelin\u2019li Sofralardan Bakt\u0131m Aziz \u0130stanbul. Reha Tan\u00f6r, d\u00fcnyan\u0131n<span class=\"excerpt-hellip\"> [\u2026]<\/span><\/p>\n","protected":false},"featured_media":0,"template":"","meta":{"_monsterinsights_skip_tracking":false,"_monsterinsights_sitenote_active":false,"_monsterinsights_sitenote_note":"","_monsterinsights_sitenote_category":0},"product_brand":[],"product_cat":[12777,12291],"product_tag":[],"class_list":{"0":"post-760726","1":"product","2":"type-product","3":"status-publish","5":"product_cat-deneme","6":"product_cat-edebiyat","7":"pa_cilt-ciltsiz","8":"pa_tur-kitap","9":"pa_yayinevi-ithaki-yayinlari","10":"pa_yazar-reha-tanor","12":"first","13":"instock","14":"sale","15":"shipping-taxable","16":"purchasable","17":"product-type-simple"},"_links":{"self":[{"href":"https:\/\/roveyayinevi.com.tr\/index.php\/wp-json\/wp\/v2\/product\/760726","targetHints":{"allow":["GET"]}}],"collection":[{"href":"https:\/\/roveyayinevi.com.tr\/index.php\/wp-json\/wp\/v2\/product"}],"about":[{"href":"https:\/\/roveyayinevi.com.tr\/index.php\/wp-json\/wp\/v2\/types\/product"}],"wp:attachment":[{"href":"https:\/\/roveyayinevi.com.tr\/index.php\/wp-json\/wp\/v2\/media?parent=760726"}],"wp:term":[{"taxonomy":"product_brand","embeddable":true,"href":"https:\/\/roveyayinevi.com.tr\/index.php\/wp-json\/wp\/v2\/product_brand?post=760726"},{"taxonomy":"product_cat","embeddable":true,"href":"https:\/\/roveyayinevi.com.tr\/index.php\/wp-json\/wp\/v2\/product_cat?post=760726"},{"taxonomy":"product_tag","embeddable":true,"href":"https:\/\/roveyayinevi.com.tr\/index.php\/wp-json\/wp\/v2\/product_tag?post=760726"}],"curies":[{"name":"wp","href":"https:\/\/api.w.org\/{rel}","templated":true}]}}