{"id":760724,"date":"2025-08-28T09:14:50","date_gmt":"2025-08-28T06:14:50","guid":{"rendered":"https:\/\/roveyayinevi.com.tr\/index.php\/urun\/yilan-ve-gecenin-kanatlari-ciltli\/"},"modified":"2026-04-16T03:13:32","modified_gmt":"2026-04-16T00:13:32","slug":"yilan-ve-gecenin-kanatlari-ciltli","status":"publish","type":"product","link":"https:\/\/roveyayinevi.com.tr\/index.php\/urun\/yilan-ve-gecenin-kanatlari-ciltli\/","title":{"rendered":"Y\u0131lan ve Gecenin Kanatlar\u0131 (Ciltli)"},"content":{"rendered":"<p>GECEDO\u011eAN D\u00dcET\u0130 1 Gecedo\u011fan vampir kral\u0131n\u0131n evlatl\u0131k insan k\u0131z\u0131 Oraya, onu \u00f6ld\u00fcrmek i\u00e7in tasarlanm\u0131\u015f bir d\u00fcnyadaki yerini zorla kazanmak zorundayd\u0131. Avdan daha fazlas\u0131 olmak i\u00e7in tek \u015fans\u0131, bizzat \u00f6l\u00fcm tanr\u0131\u00e7as\u0131n\u0131n d\u00fczenledi\u011fi efsanevi bir turnuva olan Kejari&#8217;ye kat\u0131lmakt\u0131. Ancak \u00fc\u00e7 vampir hanesinin en ac\u0131mas\u0131z sava\u015f\u00e7\u0131lar\u0131 aras\u0131ndayken kazanmak kolay de\u011fildi. Oraya, hayatta kalabilmek i\u00e7in gizemli bir rakiple ittifak yapmak zorunda kalm\u0131\u015ft\u0131.   Raihn ac\u0131mas\u0131z bir vampir ve becerikli bir katildi, ayr\u0131ca Oraya&#8217;n\u0131n babas\u0131n\u0131n taht\u0131n\u0131n d\u00fc\u015fman\u0131yd\u0131. Fakat Oraya&#8217;y\u0131 en \u00e7ok korkutan \u015fey, adama tuhaf bir \u015fekilde kap\u0131ld\u0131\u011f\u0131n\u0131 hissetmesiydi.   Ama Kejari&#8217;de merhamete yer yoktu. Gece Hanesi i\u00e7in yakla\u015fan sava\u015f, Oraya&#8217;n\u0131n evine dair bildi\u011fini sand\u0131\u011f\u0131 her \u015feyi yerle bir ediyordu. Raihn onu herkesten daha iyi anl\u0131yor olsa bile, hi\u00e7bir \u015feyin a\u015fktan daha \u00f6l\u00fcmc\u00fcl olmad\u0131\u011f\u0131 bir krall\u0131kta aralar\u0131nda filizlenen duygular Oraya&#8217;n\u0131n sonu olabilirdi.<\/p>\n","protected":false},"excerpt":{"rendered":"<p>GECEDO\u011eAN D\u00dcET\u0130 1 Gecedo\u011fan vampir kral\u0131n\u0131n evlatl\u0131k insan k\u0131z\u0131 Oraya, onu \u00f6ld\u00fcrmek i\u00e7in tasarlanm\u0131\u015f bir d\u00fcnyadaki yerini zorla kazanmak zorundayd\u0131. Avdan daha fazlas\u0131 olmak i\u00e7in tek<span class=\"excerpt-hellip\"> [\u2026]<\/span><\/p>\n","protected":false},"featured_media":0,"template":"","meta":{"_monsterinsights_skip_tracking":false,"_monsterinsights_sitenote_active":false,"_monsterinsights_sitenote_note":"","_monsterinsights_sitenote_category":0},"product_brand":[],"product_cat":[12291,14777],"product_tag":[],"class_list":{"0":"post-760724","1":"product","2":"type-product","3":"status-publish","5":"product_cat-edebiyat","6":"product_cat-fantastik","7":"pa_cilt-ciltli","8":"pa_tur-kitap","9":"pa_yayinevi-marti-yayinlari","10":"pa_yazar-carissa-broadbent","12":"first","13":"instock","14":"sale","15":"shipping-taxable","16":"purchasable","17":"product-type-simple"},"_links":{"self":[{"href":"https:\/\/roveyayinevi.com.tr\/index.php\/wp-json\/wp\/v2\/product\/760724","targetHints":{"allow":["GET"]}}],"collection":[{"href":"https:\/\/roveyayinevi.com.tr\/index.php\/wp-json\/wp\/v2\/product"}],"about":[{"href":"https:\/\/roveyayinevi.com.tr\/index.php\/wp-json\/wp\/v2\/types\/product"}],"wp:attachment":[{"href":"https:\/\/roveyayinevi.com.tr\/index.php\/wp-json\/wp\/v2\/media?parent=760724"}],"wp:term":[{"taxonomy":"product_brand","embeddable":true,"href":"https:\/\/roveyayinevi.com.tr\/index.php\/wp-json\/wp\/v2\/product_brand?post=760724"},{"taxonomy":"product_cat","embeddable":true,"href":"https:\/\/roveyayinevi.com.tr\/index.php\/wp-json\/wp\/v2\/product_cat?post=760724"},{"taxonomy":"product_tag","embeddable":true,"href":"https:\/\/roveyayinevi.com.tr\/index.php\/wp-json\/wp\/v2\/product_tag?post=760724"}],"curies":[{"name":"wp","href":"https:\/\/api.w.org\/{rel}","templated":true}]}}