{"id":760723,"date":"2025-08-28T09:14:48","date_gmt":"2025-08-28T06:14:48","guid":{"rendered":"https:\/\/roveyayinevi.com.tr\/index.php\/urun\/kirik-nar\/"},"modified":"2026-04-16T03:13:32","modified_gmt":"2026-04-16T00:13:32","slug":"kirik-nar","status":"publish","type":"product","link":"https:\/\/roveyayinevi.com.tr\/index.php\/urun\/kirik-nar\/","title":{"rendered":"K\u0131r\u0131k Nar"},"content":{"rendered":"<p>\u201cSofralar\u0131m\u0131z boylu boyunca muhabbet, geceler bize hep k\u0131sa ve y\u0131ld\u0131zlar yery\u00fcz\u00fcne alabildi\u011fine yak\u0131nd\u0131; \u0131\u015f\u0131klar\u0131 ayaklar\u0131m\u0131z\u0131n alt\u0131nda p\u00fcr bir denizin sakin dalgalar\u0131 gibi boylu boyunca s\u00fcz\u00fcl\u00fcrd\u00fc y\u0131ld\u0131zlardan yere. Hi\u00e7bir gece karanl\u0131k de\u011fildi \u015fimdiki kadar. Y\u00fcre\u011fimizin \u0131\u015f\u0131klar\u0131 s\u00f6nmemi\u015fti. Bir nar\u0131 elinizle b\u00f6ld\u00fc\u011f\u00fcn\u00fczde, i\u00e7inde yan yana dizilmi\u015f k\u0131z\u0131l haneler g\u00f6r\u00fcrs\u00fcn\u00fcz. Sevgi gibi canl\u0131, yara gibi k\u0131rm\u0131z\u0131 ama hepsi bir arada. Tam da \u00f6yleydik i\u015fte, yan yanayd\u0131k ve \u00e7oktuk. S\u0131rt s\u0131rta verdi\u011fimizde asla yere d\u00f6k\u00fclmezdik hi\u00e7birimiz. \u00c7ok derinden bir yel esti, talan vurdu bah\u00e7eme. Sofralar\u0131m da\u011f\u0131ld\u0131, y\u0131ld\u0131zlar\u0131m d\u00f6k\u00fcld\u00fc, nar bah\u00e7emde ku\u015flar sustu. G\u00f6zya\u015flar\u0131m yanaklar\u0131mda kurudu.\u201d <\/p>\n","protected":false},"excerpt":{"rendered":"<p>\u201cSofralar\u0131m\u0131z boylu boyunca muhabbet, geceler bize hep k\u0131sa ve y\u0131ld\u0131zlar yery\u00fcz\u00fcne alabildi\u011fine yak\u0131nd\u0131; \u0131\u015f\u0131klar\u0131 ayaklar\u0131m\u0131z\u0131n alt\u0131nda p\u00fcr bir denizin sakin dalgalar\u0131 gibi boylu boyunca s\u00fcz\u00fcl\u00fcrd\u00fc y\u0131ld\u0131zlardan<span class=\"excerpt-hellip\"> [\u2026]<\/span><\/p>\n","protected":false},"featured_media":0,"template":"","meta":{"_monsterinsights_skip_tracking":false,"_monsterinsights_sitenote_active":false,"_monsterinsights_sitenote_note":"","_monsterinsights_sitenote_category":0},"product_brand":[],"product_cat":[12291,12509],"product_tag":[],"class_list":{"0":"post-760723","1":"product","2":"type-product","3":"status-publish","5":"product_cat-edebiyat","6":"product_cat-siir","7":"pa_cilt-ciltsiz","8":"pa_tur-kitap","9":"pa_yayinevi-kirk-yayinevi","10":"pa_yazar-basak-akgun-akil","12":"first","13":"instock","14":"sale","15":"shipping-taxable","16":"purchasable","17":"product-type-simple"},"_links":{"self":[{"href":"https:\/\/roveyayinevi.com.tr\/index.php\/wp-json\/wp\/v2\/product\/760723","targetHints":{"allow":["GET"]}}],"collection":[{"href":"https:\/\/roveyayinevi.com.tr\/index.php\/wp-json\/wp\/v2\/product"}],"about":[{"href":"https:\/\/roveyayinevi.com.tr\/index.php\/wp-json\/wp\/v2\/types\/product"}],"wp:attachment":[{"href":"https:\/\/roveyayinevi.com.tr\/index.php\/wp-json\/wp\/v2\/media?parent=760723"}],"wp:term":[{"taxonomy":"product_brand","embeddable":true,"href":"https:\/\/roveyayinevi.com.tr\/index.php\/wp-json\/wp\/v2\/product_brand?post=760723"},{"taxonomy":"product_cat","embeddable":true,"href":"https:\/\/roveyayinevi.com.tr\/index.php\/wp-json\/wp\/v2\/product_cat?post=760723"},{"taxonomy":"product_tag","embeddable":true,"href":"https:\/\/roveyayinevi.com.tr\/index.php\/wp-json\/wp\/v2\/product_tag?post=760723"}],"curies":[{"name":"wp","href":"https:\/\/api.w.org\/{rel}","templated":true}]}}