{"id":760722,"date":"2025-08-28T09:14:46","date_gmt":"2025-08-28T06:14:46","guid":{"rendered":"https:\/\/roveyayinevi.com.tr\/index.php\/urun\/dilimden-dokulen-kelime-dinim-devletim-vatanim-milletim\/"},"modified":"2026-04-16T03:13:32","modified_gmt":"2026-04-16T00:13:32","slug":"dilimden-dokulen-kelime-dinim-devletim-vatanim-milletim","status":"publish","type":"product","link":"https:\/\/roveyayinevi.com.tr\/index.php\/urun\/dilimden-dokulen-kelime-dinim-devletim-vatanim-milletim\/","title":{"rendered":"Dilimden D\u00f6k\u00fclen Kelime Dinim, Devletim, Vatan\u0131m, Milletim"},"content":{"rendered":"<p>Ruhumdan kalbime, Kalbimden Dilime, Dilimden D\u00f6k\u00fclen Kelime Dinim, Devletim, Vatan\u0131m, Milletim   Okuman\u0131z Dile\u011fiyle     Kalbimden ge\u00e7eni bilir beni yaratan, Hak \u0130lahi Peygamber efendimizin yolu, Hakk\u2019\u0131n terazisi Hakk&#8217;\u0131n terazisini yayan, Hz. \u00d6mer dinin halifesi Hz. \u00d6mer\u2019e olan sevgim b\u00fcy\u00fck, \u015fa\u015fmaz adaleti   Polislik mesle\u011fi adaletin simgesi, Hakk\u2019\u0131n terazisi Tutarsan akl\u0131n\u0131n ucunda, olursun \u0130lahi&#8217;nin simgesi Yaparken anlars\u0131n i\u015fin asl\u0131n\u0131, kime hizmet etti\u011fini Mutluluk duyars\u0131n yaparken, bilirsin i\u015finin de\u011ferini   Bu meslek sadece evinin, r\u0131zk\u0131n\u0131 kazanmak de\u011fil Bilerek yap bu mesle\u011fi, sadece Hak sahibine e\u011fil Unutma meslek devletin, Hakk\u2019\u0131n terazi senin de\u011fil Adaleti, milleti ya\u015fat ki, \u0130lahi&#8217;nin terazisinde sevil. <\/p>\n","protected":false},"excerpt":{"rendered":"<p>Ruhumdan kalbime, Kalbimden Dilime, Dilimden D\u00f6k\u00fclen Kelime Dinim, Devletim, Vatan\u0131m, Milletim Okuman\u0131z Dile\u011fiyle Kalbimden ge\u00e7eni bilir beni yaratan, Hak \u0130lahi Peygamber efendimizin yolu, Hakk\u2019\u0131n terazisi Hakk&#8217;\u0131n<span class=\"excerpt-hellip\"> [\u2026]<\/span><\/p>\n","protected":false},"featured_media":0,"template":"","meta":{"_monsterinsights_skip_tracking":false,"_monsterinsights_sitenote_active":false,"_monsterinsights_sitenote_note":"","_monsterinsights_sitenote_category":0},"product_brand":[],"product_cat":[12291,12509],"product_tag":[],"class_list":{"0":"post-760722","1":"product","2":"type-product","3":"status-publish","5":"product_cat-edebiyat","6":"product_cat-siir","7":"pa_cilt-ciltsiz","8":"pa_tur-kitap","9":"pa_yayinevi-gulnar-yayinlari","10":"pa_yazar-gani-gul","12":"first","13":"instock","14":"sale","15":"shipping-taxable","16":"purchasable","17":"product-type-simple"},"_links":{"self":[{"href":"https:\/\/roveyayinevi.com.tr\/index.php\/wp-json\/wp\/v2\/product\/760722","targetHints":{"allow":["GET"]}}],"collection":[{"href":"https:\/\/roveyayinevi.com.tr\/index.php\/wp-json\/wp\/v2\/product"}],"about":[{"href":"https:\/\/roveyayinevi.com.tr\/index.php\/wp-json\/wp\/v2\/types\/product"}],"wp:attachment":[{"href":"https:\/\/roveyayinevi.com.tr\/index.php\/wp-json\/wp\/v2\/media?parent=760722"}],"wp:term":[{"taxonomy":"product_brand","embeddable":true,"href":"https:\/\/roveyayinevi.com.tr\/index.php\/wp-json\/wp\/v2\/product_brand?post=760722"},{"taxonomy":"product_cat","embeddable":true,"href":"https:\/\/roveyayinevi.com.tr\/index.php\/wp-json\/wp\/v2\/product_cat?post=760722"},{"taxonomy":"product_tag","embeddable":true,"href":"https:\/\/roveyayinevi.com.tr\/index.php\/wp-json\/wp\/v2\/product_tag?post=760722"}],"curies":[{"name":"wp","href":"https:\/\/api.w.org\/{rel}","templated":true}]}}