{"id":760721,"date":"2025-08-28T09:14:44","date_gmt":"2025-08-28T06:14:44","guid":{"rendered":"https:\/\/roveyayinevi.com.tr\/index.php\/urun\/palyaco-cicekleri\/"},"modified":"2026-04-16T03:13:32","modified_gmt":"2026-04-16T00:13:32","slug":"palyaco-cicekleri","status":"publish","type":"product","link":"https:\/\/roveyayinevi.com.tr\/index.php\/urun\/palyaco-cicekleri\/","title":{"rendered":"Palyac\u0327o C\u0327ic\u0327ekleri"},"content":{"rendered":"<p>\u201cKaybetmek istemiyorum. Kimsenin i\u00e7imi g\u00f6rmesini istemiyorum. Ancak bu \u00e7abam uzun soluklu olmayacakt\u0131r. Ah! T\u00fcm yazarlar b\u00f6yle midir? Bir \u015feyler itiraf ederken bile kelimelerini s\u00fcslerler. Ben, insan de\u011fil miyim? Peki, ger\u00e7ek bir insan gibi ya\u015fayabilir miyim? Bunlar\u0131 yazarken bile kendi yazd\u0131klar\u0131mdan \u015f\u00fcphe duyuyorum.\u201d\u0130nsanl\u0131\u011f\u0131m\u0131 Yitirirken\u2019le tan\u0131\u015ft\u0131\u011f\u0131m\u0131z Yozo Oba\u2019n\u0131n \u00e7alkant\u0131l\u0131 hayat\u0131ndan sars\u0131c\u0131 bir kesit\u2026 Palya\u00e7o \u00c7i\u00e7ekleri, insan\u0131n kendi i\u00e7 d\u00fcnyas\u0131n\u0131n karma\u015f\u0131kl\u0131\u011f\u0131 ve d\u0131\u015f d\u00fcnya ile olan \u00e7at\u0131\u015fmas\u0131n\u0131n s\u0131ra d\u0131\u015f\u0131 bir tasviri olarak kar\u015f\u0131m\u0131za \u00e7\u0131kar. Yozo\u2019nun ya\u015fad\u0131\u011f\u0131 zorlu s\u00fcre\u00e7, okuyuculara ruhsal \u00e7at\u0131\u015fmalar, kimlik aray\u0131\u015f\u0131 ve umutsuzluk gibi evrensel temalar \u00fczerinde d\u00fc\u015f\u00fcnme f\u0131rsat\u0131 sunar. Dazai\u2019nin bu eserinde dikkat \u00e7eken bir di\u011fer \u00f6zellik, okuyucuya d\u00f6rd\u00fcnc\u00fc duvar\u0131 y\u0131karak do\u011frudan hitap etmesidir. Bu, okuma deneyimini daha ki\u015fisel ve etkileyici h\u00e2le getirerek okuyucular\u0131 Yozo\u2019nun d\u00fcnyas\u0131na bizzat dahil eder.Japon edebiyat\u0131n\u0131n usta kalemi Osamu Dazai, karakteri Yozo\u2019yla birlikte kendi ger\u00e7ekli\u011fini ve edeb\u00ee d\u00fc\u015f\u00fcn d\u00fcnyas\u0131n\u0131 okuruna sunuyor. Palya\u00e7o \u00c7i\u00e7ekleri, sadece Japon edebiyat\u0131n\u0131n \u00f6nde gelen eserlerinden biri olmakla kalm\u0131yor, ayn\u0131 zamanda insan psikolojisinin karma\u015f\u0131kl\u0131\u011f\u0131n\u0131 ve ac\u0131 dolu bir ruhun derinliklerini g\u00f6zler \u00f6n\u00fcne seriyor.<\/p>\n","protected":false},"excerpt":{"rendered":"<p>\u201cKaybetmek istemiyorum. Kimsenin i\u00e7imi g\u00f6rmesini istemiyorum. Ancak bu \u00e7abam uzun soluklu olmayacakt\u0131r. Ah! T\u00fcm yazarlar b\u00f6yle midir? Bir \u015feyler itiraf ederken bile kelimelerini s\u00fcslerler. Ben, insan<span class=\"excerpt-hellip\"> [\u2026]<\/span><\/p>\n","protected":false},"featured_media":0,"template":"","meta":{"_monsterinsights_skip_tracking":false,"_monsterinsights_sitenote_active":false,"_monsterinsights_sitenote_note":"","_monsterinsights_sitenote_category":0},"product_brand":[],"product_cat":[18545,12291],"product_tag":[],"class_list":{"0":"post-760721","1":"product","2":"type-product","3":"status-publish","5":"product_cat-anlati","6":"product_cat-edebiyat","7":"pa_cilt-ciltsiz","8":"pa_tur-kitap","9":"pa_yayinevi-tokyo-manga","10":"pa_yazar-osamu-dazai","12":"first","13":"instock","14":"sale","15":"shipping-taxable","16":"purchasable","17":"product-type-simple"},"_links":{"self":[{"href":"https:\/\/roveyayinevi.com.tr\/index.php\/wp-json\/wp\/v2\/product\/760721","targetHints":{"allow":["GET"]}}],"collection":[{"href":"https:\/\/roveyayinevi.com.tr\/index.php\/wp-json\/wp\/v2\/product"}],"about":[{"href":"https:\/\/roveyayinevi.com.tr\/index.php\/wp-json\/wp\/v2\/types\/product"}],"wp:attachment":[{"href":"https:\/\/roveyayinevi.com.tr\/index.php\/wp-json\/wp\/v2\/media?parent=760721"}],"wp:term":[{"taxonomy":"product_brand","embeddable":true,"href":"https:\/\/roveyayinevi.com.tr\/index.php\/wp-json\/wp\/v2\/product_brand?post=760721"},{"taxonomy":"product_cat","embeddable":true,"href":"https:\/\/roveyayinevi.com.tr\/index.php\/wp-json\/wp\/v2\/product_cat?post=760721"},{"taxonomy":"product_tag","embeddable":true,"href":"https:\/\/roveyayinevi.com.tr\/index.php\/wp-json\/wp\/v2\/product_tag?post=760721"}],"curies":[{"name":"wp","href":"https:\/\/api.w.org\/{rel}","templated":true}]}}