{"id":760719,"date":"2025-08-28T09:14:41","date_gmt":"2025-08-28T06:14:41","guid":{"rendered":"https:\/\/roveyayinevi.com.tr\/index.php\/urun\/savrulan-bulutlar\/"},"modified":"2026-04-16T03:13:32","modified_gmt":"2026-04-16T00:13:32","slug":"savrulan-bulutlar","status":"publish","type":"product","link":"https:\/\/roveyayinevi.com.tr\/index.php\/urun\/savrulan-bulutlar\/","title":{"rendered":"Savrulan Bulutlar"},"content":{"rendered":"<p>\u201cRuhuna ilmek ilmek i\u015flenen bu gen\u00e7 kad\u0131n\u0131 sevmeye ba\u015flad\u0131\u011f\u0131 andan beri t\u00fcm g\u00fcn, t\u00fcm gece yaln\u0131zca onun \u00e7ehresini d\u00fc\u015fl\u00fcyordu. Onu kalbinden s\u00f6k\u00fcp atam\u0131yor, a\u015fk\u0131n\u0131 dile getirebilir mi, bilmiyordu.\u201dModern Japon romanc\u0131l\u0131\u011f\u0131n\u0131n ilk \u00f6rne\u011fi olarak kabul edilen Savrulan Bulutlar, Japon toplumunun radikal de\u011fi\u015fimleriyle i\u00e7 i\u00e7e ge\u00e7mi\u015f bir \u00f6yk\u00fc sunar. Bunz\u014d, i\u00e7ine d\u00fc\u015ft\u00fc\u011f\u00fc mecburiyet sebebiyle akrabalar\u0131yla ya\u015famaya ba\u015flar. Bir yandan hayat\u0131ndaki bu de\u011fi\u015fime ayak uydurmaya \u00e7al\u0131\u015f\u0131rken bir yandan da \u00e7evresindeki insanlarla birlikte \u00fclkenin ya\u015fad\u0131\u011f\u0131 toplumsal d\u00f6n\u00fc\u015f\u00fcm\u00fcn\u00fcn bir par\u00e7as\u0131 h\u00e2line gelir. Klasik yaz\u0131 \u00fcslubu yerine kendi modern \u00e7izgisini olu\u015fturan Futabatei Shimei, Savrulan Bulutlar ile Meiji D\u00f6nemi&#8217;nin zorluklar\u0131na \u0131\u015f\u0131k tutar. Japonya\u2019n\u0131n modernle\u015fme s\u00fcreci, toplumsal dokunun evrimi ve bireylerin bu de\u011fi\u015fimle ba\u015fa \u00e7\u0131kma \u00e7abalar\u0131, bir karakterin g\u00f6zleminden ya\u015fad\u0131\u011f\u0131 i\u00e7 \u00e7at\u0131\u015fmalarla birlikte aktar\u0131l\u0131r. 1887 ve 1889 y\u0131llar\u0131 aras\u0131nda tefrika edilen bu eser, tarihsel bir panorama \u00e7izerek ya\u015fad\u0131\u011f\u0131 co\u011frafya ve zaman dilimi fark etmeksizin insanlar\u0131n ayn\u0131 ac\u0131lar\u0131 ve ayn\u0131 dertleri payla\u015ft\u0131\u011f\u0131n\u0131 ke\u015ffetmeye davet ediyor.<\/p>\n","protected":false},"excerpt":{"rendered":"<p>\u201cRuhuna ilmek ilmek i\u015flenen bu gen\u00e7 kad\u0131n\u0131 sevmeye ba\u015flad\u0131\u011f\u0131 andan beri t\u00fcm g\u00fcn, t\u00fcm gece yaln\u0131zca onun \u00e7ehresini d\u00fc\u015fl\u00fcyordu. Onu kalbinden s\u00f6k\u00fcp atam\u0131yor, a\u015fk\u0131n\u0131 dile getirebilir<span class=\"excerpt-hellip\"> [\u2026]<\/span><\/p>\n","protected":false},"featured_media":0,"template":"","meta":{"_monsterinsights_skip_tracking":false,"_monsterinsights_sitenote_active":false,"_monsterinsights_sitenote_note":"","_monsterinsights_sitenote_category":0},"product_brand":[],"product_cat":[18545,12291],"product_tag":[],"class_list":{"0":"post-760719","1":"product","2":"type-product","3":"status-publish","5":"product_cat-anlati","6":"product_cat-edebiyat","7":"pa_cilt-ciltsiz","8":"pa_tur-kitap","9":"pa_yayinevi-tokyo-manga","10":"pa_yazar-futabatei-shimei","12":"first","13":"instock","14":"sale","15":"shipping-taxable","16":"purchasable","17":"product-type-simple"},"_links":{"self":[{"href":"https:\/\/roveyayinevi.com.tr\/index.php\/wp-json\/wp\/v2\/product\/760719","targetHints":{"allow":["GET"]}}],"collection":[{"href":"https:\/\/roveyayinevi.com.tr\/index.php\/wp-json\/wp\/v2\/product"}],"about":[{"href":"https:\/\/roveyayinevi.com.tr\/index.php\/wp-json\/wp\/v2\/types\/product"}],"wp:attachment":[{"href":"https:\/\/roveyayinevi.com.tr\/index.php\/wp-json\/wp\/v2\/media?parent=760719"}],"wp:term":[{"taxonomy":"product_brand","embeddable":true,"href":"https:\/\/roveyayinevi.com.tr\/index.php\/wp-json\/wp\/v2\/product_brand?post=760719"},{"taxonomy":"product_cat","embeddable":true,"href":"https:\/\/roveyayinevi.com.tr\/index.php\/wp-json\/wp\/v2\/product_cat?post=760719"},{"taxonomy":"product_tag","embeddable":true,"href":"https:\/\/roveyayinevi.com.tr\/index.php\/wp-json\/wp\/v2\/product_tag?post=760719"}],"curies":[{"name":"wp","href":"https:\/\/api.w.org\/{rel}","templated":true}]}}