{"id":760718,"date":"2025-08-28T09:14:39","date_gmt":"2025-08-28T06:14:39","guid":{"rendered":"https:\/\/roveyayinevi.com.tr\/index.php\/urun\/nefesler-2\/"},"modified":"2026-04-16T03:13:32","modified_gmt":"2026-04-16T00:13:32","slug":"nefesler-2","status":"publish","type":"product","link":"https:\/\/roveyayinevi.com.tr\/index.php\/urun\/nefesler-2\/","title":{"rendered":"Nefesler"},"content":{"rendered":"<p>\u201c\u015eiir, y\u00fcre\u011fimizde birikmi\u015f \u00f6zlemlerin, a\u015fklar\u0131n ve h\u00fcz\u00fcnlerin kelimelere yans\u0131m\u0131\u015f halidir. \u0130mgenin g\u00fcc\u00fc \u015fiirde ortaya \u00e7\u0131kar\u2026 Bir \u00fcst dildir \u015fiir\u2026 Kayalara \u00e7arpan dalgalar\u0131n k\u00f6p\u00fc\u011f\u00fcn\u00fcn b\u0131rakt\u0131\u011f\u0131 izdir\u2026 Bazen ac\u0131d\u0131r, bazen sevin\u00e7tir ve mutluluktur bazen okudu\u011fumuz dizeler\u2026 G\u00fcven Ayber; Nefesler adl\u0131 \u015fiir kitab\u0131nda, dizelerle hayat verir nesnelere\u2026 D\u00fcnyaya anlam katan m\u0131sralarla\u2026\u201d Prof.Dr. Nurullah ULUTA\u015e       \u201cBizden \u00f6te demlere ard\u0131na dek a\u00e7\u0131kt\u0131r g\u00f6n\u00fcl kap\u0131lar\u0131. Ruhani \u0130\u00e7selli\u011finde yol al\u0131rken gizeminde kaybolmakta var s\u00f6zc\u00fcklerin.\u015eair &amp; yazar G\u00fcven Ayber NEFESLER \u015fiir kitab\u0131yla \u015eiir\u2019e  farkl\u0131  bir boyut ve tat katm\u0131\u015f. \u00d6z\u00fcn\u00fcn membas\u0131n da adeta kayboldum. \u015eair\u2019 in hissiyat\u0131na emeklerine sa\u011fl\u0131k.\u201d                                                                                              \u015eair -Yazar Mahsenem YAZAL        \u201cZaman\u0131n ilerisinden bug\u00fcn\u00fc g\u00f6ren dizeler. Bir elinde ge\u00e7mi\u015f, bir elinde gelecek, kendisi bir terazi bug\u00fcn\u00fc tartan dizeler. Aray\u0131\u015f, anlam aray\u0131\u015f\u0131, ya da ya\u015famak ve nefes aras\u0131nda ki sonsuz gitgellerin dizeleri. Her \u015fey bir yana, \u00f6nce sorgulatan ancak sonras\u0131nda rahatlatan dizeler. Bir bulut \u00fczerinden yery\u00fcz\u00fcn\u00fc seyreder gibi. Bir zamanlar ellerinde olan her \u015fey, anda ayaklar\u0131n\u0131n alt\u0131nda gibi.. hangisini se\u00e7meliydi ki insan\u2026\u201d                                                                                              \u015eair-Yazar Dilek AKSEL <\/p>\n","protected":false},"excerpt":{"rendered":"<p>\u201c\u015eiir, y\u00fcre\u011fimizde birikmi\u015f \u00f6zlemlerin, a\u015fklar\u0131n ve h\u00fcz\u00fcnlerin kelimelere yans\u0131m\u0131\u015f halidir. \u0130mgenin g\u00fcc\u00fc \u015fiirde ortaya \u00e7\u0131kar\u2026 Bir \u00fcst dildir \u015fiir\u2026 Kayalara \u00e7arpan dalgalar\u0131n k\u00f6p\u00fc\u011f\u00fcn\u00fcn b\u0131rakt\u0131\u011f\u0131 izdir\u2026 Bazen<span class=\"excerpt-hellip\"> [\u2026]<\/span><\/p>\n","protected":false},"featured_media":0,"template":"","meta":{"_monsterinsights_skip_tracking":false,"_monsterinsights_sitenote_active":false,"_monsterinsights_sitenote_note":"","_monsterinsights_sitenote_category":0},"product_brand":[],"product_cat":[12291,12509],"product_tag":[],"class_list":{"0":"post-760718","1":"product","2":"type-product","3":"status-publish","5":"product_cat-edebiyat","6":"product_cat-siir","7":"pa_cilt-ciltsiz","8":"pa_tur-kitap","9":"pa_yayinevi-kitap-muptelasi-yayinlari","10":"pa_yazar-guven-ayber","12":"first","13":"instock","14":"sale","15":"shipping-taxable","16":"purchasable","17":"product-type-simple"},"_links":{"self":[{"href":"https:\/\/roveyayinevi.com.tr\/index.php\/wp-json\/wp\/v2\/product\/760718","targetHints":{"allow":["GET"]}}],"collection":[{"href":"https:\/\/roveyayinevi.com.tr\/index.php\/wp-json\/wp\/v2\/product"}],"about":[{"href":"https:\/\/roveyayinevi.com.tr\/index.php\/wp-json\/wp\/v2\/types\/product"}],"wp:attachment":[{"href":"https:\/\/roveyayinevi.com.tr\/index.php\/wp-json\/wp\/v2\/media?parent=760718"}],"wp:term":[{"taxonomy":"product_brand","embeddable":true,"href":"https:\/\/roveyayinevi.com.tr\/index.php\/wp-json\/wp\/v2\/product_brand?post=760718"},{"taxonomy":"product_cat","embeddable":true,"href":"https:\/\/roveyayinevi.com.tr\/index.php\/wp-json\/wp\/v2\/product_cat?post=760718"},{"taxonomy":"product_tag","embeddable":true,"href":"https:\/\/roveyayinevi.com.tr\/index.php\/wp-json\/wp\/v2\/product_tag?post=760718"}],"curies":[{"name":"wp","href":"https:\/\/api.w.org\/{rel}","templated":true}]}}