{"id":760714,"date":"2025-08-28T09:14:32","date_gmt":"2025-08-28T06:14:32","guid":{"rendered":"https:\/\/roveyayinevi.com.tr\/index.php\/urun\/kurumsal-yonetim-ve-surdurulebilirlik-kapsaminda-performans-olcumu-bist-100-endeksi-isletmelerinde-bir-uygulama\/"},"modified":"2026-04-16T03:13:32","modified_gmt":"2026-04-16T00:13:32","slug":"kurumsal-yonetim-ve-surdurulebilirlik-kapsaminda-performans-olcumu-bist-100-endeksi-isletmelerinde-bir-uygulama","status":"publish","type":"product","link":"https:\/\/roveyayinevi.com.tr\/index.php\/urun\/kurumsal-yonetim-ve-surdurulebilirlik-kapsaminda-performans-olcumu-bist-100-endeksi-isletmelerinde-bir-uygulama\/","title":{"rendered":"Kurumsal Y\u00f6netim ve S\u00fcrd\u00fcr\u00fclebilirlik Kapsam\u0131nda Performans \u00d6l\u00e7\u00fcm\u00fc (BIST 100 Endeksi \u0130\u015fletmelerinde Bir Uygulama)"},"content":{"rendered":"<p>\u0130\u00e7indekiler :   1. B\u00d6L\u00dcM B\u0130ST S\u00dcRD\u00dcR\u00dcLEB\u0130L\u0130RL\u0130K ENDEKS\u0130 VE KURUMSAL Y\u00d6NET\u0130M KAVRAMI   2. B\u00d6L\u00dcM KURUMSAL Y\u00d6NET\u0130M VE S\u00dcRD\u00dcR\u00dcLEB\u0130L\u0130RL\u0130K KAPSAMINDA PERFORMANS \u00d6L\u00c7\u00dcM\u00dc: BIST 100 ENDEKSI \u0130SLETMELER\u0130NDE B\u0130R UYGULAMA   3. B\u00d6L\u00dcM PANEL VER\u0130 ANAL\u0130Z\u0130 SINAMALAR VE BULGULAR   4. B\u00d6L\u00dcM SONU\u00c7 VE \u00d6NER\u0130LER <\/p>\n","protected":false},"excerpt":{"rendered":"<p>\u0130\u00e7indekiler : 1. B\u00d6L\u00dcM B\u0130ST S\u00dcRD\u00dcR\u00dcLEB\u0130L\u0130RL\u0130K ENDEKS\u0130 VE KURUMSAL Y\u00d6NET\u0130M KAVRAMI 2. B\u00d6L\u00dcM KURUMSAL Y\u00d6NET\u0130M VE S\u00dcRD\u00dcR\u00dcLEB\u0130L\u0130RL\u0130K KAPSAMINDA PERFORMANS \u00d6L\u00c7\u00dcM\u00dc: BIST 100 ENDEKSI \u0130SLETMELER\u0130NDE B\u0130R UYGULAMA<span class=\"excerpt-hellip\"> [\u2026]<\/span><\/p>\n","protected":false},"featured_media":0,"template":"","meta":{"_monsterinsights_skip_tracking":false,"_monsterinsights_sitenote_active":false,"_monsterinsights_sitenote_note":"","_monsterinsights_sitenote_category":0},"product_brand":[],"product_cat":[13043],"product_tag":[],"class_list":{"0":"post-760714","1":"product","2":"type-product","3":"status-publish","5":"product_cat-ekonomi","6":"pa_cilt-ciltsiz","7":"pa_tur-kitap","8":"pa_yayinevi-gazi-kitabevi","9":"pa_yazar-mahmut-kargin-mazhar-dede","11":"first","12":"instock","13":"sale","14":"shipping-taxable","15":"purchasable","16":"product-type-simple"},"_links":{"self":[{"href":"https:\/\/roveyayinevi.com.tr\/index.php\/wp-json\/wp\/v2\/product\/760714","targetHints":{"allow":["GET"]}}],"collection":[{"href":"https:\/\/roveyayinevi.com.tr\/index.php\/wp-json\/wp\/v2\/product"}],"about":[{"href":"https:\/\/roveyayinevi.com.tr\/index.php\/wp-json\/wp\/v2\/types\/product"}],"wp:attachment":[{"href":"https:\/\/roveyayinevi.com.tr\/index.php\/wp-json\/wp\/v2\/media?parent=760714"}],"wp:term":[{"taxonomy":"product_brand","embeddable":true,"href":"https:\/\/roveyayinevi.com.tr\/index.php\/wp-json\/wp\/v2\/product_brand?post=760714"},{"taxonomy":"product_cat","embeddable":true,"href":"https:\/\/roveyayinevi.com.tr\/index.php\/wp-json\/wp\/v2\/product_cat?post=760714"},{"taxonomy":"product_tag","embeddable":true,"href":"https:\/\/roveyayinevi.com.tr\/index.php\/wp-json\/wp\/v2\/product_tag?post=760714"}],"curies":[{"name":"wp","href":"https:\/\/api.w.org\/{rel}","templated":true}]}}