{"id":760712,"date":"2025-08-28T09:14:29","date_gmt":"2025-08-28T06:14:29","guid":{"rendered":"https:\/\/roveyayinevi.com.tr\/index.php\/urun\/ah-bir-uyuyabilsem\/"},"modified":"2026-04-16T03:13:32","modified_gmt":"2026-04-16T00:13:32","slug":"ah-bir-uyuyabilsem","status":"publish","type":"product","link":"https:\/\/roveyayinevi.com.tr\/index.php\/urun\/ah-bir-uyuyabilsem\/","title":{"rendered":"Ah Bir Uyuyabilsem"},"content":{"rendered":"<p>Uyku sadece g\u00f6zlerimizi kapatarak ge\u00e7irdi\u011fimiz bir s\u00fcre\u00e7 de\u011fil, v\u00fccudumuzun fiziksel ve zihinsel yenilenmesi i\u00e7in kritik bir zaman dilimidir. Uyku metabolizmas\u0131 ise v\u00fccudun do\u011fal biyolojik saati olarak bilinen sirkadiyen ritim taraf\u0131ndan y\u00f6netilen karma\u015f\u0131k bir s\u00fcre\u00e7tir. Sirkadiyen ritim, uyku-uyan\u0131kl\u0131k d\u00f6ng\u00fcs\u00fcn\u00fc d\u00fczenler ve bunu yaparken g\u00fcne\u015f \u0131\u015f\u0131\u011f\u0131ndan faydalan\u0131r. V\u00fccut, sabahlar\u0131 g\u00fcne\u015f do\u011fdu\u011funda uyanma e\u011filimi g\u00f6sterir, g\u00fcne\u015f batt\u0131\u011f\u0131nda ise gece uykusu i\u00e7in haz\u0131rl\u0131klara ba\u015flar. Ta\u015f devrinde bu d\u00f6ng\u00fcye g\u00f6re hareket eden insano\u011flu, modern hayat ile birlikte gelen yapay \u0131\u015f\u0131\u011fa mahkum oldu. Elektrikli ayd\u0131nlatmalar, televizyonlar, bilgisayarlar, ak\u0131ll\u0131 telefonlar gibi teknolojik cihazlar y\u00fcz\u00fcnden uyuyam\u0131yor ve uyanam\u0131yoruz. Evet, art\u0131k daha uzun bir ya\u015fam s\u00fcr\u00fcyoruz ama daha hasta, daha uykusuz ve daha mutsuz ya\u015f\u0131yoruz! 24 saat hizmet gerektiren yo\u011fun \u00e7al\u0131\u015fma saatleri, keyfi bir i\u00e7ecekten \u00f6teye ge\u00e7ip ya\u015fam bi\u00e7imine d\u00f6n\u00fc\u015fen kahve t\u00fcketimi, g\u00fcnl\u00fck stresler, hastal\u0131klar, yanl\u0131\u015f beslenme al\u0131\u015fkanl\u0131klar\u0131, hareketsizlik ve s\u0131k\u0131 rekabet ortam\u0131 gibi bir\u00e7ok fakt\u00f6r, uyku metabolizmam\u0131z\u0131 olumsuz etkiliyor. AH B\u0130R UYUYAB\u0130LSEM G\u00fcn\u00fcm\u00fczde uyku problemleriyle ba\u015fa \u00e7\u0131kmak kolay olmayabilir ama \u00e7\u00f6z\u00fcmler mevcut. Uyku ile sorunlar\u0131n\u0131z varsa, bilin ki yaln\u0131z de\u011filsiniz. Uykuya dalamayanlar, uykusundan aniden uyananlar, yorgun uyananlar ya da belki de bir t\u00fcrl\u00fc uyanamayanlar&#8230; Modern ya\u015fam\u0131n en pop\u00fcler kul\u00fcb\u00fc olan Uykusuzlar Kul\u00fcb\u00fc\u2019ne ho\u015f geldiniz! Bu kitap sadece bilgi vermekle kalm\u0131yor, ayn\u0131 zamanda okuyucular\u0131na uykuyu ke\u015ffetme yolculu\u011funda rehberlik ediyor. Uykuyla ilgili mitleri \u00e7\u00fcr\u00fct\u00fcyor, bilimsel ara\u015ft\u0131rmalar\u0131n sonu\u00e7lar\u0131n\u0131 payla\u015f\u0131yor ve en iyi uyku deneyimini sa\u011flamak i\u00e7in pratik \u00f6neriler sunuyor. Enerjinizin kayna\u011f\u0131, zindeli\u011finizin temeli ve ba\u015far\u0131n\u0131z\u0131n anahtar\u0131 uykuda gizlidir!<\/p>\n","protected":false},"excerpt":{"rendered":"<p>Uyku sadece g\u00f6zlerimizi kapatarak ge\u00e7irdi\u011fimiz bir s\u00fcre\u00e7 de\u011fil, v\u00fccudumuzun fiziksel ve zihinsel yenilenmesi i\u00e7in kritik bir zaman dilimidir. Uyku metabolizmas\u0131 ise v\u00fccudun do\u011fal biyolojik saati olarak<span class=\"excerpt-hellip\"> [\u2026]<\/span><\/p>\n","protected":false},"featured_media":0,"template":"","meta":{"_monsterinsights_skip_tracking":false,"_monsterinsights_sitenote_active":false,"_monsterinsights_sitenote_note":"","_monsterinsights_sitenote_category":0},"product_brand":[],"product_cat":[13365],"product_tag":[],"class_list":{"0":"post-760712","1":"product","2":"type-product","3":"status-publish","5":"product_cat-saglik","6":"pa_cilt-ciltsiz","7":"pa_tur-kitap","8":"pa_yayinevi-hayykitap","9":"pa_yazar-murat-balanli","11":"first","12":"instock","13":"sale","14":"shipping-taxable","15":"purchasable","16":"product-type-simple"},"_links":{"self":[{"href":"https:\/\/roveyayinevi.com.tr\/index.php\/wp-json\/wp\/v2\/product\/760712","targetHints":{"allow":["GET"]}}],"collection":[{"href":"https:\/\/roveyayinevi.com.tr\/index.php\/wp-json\/wp\/v2\/product"}],"about":[{"href":"https:\/\/roveyayinevi.com.tr\/index.php\/wp-json\/wp\/v2\/types\/product"}],"wp:attachment":[{"href":"https:\/\/roveyayinevi.com.tr\/index.php\/wp-json\/wp\/v2\/media?parent=760712"}],"wp:term":[{"taxonomy":"product_brand","embeddable":true,"href":"https:\/\/roveyayinevi.com.tr\/index.php\/wp-json\/wp\/v2\/product_brand?post=760712"},{"taxonomy":"product_cat","embeddable":true,"href":"https:\/\/roveyayinevi.com.tr\/index.php\/wp-json\/wp\/v2\/product_cat?post=760712"},{"taxonomy":"product_tag","embeddable":true,"href":"https:\/\/roveyayinevi.com.tr\/index.php\/wp-json\/wp\/v2\/product_tag?post=760712"}],"curies":[{"name":"wp","href":"https:\/\/api.w.org\/{rel}","templated":true}]}}