{"id":760711,"date":"2025-08-28T09:14:28","date_gmt":"2025-08-28T06:14:28","guid":{"rendered":"https:\/\/roveyayinevi.com.tr\/index.php\/urun\/yapay-zeka-hirsizlari\/"},"modified":"2026-04-16T03:13:32","modified_gmt":"2026-04-16T00:13:32","slug":"yapay-zeka-hirsizlari","status":"publish","type":"product","link":"https:\/\/roveyayinevi.com.tr\/index.php\/urun\/yapay-zeka-hirsizlari\/","title":{"rendered":"Yapay Zeka H\u0131rs\u0131zlar\u0131"},"content":{"rendered":"<p>Ray Kuzweil: \u201c21. y\u00fczy\u0131lda ya\u015fayaca\u011f\u0131m\u0131z \u015fey y\u00fcz y\u0131ll\u0131k bir teknolojik ilerleme olmayacak, (\u2026) 20. y\u00fczy\u0131lda kaydedilenin bin kat\u0131 bir ilerlemeye tan\u0131k olaca\u011f\u0131z.\u201d Hayat\u0131m\u0131z\u0131n giderek daha fazla k\u0131sm\u0131n\u0131 etkin bir \u015fekilde y\u00f6neten ak\u0131ll\u0131 tekno-sosyal sistemlere do\u011fru ko\u015fuyoruz. Bu sistemleri ellerinde tutanlar en gizli, hatta bizim bile bilmedi\u011fimiz arzular\u0131m\u0131z\u0131, korkular\u0131m\u0131z\u0131, zaaflar\u0131m\u0131z\u0131, ihtiya\u00e7lar\u0131m\u0131z\u0131 biliyorlar ve bunlar\u0131 sonuna kadar kullan\u0131yorlar. Var olmay\u0131 sahip olmakla tan\u0131mlad\u0131\u011f\u0131m\u0131z\u0131n, kabul edilme ve be\u011fenilme ihtiyac\u0131m\u0131z\u0131n fark\u0131ndalar. Her hareketimiz, her t\u0131klamam\u0131z bizi biraz daha \u015feffaf hale getiriyor. Dijital platformlar bu bilgileri kullanarak evde, i\u015fte ya da sokakta ne yapaca\u011f\u0131m\u0131z\u0131, ne sat\u0131n alaca\u011f\u0131m\u0131z\u0131, hatta ne d\u00fc\u015f\u00fcnece\u011fimizi belirliyorlar. Yazar Hakk\u0131nda Ba\u015fak Tecer Marmara \u00dcniversitesi \u0130leti\u015fim Fak\u00fcltesi Gazetecilik B\u00f6l\u00fcm\u00fc\u2019nden mezun olduktan sonra kariyerine 1989\u2019da Boyner Grup\u2019ta ba\u015flam\u0131\u015f, ard\u0131ndan Sabah, Habert\u00fcrk TV, Star TV ve Milliyet gazetesi olmak \u00fczere, on sekiz y\u0131l boyunca medya kurulu\u015flar\u0131nda sat\u0131\u015f ve pazarlama g\u00f6revi yapt\u0131. M\u0131s\u0131r ve G\u00fcney Afrika\u2019da perakende ve turizm sekt\u00f6rlerinde deneyim kazand\u0131. 2011 y\u0131l\u0131nda Sabah gazetesi \u0130nsan Kaynaklar\u0131 Eki\u2019ndeki g\u00f6revinden ayr\u0131larak kendi i\u015fini kurdu ve T\u00fcrkiye\u2019de bir\u00e7ok farkl\u0131 firmaya ileti\u015fim, ikna, performans y\u00f6netimi konular\u0131nda e\u011fitmenlik ve dan\u0131\u015fmanl\u0131k hizmeti verdi. \u0130ngiltere\u2019de Paul McKenna\u2019da NLP Practioner (NLP Pratisyen) ve Master Practioner (NLP Uzman Pratisyen) ve Persuasion Enginering (\u0130kna M\u00fchendisli\u011fi) programlar\u0131n\u0131 tamamlad\u0131 ve yine merkezi Londra\u2019da bulunan ILM Enstit\u00fcs\u00fc\u2019nde (Institue of Leadership &amp; Management) e\u011fitimcinin e\u011fitimi sertifikas\u0131n\u0131 ald\u0131. \u201cPozitif Psikoloji\u201d ve \u201cDerin Demokrasi\u201d konular\u0131na duydu\u011fu merak, ileti\u015fim konusunda derinle\u015fmesini sa\u011flad\u0131 ve ko\u00e7luk e\u011fitimleriyle \u00f6\u011frendiklerini sentez haline getirmeyi hedefledi. 2014 y\u0131l\u0131ndan bu yana d\u00fczenli olarak Harvard Business Review\u2019de blog yazarl\u0131\u011f\u0131 yapmaktad\u0131r. \u0130kna M\u00fchendisli\u011fi ve Varsa Yoksa \u0130leti\u015fim isimli kitaplar\u0131n yazar\u0131d\u0131r. Hayat misyonunu \u00f6\u011frenme ve payla\u015fma olarak tan\u0131mlayan Tecer\u2019in en b\u00fcy\u00fck hayali \u00fclkemizde \u00e7ocuklara \u0130ngilizce \u00f6\u011fretecek bir vak\u0131f kurmakt\u0131r. Bizi e\u015fyala\u015ft\u0131ran, mahremiyetimizi, \u00f6zg\u00fcrl\u00fc\u011f\u00fcm\u00fcz\u00fc ve \u00f6zg\u00fcnl\u00fc\u011f\u00fcm\u00fcz\u00fc bir \u2018unsur\u2019a, dijital veriye d\u00f6n\u00fc\u015ft\u00fcr\u00fcp bizi manip\u00fcle etmek i\u00e7in kullanan bir sistemin nesneleriyiz. Bu sistem sinsice hayatlar\u0131m\u0131z\u0131 \u00e7al\u0131yor. Yapay zek\u00e2 2030\u2019a kadar d\u00fcnyay\u0131 tarihte emsali g\u00f6r\u00fclmemi\u015f bir bi\u00e7imde ba\u015ftan sona de\u011fi\u015ftirecek ve biz bu de\u011fi\u015fimi tam da g\u00f6be\u011finden ya\u015fay\u0131p g\u00f6rece\u011fiz. Bu kitap, d\u00fcnyay\u0131 d\u00f6n\u00fc\u015ft\u00fcrecek geli\u015fmeler son s\u00fcrat ivmelenirken bunun derin sonu\u00e7lar\u0131n\u0131 de\u011ferlendirebilmenizi ve \u00f6nlem alman\u0131z\u0131 sa\u011flamay\u0131 ama\u00e7l\u0131yor. Unutma, \u00e7al\u0131nan senin hayat\u0131n!<\/p>\n","protected":false},"excerpt":{"rendered":"<p>Ray Kuzweil: \u201c21. y\u00fczy\u0131lda ya\u015fayaca\u011f\u0131m\u0131z \u015fey y\u00fcz y\u0131ll\u0131k bir teknolojik ilerleme olmayacak, (\u2026) 20. y\u00fczy\u0131lda kaydedilenin bin kat\u0131 bir ilerlemeye tan\u0131k olaca\u011f\u0131z.\u201d Hayat\u0131m\u0131z\u0131n giderek daha fazla<span class=\"excerpt-hellip\"> [\u2026]<\/span><\/p>\n","protected":false},"featured_media":0,"template":"","meta":{"_monsterinsights_skip_tracking":false,"_monsterinsights_sitenote_active":false,"_monsterinsights_sitenote_note":"","_monsterinsights_sitenote_category":0},"product_brand":[],"product_cat":[13005],"product_tag":[],"class_list":{"0":"post-760711","1":"product","2":"type-product","3":"status-publish","5":"product_cat-bilim-muhendislik","6":"pa_cilt-ciltsiz","7":"pa_tur-kitap","8":"pa_yayinevi-hayykitap","9":"pa_yazar-basak-tecer","11":"first","12":"instock","13":"sale","14":"shipping-taxable","15":"purchasable","16":"product-type-simple"},"_links":{"self":[{"href":"https:\/\/roveyayinevi.com.tr\/index.php\/wp-json\/wp\/v2\/product\/760711","targetHints":{"allow":["GET"]}}],"collection":[{"href":"https:\/\/roveyayinevi.com.tr\/index.php\/wp-json\/wp\/v2\/product"}],"about":[{"href":"https:\/\/roveyayinevi.com.tr\/index.php\/wp-json\/wp\/v2\/types\/product"}],"wp:attachment":[{"href":"https:\/\/roveyayinevi.com.tr\/index.php\/wp-json\/wp\/v2\/media?parent=760711"}],"wp:term":[{"taxonomy":"product_brand","embeddable":true,"href":"https:\/\/roveyayinevi.com.tr\/index.php\/wp-json\/wp\/v2\/product_brand?post=760711"},{"taxonomy":"product_cat","embeddable":true,"href":"https:\/\/roveyayinevi.com.tr\/index.php\/wp-json\/wp\/v2\/product_cat?post=760711"},{"taxonomy":"product_tag","embeddable":true,"href":"https:\/\/roveyayinevi.com.tr\/index.php\/wp-json\/wp\/v2\/product_tag?post=760711"}],"curies":[{"name":"wp","href":"https:\/\/api.w.org\/{rel}","templated":true}]}}