{"id":760707,"date":"2025-08-28T09:14:21","date_gmt":"2025-08-28T06:14:21","guid":{"rendered":"https:\/\/roveyayinevi.com.tr\/index.php\/urun\/eskilerin-bilgeligi-2\/"},"modified":"2026-04-16T03:13:31","modified_gmt":"2026-04-16T00:13:31","slug":"eskilerin-bilgeligi-2","status":"publish","type":"product","link":"https:\/\/roveyayinevi.com.tr\/index.php\/urun\/eskilerin-bilgeligi-2\/","title":{"rendered":"Eskilerin Bilgeli\u011fi"},"content":{"rendered":"<p>Zaman zaman balinalar\u0131n karaya vurduklar\u0131n\u0131 g\u00f6r\u00fcr\u00fcz. \u00dcstelik bir ba\u015flar\u0131na da de\u011fil, s\u00fcr\u00fc halinde. Peki bunu neden yaparlar? Ya\u015fl\u0131 ve bilge bir Maori\u2019ye g\u00f6re bu elim olaylar bir balinan\u0131n hastalanmas\u0131yla ilgilidir. Hastalanan balina art\u0131k kendinde y\u00fczecek g\u00fcc\u00fc bulamaz ve karaya \u00e7\u0131k\u0131p dinlenmek ister. Onu seven aile fertleri de pe\u015finden gider&#8230; Ya\u015fl\u0131 Maori balinalar\u0131n \u00e7ok uzun zaman \u00f6nce suya geri d\u00f6nen suayg\u0131r\u0131 benzeri amfibi bir hayvandan evrimle\u015ftiklerini bilmez. Bilmez ama, olaya getirdi\u011fi a\u00e7\u0131klama bize bu ba\u011flant\u0131y\u0131 her nas\u0131lsa sezmi\u015f oldu\u011funu d\u00fc\u015f\u00fcnd\u00fcr\u00fcr. \u0130\u015fte b\u00f6yledir eskilerin bilgeli\u011fi\u2026 Neil Oliver, unutulmu\u015f k\u00fclt\u00fcrlerin ve ilk uygarl\u0131klar\u0131n kal\u0131nt\u0131lar\u0131 alt\u0131nda g\u00f6m\u00fcl\u00fc kalm\u0131\u015f fikirleri g\u00fcn \u0131\u015f\u0131\u011f\u0131na \u00e7\u0131karmak i\u00e7in bizi zamanda geriye g\u00f6t\u00fcr\u00fcyor. Tanzanya\u2019daki Laetoli ayak izlerinde, G\u00f6bekli Tepe ve \u00c7atalh\u00f6y\u00fck\u2019te, Stonehenge\u2019de ve Chauvet ma\u011fara resimlerinde sakl\u0131 mesajlar\u0131 bizim i\u00e7in yorumluyor. Usta hik\u00e2ye anlat\u0131c\u0131s\u0131, eskilerin bilgeli\u011fini zaman\u0131n testinden ge\u00e7mi\u015f on iki mesaja ayr\u0131\u015ft\u0131r\u0131yor ve bizi bunlar\u0131n bug\u00fcnk\u00fc ya\u015famlar\u0131m\u0131za nas\u0131l uygulanabilece\u011fini d\u00fc\u015f\u00fcnmeye davet ediyor. Sonu\u00e7 g\u00fc\u00e7l\u00fc, ilham verici ve etkileyici. <\/p>\n","protected":false},"excerpt":{"rendered":"<p>Zaman zaman balinalar\u0131n karaya vurduklar\u0131n\u0131 g\u00f6r\u00fcr\u00fcz. \u00dcstelik bir ba\u015flar\u0131na da de\u011fil, s\u00fcr\u00fc halinde. Peki bunu neden yaparlar? Ya\u015fl\u0131 ve bilge bir Maori\u2019ye g\u00f6re bu elim olaylar<span class=\"excerpt-hellip\"> [\u2026]<\/span><\/p>\n","protected":false},"featured_media":0,"template":"","meta":{"_monsterinsights_skip_tracking":false,"_monsterinsights_sitenote_active":false,"_monsterinsights_sitenote_note":"","_monsterinsights_sitenote_category":0},"product_brand":[],"product_cat":[12304],"product_tag":[],"class_list":{"0":"post-760707","1":"product","2":"type-product","3":"status-publish","5":"product_cat-tarih","6":"pa_cilt-ciltsiz","7":"pa_tur-kitap","8":"pa_yayinevi-say-yayinlari","9":"pa_yazar-neil-oliver","11":"first","12":"instock","13":"sale","14":"shipping-taxable","15":"purchasable","16":"product-type-simple"},"_links":{"self":[{"href":"https:\/\/roveyayinevi.com.tr\/index.php\/wp-json\/wp\/v2\/product\/760707","targetHints":{"allow":["GET"]}}],"collection":[{"href":"https:\/\/roveyayinevi.com.tr\/index.php\/wp-json\/wp\/v2\/product"}],"about":[{"href":"https:\/\/roveyayinevi.com.tr\/index.php\/wp-json\/wp\/v2\/types\/product"}],"wp:attachment":[{"href":"https:\/\/roveyayinevi.com.tr\/index.php\/wp-json\/wp\/v2\/media?parent=760707"}],"wp:term":[{"taxonomy":"product_brand","embeddable":true,"href":"https:\/\/roveyayinevi.com.tr\/index.php\/wp-json\/wp\/v2\/product_brand?post=760707"},{"taxonomy":"product_cat","embeddable":true,"href":"https:\/\/roveyayinevi.com.tr\/index.php\/wp-json\/wp\/v2\/product_cat?post=760707"},{"taxonomy":"product_tag","embeddable":true,"href":"https:\/\/roveyayinevi.com.tr\/index.php\/wp-json\/wp\/v2\/product_tag?post=760707"}],"curies":[{"name":"wp","href":"https:\/\/api.w.org\/{rel}","templated":true}]}}