{"id":760706,"date":"2025-08-28T09:14:19","date_gmt":"2025-08-28T06:14:19","guid":{"rendered":"https:\/\/roveyayinevi.com.tr\/index.php\/urun\/vahsi-yaraticilik\/"},"modified":"2026-04-16T03:13:31","modified_gmt":"2026-04-16T00:13:31","slug":"vahsi-yaraticilik","status":"publish","type":"product","link":"https:\/\/roveyayinevi.com.tr\/index.php\/urun\/vahsi-yaraticilik\/","title":{"rendered":"Vah\u015fi Yarat\u0131c\u0131l\u0131k"},"content":{"rendered":"<p>Varl\u0131\u011f\u0131n\u0131z\u0131n derinliklerinden akan yarat\u0131c\u0131 enerji ile hizaland\u0131\u011f\u0131n\u0131zda, d\u0131\u015f d\u00fcnyan\u0131z da bu enerji ile hizalan\u0131r ve hem i\u015f hem projeler hem de ev hayat\u0131n\u0131z tamamen bu yeni yarat\u0131c\u0131 enerji ile d\u00f6n\u00fc\u015fmeye ba\u015flar. Yarat\u0131c\u0131l\u0131k, \u00f6z\u00fcnde bir ba\u011fl\u0131l\u0131k prati\u011fidir; di\u015fil ve eril enerjinin birli\u011fidir. Vah\u015fi Yarat\u0131c\u0131l\u0131k\u2019ta Tami Lynn Kent, yarat\u0131c\u0131 merkezinize nas\u0131l ula\u015faca\u011f\u0131n\u0131z\u0131 ve do\u011fu\u015ftan size ait olan enerji ak\u0131\u015f\u0131na nas\u0131l eri\u015fece\u011finizi g\u00f6steriyor. Bunu yaparken, hayallerinize ula\u015fmak ve i\u00e7inizdeki yarat\u0131c\u0131 haritay\u0131 yeniden olu\u015fturmak i\u00e7in bir yolculu\u011fa \u00e7\u0131kacaks\u0131n\u0131z. Ayr\u0131ca, yarat\u0131c\u0131l\u0131k ve ilham hayat\u0131n\u0131z\u0131n merkezine yerle\u015fti\u011finde, hem b\u00fcy\u00fck hem de k\u00fc\u00e7\u00fck mucizelerin ortaya \u00e7\u0131kt\u0131\u011f\u0131n\u0131 ke\u015ffedeceksiniz. Her iyi erke\u011fin arkas\u0131nda iyi bir kad\u0131n vard\u0131r, s\u00f6z\u00fcn\u00fc, her iyi erilin arkas\u0131nda iyi bir di\u015fil vard\u0131r, olarak anl\u0131yorum. Sa\u011flam bir d\u0131\u015fsal mevcudiyete (eril) sahip olmak i\u00e7in, ki\u015finin e\u015fit derecede sa\u011flam bir i\u00e7sel mevcudiyete (di\u015fil) sahip olmas\u0131, enerji alanlar\u0131n\u0131 dengelemesi ve enerjiyi t\u00fcketen bi\u00e7imden ziyade s\u00fcrd\u00fcr\u00fclebilir bir bi\u00e7imde toplamas\u0131 gerekir. Yarat\u0131c\u0131 de\u011feri korumak hem kad\u0131n hem de erkek i\u00e7in ne\u015feli di\u015fil enerjiyi, eylem odakl\u0131 eril enerjiyle dengelemeyi gerektirir. <\/p>\n","protected":false},"excerpt":{"rendered":"<p>Varl\u0131\u011f\u0131n\u0131z\u0131n derinliklerinden akan yarat\u0131c\u0131 enerji ile hizaland\u0131\u011f\u0131n\u0131zda, d\u0131\u015f d\u00fcnyan\u0131z da bu enerji ile hizalan\u0131r ve hem i\u015f hem projeler hem de ev hayat\u0131n\u0131z tamamen bu yeni<span class=\"excerpt-hellip\"> [\u2026]<\/span><\/p>\n","protected":false},"featured_media":0,"template":"","meta":{"_monsterinsights_skip_tracking":false,"_monsterinsights_sitenote_active":false,"_monsterinsights_sitenote_note":"","_monsterinsights_sitenote_category":0},"product_brand":[],"product_cat":[12364,12376],"product_tag":[],"class_list":{"0":"post-760706","1":"product","2":"type-product","3":"status-publish","5":"product_cat-genel-konular","6":"product_cat-kisisel-gelisim","7":"pa_cilt-ciltsiz","8":"pa_tur-kitap","9":"pa_yayinevi-omega","10":"pa_yazar-tami-lynn-kent","12":"first","13":"instock","14":"sale","15":"shipping-taxable","16":"purchasable","17":"product-type-simple"},"_links":{"self":[{"href":"https:\/\/roveyayinevi.com.tr\/index.php\/wp-json\/wp\/v2\/product\/760706","targetHints":{"allow":["GET"]}}],"collection":[{"href":"https:\/\/roveyayinevi.com.tr\/index.php\/wp-json\/wp\/v2\/product"}],"about":[{"href":"https:\/\/roveyayinevi.com.tr\/index.php\/wp-json\/wp\/v2\/types\/product"}],"wp:attachment":[{"href":"https:\/\/roveyayinevi.com.tr\/index.php\/wp-json\/wp\/v2\/media?parent=760706"}],"wp:term":[{"taxonomy":"product_brand","embeddable":true,"href":"https:\/\/roveyayinevi.com.tr\/index.php\/wp-json\/wp\/v2\/product_brand?post=760706"},{"taxonomy":"product_cat","embeddable":true,"href":"https:\/\/roveyayinevi.com.tr\/index.php\/wp-json\/wp\/v2\/product_cat?post=760706"},{"taxonomy":"product_tag","embeddable":true,"href":"https:\/\/roveyayinevi.com.tr\/index.php\/wp-json\/wp\/v2\/product_tag?post=760706"}],"curies":[{"name":"wp","href":"https:\/\/api.w.org\/{rel}","templated":true}]}}