{"id":760702,"date":"2025-08-28T09:14:11","date_gmt":"2025-08-28T06:14:11","guid":{"rendered":"https:\/\/roveyayinevi.com.tr\/index.php\/urun\/spor-yonetimi-baglaminda-sosyallesme-ve-antrenor-oz-yeterligi\/"},"modified":"2026-04-16T03:13:31","modified_gmt":"2026-04-16T00:13:31","slug":"spor-yonetimi-baglaminda-sosyallesme-ve-antrenor-oz-yeterligi","status":"publish","type":"product","link":"https:\/\/roveyayinevi.com.tr\/index.php\/urun\/spor-yonetimi-baglaminda-sosyallesme-ve-antrenor-oz-yeterligi\/","title":{"rendered":"Spor Y\u00f6netimi Ba\u011flam\u0131nda Sosyalle\u015fme Ve Antren\u00f6r \u00d6z Yeterli\u011fi"},"content":{"rendered":"<p>\u0130\u00e7indekiler :         1. G\u0130R\u0130\u015e VE AMA\u00c7         2. GENEL B\u0130LG\u0130LER            3. Y\u00d6NTEM         4. BULGULAR         5. TARTI\u015eMA SONU\u00c7         6. KAYNAKLAR         7. EKLER <\/p>\n","protected":false},"excerpt":{"rendered":"<p>\u0130\u00e7indekiler : 1. G\u0130R\u0130\u015e VE AMA\u00c7 2. GENEL B\u0130LG\u0130LER 3. Y\u00d6NTEM 4. BULGULAR 5. TARTI\u015eMA SONU\u00c7 6. KAYNAKLAR 7. EKLER<\/p>\n","protected":false},"featured_media":0,"template":"","meta":{"_monsterinsights_skip_tracking":false,"_monsterinsights_sitenote_active":false,"_monsterinsights_sitenote_note":"","_monsterinsights_sitenote_category":0},"product_brand":[],"product_cat":[15563,15564],"product_tag":[],"class_list":{"0":"post-760702","1":"product","2":"type-product","3":"status-publish","5":"product_cat-hobi","6":"product_cat-spor","7":"pa_cilt-ciltsiz","8":"pa_tur-kitap","9":"pa_yayinevi-gazi-kitabevi","10":"pa_yazar-ibrahim-halil-korkmaz-resit-salan","12":"first","13":"instock","14":"sale","15":"shipping-taxable","16":"purchasable","17":"product-type-simple"},"_links":{"self":[{"href":"https:\/\/roveyayinevi.com.tr\/index.php\/wp-json\/wp\/v2\/product\/760702","targetHints":{"allow":["GET"]}}],"collection":[{"href":"https:\/\/roveyayinevi.com.tr\/index.php\/wp-json\/wp\/v2\/product"}],"about":[{"href":"https:\/\/roveyayinevi.com.tr\/index.php\/wp-json\/wp\/v2\/types\/product"}],"wp:attachment":[{"href":"https:\/\/roveyayinevi.com.tr\/index.php\/wp-json\/wp\/v2\/media?parent=760702"}],"wp:term":[{"taxonomy":"product_brand","embeddable":true,"href":"https:\/\/roveyayinevi.com.tr\/index.php\/wp-json\/wp\/v2\/product_brand?post=760702"},{"taxonomy":"product_cat","embeddable":true,"href":"https:\/\/roveyayinevi.com.tr\/index.php\/wp-json\/wp\/v2\/product_cat?post=760702"},{"taxonomy":"product_tag","embeddable":true,"href":"https:\/\/roveyayinevi.com.tr\/index.php\/wp-json\/wp\/v2\/product_tag?post=760702"}],"curies":[{"name":"wp","href":"https:\/\/api.w.org\/{rel}","templated":true}]}}