{"id":760698,"date":"2025-08-28T09:14:04","date_gmt":"2025-08-28T06:14:04","guid":{"rendered":"https:\/\/roveyayinevi.com.tr\/index.php\/urun\/narnia-gunlukleri-aslan-cadi-ve-dolap\/"},"modified":"2026-04-16T03:13:31","modified_gmt":"2026-04-16T00:13:31","slug":"narnia-gunlukleri-aslan-cadi-ve-dolap","status":"publish","type":"product","link":"https:\/\/roveyayinevi.com.tr\/index.php\/urun\/narnia-gunlukleri-aslan-cadi-ve-dolap\/","title":{"rendered":"Narnia G\u00fcnl\u00fckleri &#8211; Aslan, Cad\u0131 ve Dolap"},"content":{"rendered":"<p>KAPININ ARDINDAK\u0130 D\u00dcNYA Sonu gelmeyen bir k\u0131\u015f\u0131n h\u00fck\u00fcm s\u00fcrd\u00fc\u011f\u00fc, kurtar\u0131lmay\u0131 bekleyen bir \u00fclke: NARN\u0130A D\u00f6rt \u00e7ocuk, kald\u0131klar\u0131 evdeki dolab\u0131n i\u00e7inden Narnia \u00fclkesine ge\u00e7i\u015f oldu\u011funu fark eder. Narnia, Beyaz Cad\u0131\u2019n\u0131n esareti alt\u0131ndad\u0131r. T\u00fcm umutlar\u0131n t\u00fckendi\u011fi bir anda Aslan geri gelir. Ancak b\u00fcy\u00fck bir fedak\u00e2rl\u0131kta bulunmas\u0131 gerekmektedir. <\/p>\n","protected":false},"excerpt":{"rendered":"<p>KAPININ ARDINDAK\u0130 D\u00dcNYA Sonu gelmeyen bir k\u0131\u015f\u0131n h\u00fck\u00fcm s\u00fcrd\u00fc\u011f\u00fc, kurtar\u0131lmay\u0131 bekleyen bir \u00fclke: NARN\u0130A D\u00f6rt \u00e7ocuk, kald\u0131klar\u0131 evdeki dolab\u0131n i\u00e7inden Narnia \u00fclkesine ge\u00e7i\u015f oldu\u011funu fark eder.<span class=\"excerpt-hellip\"> [\u2026]<\/span><\/p>\n","protected":false},"featured_media":0,"template":"","meta":{"_monsterinsights_skip_tracking":false,"_monsterinsights_sitenote_active":false,"_monsterinsights_sitenote_note":"","_monsterinsights_sitenote_category":0},"product_brand":[],"product_cat":[12275,12274],"product_tag":[],"class_list":{"0":"post-760698","1":"product","2":"type-product","3":"status-publish","5":"product_cat-6-12-yas-kitaplari","6":"product_cat-cocuk-ve-genclik-kitaplari","7":"pa_cilt-ciltsiz","8":"pa_tur-kitap","9":"pa_yayinevi-x-libris","10":"pa_yazar-c-s-lewis","12":"first","13":"instock","14":"sale","15":"shipping-taxable","16":"purchasable","17":"product-type-simple"},"_links":{"self":[{"href":"https:\/\/roveyayinevi.com.tr\/index.php\/wp-json\/wp\/v2\/product\/760698","targetHints":{"allow":["GET"]}}],"collection":[{"href":"https:\/\/roveyayinevi.com.tr\/index.php\/wp-json\/wp\/v2\/product"}],"about":[{"href":"https:\/\/roveyayinevi.com.tr\/index.php\/wp-json\/wp\/v2\/types\/product"}],"wp:attachment":[{"href":"https:\/\/roveyayinevi.com.tr\/index.php\/wp-json\/wp\/v2\/media?parent=760698"}],"wp:term":[{"taxonomy":"product_brand","embeddable":true,"href":"https:\/\/roveyayinevi.com.tr\/index.php\/wp-json\/wp\/v2\/product_brand?post=760698"},{"taxonomy":"product_cat","embeddable":true,"href":"https:\/\/roveyayinevi.com.tr\/index.php\/wp-json\/wp\/v2\/product_cat?post=760698"},{"taxonomy":"product_tag","embeddable":true,"href":"https:\/\/roveyayinevi.com.tr\/index.php\/wp-json\/wp\/v2\/product_tag?post=760698"}],"curies":[{"name":"wp","href":"https:\/\/api.w.org\/{rel}","templated":true}]}}