{"id":760692,"date":"2025-08-28T09:13:53","date_gmt":"2025-08-28T06:13:53","guid":{"rendered":"https:\/\/roveyayinevi.com.tr\/index.php\/urun\/etrafim-psikopatlarla-dolu\/"},"modified":"2026-04-03T03:18:07","modified_gmt":"2026-04-03T00:18:07","slug":"etrafim-psikopatlarla-dolu","status":"publish","type":"product","link":"https:\/\/roveyayinevi.com.tr\/index.php\/urun\/etrafim-psikopatlarla-dolu\/","title":{"rendered":"Etraf\u0131m Psikopatlarla Dolu"},"content":{"rendered":"<p>Ak\u0131l\u00e7elici veya g\u00f6n\u00fcl\u00e7elici biri mi?Ya da davran\u0131\u015flar\u0131yla bir t\u00fcrl\u00fc ba\u015fa \u00e7\u0131kamad\u0131\u011f\u0131n\u0131z biri mi? Aman dikkat! D\u0131\u015far\u0131dan \u201cnormal\u201d g\u00f6r\u00fcnse de potansiyel bir psikopatla kar\u015f\u0131 kar\u015f\u0131ya olabilirsiniz. Ama ekranlarda g\u00f6rd\u00fc\u011f\u00fcn\u00fcz seri katilleri, canileri ve sapk\u0131nlar\u0131 unutun! Ger\u00e7ek psikopatlar aram\u0131zda: G\u00fcnbeg\u00fcn birlikte ya\u015fad\u0131\u011f\u0131m\u0131z ve \u00e7e\u015fitli gizli taktiklerle bizi etkisine alan, kontrol eden ve ak\u0131l almaz durumlar i\u00e7inde b\u0131rakan o s\u0131n\u0131fland\u0131rmas\u0131 zor ki\u015filer&#8230; D\u00fcnyada \u00fc\u00e7 milyondan fazla satan Etraf\u0131m Aptallarla Dolu\u2019nun yazar\u0131 Thomas Erikson Etraf\u0131m Psikopatlarla Dolu\u2019da tecr\u00fcbeyle sabit ara\u015ft\u0131rmalara dayanarak hayatlar\u0131m\u0131zdaki ola\u011fan psikopatlar\u0131 te\u015fhis ediyor. Yine d\u00f6rt renk ki\u015filik sistemini kullanan davran\u0131\u015f uzman\u0131  Erikson, her renge b\u00fcr\u00fcnebilen bu psikopatlar\u0131n farkl\u0131 karakter tiplerindeki insanlar\u0131 manip\u00fcle ederken nas\u0131l taktikler kulland\u0131klar\u0131n\u0131 ortaya seriyor. \u0130\u015fte bu kitapta yer alan, toplumsal hayattan, i\u015fyerinden, aile ortam\u0131ndan, yak\u0131n ili\u015fkilerden ya\u015fanm\u0131\u015f \u00f6rnekler sayesinde, ayn\u0131 zamanda s\u0131radan ili\u015fkilerdeki manip\u00fclasyon ve tesir unsurlar\u0131n\u0131 g\u00f6rmeyi \u00f6\u011frenece\u011fiz. Bu t\u00fcr davran\u0131\u015flardan korunmam\u0131z\u0131 ve toksik ili\u015fkilerden kurtulmam\u0131z\u0131 sa\u011flayabilecek pratik y\u00f6ntemleri de \u00f6\u011frenerek daha sa\u011fl\u0131kl\u0131 ili\u015fkilere do\u011fru yol alabilece\u011fiz.<\/p>\n","protected":false},"excerpt":{"rendered":"<p>Ak\u0131l\u00e7elici veya g\u00f6n\u00fcl\u00e7elici biri mi?Ya da davran\u0131\u015flar\u0131yla bir t\u00fcrl\u00fc ba\u015fa \u00e7\u0131kamad\u0131\u011f\u0131n\u0131z biri mi? Aman dikkat! D\u0131\u015far\u0131dan \u201cnormal\u201d g\u00f6r\u00fcnse de potansiyel bir psikopatla kar\u015f\u0131 kar\u015f\u0131ya olabilirsiniz. Ama<span class=\"excerpt-hellip\"> [\u2026]<\/span><\/p>\n","protected":false},"featured_media":0,"template":"","meta":{"_monsterinsights_skip_tracking":false,"_monsterinsights_sitenote_active":false,"_monsterinsights_sitenote_note":"","_monsterinsights_sitenote_category":0},"product_brand":[],"product_cat":[12364,12376],"product_tag":[],"class_list":{"0":"post-760692","1":"product","2":"type-product","3":"status-publish","5":"product_cat-genel-konular","6":"product_cat-kisisel-gelisim","7":"pa_cilt-ciltsiz","8":"pa_tur-kitap","9":"pa_yayinevi-koridor-yayincilik","10":"pa_yazar-thomas-erikson","12":"first","13":"instock","14":"sale","15":"shipping-taxable","16":"purchasable","17":"product-type-simple"},"_links":{"self":[{"href":"https:\/\/roveyayinevi.com.tr\/index.php\/wp-json\/wp\/v2\/product\/760692","targetHints":{"allow":["GET"]}}],"collection":[{"href":"https:\/\/roveyayinevi.com.tr\/index.php\/wp-json\/wp\/v2\/product"}],"about":[{"href":"https:\/\/roveyayinevi.com.tr\/index.php\/wp-json\/wp\/v2\/types\/product"}],"wp:attachment":[{"href":"https:\/\/roveyayinevi.com.tr\/index.php\/wp-json\/wp\/v2\/media?parent=760692"}],"wp:term":[{"taxonomy":"product_brand","embeddable":true,"href":"https:\/\/roveyayinevi.com.tr\/index.php\/wp-json\/wp\/v2\/product_brand?post=760692"},{"taxonomy":"product_cat","embeddable":true,"href":"https:\/\/roveyayinevi.com.tr\/index.php\/wp-json\/wp\/v2\/product_cat?post=760692"},{"taxonomy":"product_tag","embeddable":true,"href":"https:\/\/roveyayinevi.com.tr\/index.php\/wp-json\/wp\/v2\/product_tag?post=760692"}],"curies":[{"name":"wp","href":"https:\/\/api.w.org\/{rel}","templated":true}]}}