{"id":760691,"date":"2025-08-28T09:13:51","date_gmt":"2025-08-28T06:13:51","guid":{"rendered":"https:\/\/roveyayinevi.com.tr\/index.php\/urun\/dikenli-zincir-ciltli\/"},"modified":"2026-04-16T03:13:31","modified_gmt":"2026-04-16T00:13:31","slug":"dikenli-zincir-ciltli","status":"publish","type":"product","link":"https:\/\/roveyayinevi.com.tr\/index.php\/urun\/dikenli-zincir-ciltli\/","title":{"rendered":"Dikenli Zincir (Ciltli)"},"content":{"rendered":"<p>James ve Cordelia, yazar Cassandra Clare&#8217;in Son Saatler serisinin bu son kitab\u0131nda Londra&#8217;y\u0131 ve evliliklerini kurtarmak zorunda. Dikenli Zinciri bir G\u00f6lge Avc\u0131s\u0131 roman\u0131d\u0131r.   Cordelia Carstairs kendisi i\u00e7in \u00f6nemli olan her \u015feyi kaybetmi\u015ftir. Sadece birka\u00e7 hafta i\u00e7inde babas\u0131n\u0131n \u00f6ld\u00fcr\u00fcld\u00fc\u011f\u00fcn\u00fc, en yak\u0131n arkada\u015f\u0131 Lucie ile parabatai olma planlar\u0131n\u0131n yok oldu\u011funu ve James Herondale ile olan evlili\u011finin g\u00f6zlerinin \u00f6n\u00fcnde par\u00e7aland\u0131\u011f\u0131n\u0131 g\u00f6rm\u00fc\u015ft\u00fcr. Daha da k\u00f6t\u00fcs\u00fc, art\u0131k kadim bir iblis olan Lilith&#8217;e ba\u011fl\u0131d\u0131r ve bir G\u00f6lge Avc\u0131s\u0131 olarak g\u00fcc\u00fc elinden al\u0131nmaktad\u0131r.   Matthew Fairchild ile Paris&#8217;e ka\u00e7an Cordelia, \u015fehrin \u0131\u015f\u0131lt\u0131l\u0131 gece hayat\u0131nda ac\u0131lar\u0131n\u0131 unutmay\u0131 ummaktad\u0131r. Ancak evden \u015fok edici haberler gelince ger\u00e7ekler ortaya \u00e7\u0131kar: Tatiana Blackthorn, Adamant Kalesi&#8217;nden ka\u00e7m\u0131\u015ft\u0131r ve Londra, Cehennem Prensi Belial taraf\u0131ndan yeni bir tehdit alt\u0131ndad\u0131r.   Cordelia kaos ve ihtilaf kar\u015f\u0131s\u0131nda par\u00e7alanm\u0131\u015f bir Londra&#8217;ya geri d\u00f6ner. Belial&#8217;\u0131n James ve Lucie&#8217;nin b\u00fcy\u00fckbabas\u0131 oldu\u011funa dair uzun zamand\u0131r saklanan s\u0131r, beklenmedik bir d\u00fc\u015fman taraf\u0131ndan ortaya \u00e7\u0131kar\u0131lm\u0131\u015ft\u0131r ve Herondale&#8217;ler kendilerini iblislerle i\u015f yapt\u0131klar\u0131 \u015f\u00fcphesi alt\u0131nda bulurlar. Cordelia, James&#8217;i korumay\u0131 arzulamaktad\u0131r ancak uzun zamand\u0131r umutsuz oldu\u011funa inand\u0131\u011f\u0131 James&#8217;e olan a\u015fk\u0131 ile Matthew&#8217;la yeni bir hayat olas\u0131l\u0131\u011f\u0131 aras\u0131nda kalm\u0131\u015ft\u0131r. Arkada\u015flar\u0131 da ona yard\u0131m edemez; kendi s\u0131rlar\u0131yla par\u00e7alanm\u0131\u015flard\u0131r ve ba\u015flar\u0131na geleceklerle tek ba\u015flar\u0131na y\u00fczle\u015fmeye mahk\u00fbm g\u00f6r\u00fcnmektedirler.   \u00c7\u00fcnk\u00fc zaman k\u0131s\u0131tl\u0131d\u0131r ve Belial&#8217;\u0131n plan\u0131; Cordelia, Lucie ve Ne\u015feli Haydutlar&#8217;\u0131 her t\u00fcrl\u00fc yard\u0131mdan uzak tutacak \u00f6l\u00fcmc\u00fcl bir dalga misali Londra&#8217;daki G\u00f6lge Avc\u0131lar\u0131&#8217;na \u00e7arpmak \u00fczeredir. G\u00f6lgeler i\u00e7indeki Londra&#8217;da tek ba\u015flar\u0131na kald\u0131klar\u0131nda Belial&#8217;\u0131n \u00f6l\u00fcmc\u00fcl ordusuyla y\u00fczle\u015fmek zorundad\u0131rlar. Cordelia ve arkada\u015flar\u0131 \u015fehirlerini ve ailelerini kurtarmak istiyorlarsa cesaretlerini toplamal\u0131, gururlar\u0131n\u0131 bir kenara b\u0131rakmal\u0131 ve birbirlerine yeniden g\u00fcvenmelidirler. \u00c7\u00fcnk\u00fc ba\u015far\u0131s\u0131z olurlarsa her \u015feylerini, hatta ruhlar\u0131n\u0131 bile kaybedebilirler.<\/p>\n","protected":false},"excerpt":{"rendered":"<p>James ve Cordelia, yazar Cassandra Clare&#8217;in Son Saatler serisinin bu son kitab\u0131nda Londra&#8217;y\u0131 ve evliliklerini kurtarmak zorunda. Dikenli Zinciri bir G\u00f6lge Avc\u0131s\u0131 roman\u0131d\u0131r. Cordelia Carstairs kendisi<span class=\"excerpt-hellip\"> [\u2026]<\/span><\/p>\n","protected":false},"featured_media":0,"template":"","meta":{"_monsterinsights_skip_tracking":false,"_monsterinsights_sitenote_active":false,"_monsterinsights_sitenote_note":"","_monsterinsights_sitenote_category":0},"product_brand":[],"product_cat":[12291,14777],"product_tag":[],"class_list":{"0":"post-760691","1":"product","2":"type-product","3":"status-publish","5":"product_cat-edebiyat","6":"product_cat-fantastik","7":"pa_cilt-ciltli","8":"pa_tur-kitap","9":"pa_yayinevi-artemis-yayinlari","10":"pa_yazar-cassandra-clare","12":"first","13":"instock","14":"sale","15":"shipping-taxable","16":"purchasable","17":"product-type-simple"},"_links":{"self":[{"href":"https:\/\/roveyayinevi.com.tr\/index.php\/wp-json\/wp\/v2\/product\/760691","targetHints":{"allow":["GET"]}}],"collection":[{"href":"https:\/\/roveyayinevi.com.tr\/index.php\/wp-json\/wp\/v2\/product"}],"about":[{"href":"https:\/\/roveyayinevi.com.tr\/index.php\/wp-json\/wp\/v2\/types\/product"}],"wp:attachment":[{"href":"https:\/\/roveyayinevi.com.tr\/index.php\/wp-json\/wp\/v2\/media?parent=760691"}],"wp:term":[{"taxonomy":"product_brand","embeddable":true,"href":"https:\/\/roveyayinevi.com.tr\/index.php\/wp-json\/wp\/v2\/product_brand?post=760691"},{"taxonomy":"product_cat","embeddable":true,"href":"https:\/\/roveyayinevi.com.tr\/index.php\/wp-json\/wp\/v2\/product_cat?post=760691"},{"taxonomy":"product_tag","embeddable":true,"href":"https:\/\/roveyayinevi.com.tr\/index.php\/wp-json\/wp\/v2\/product_tag?post=760691"}],"curies":[{"name":"wp","href":"https:\/\/api.w.org\/{rel}","templated":true}]}}