{"id":760688,"date":"2025-08-28T09:13:45","date_gmt":"2025-08-28T06:13:45","guid":{"rendered":"https:\/\/roveyayinevi.com.tr\/index.php\/urun\/hapsolmus-ruhlar\/"},"modified":"2026-04-16T03:13:31","modified_gmt":"2026-04-16T00:13:31","slug":"hapsolmus-ruhlar","status":"publish","type":"product","link":"https:\/\/roveyayinevi.com.tr\/index.php\/urun\/hapsolmus-ruhlar\/","title":{"rendered":"Hapsolmu\u015f Ruhlar"},"content":{"rendered":"<p>D\u00f6rt yak\u0131n arkada\u015f\u0131n hayatlar\u0131, bir seri katilin etraflar\u0131ndaki herkesi \u00f6ld\u00fcrmeye ba\u015flamas\u0131 ve ard\u0131nda notlar b\u0131rakmas\u0131yla bir anda k\u00e2busa d\u00f6ner. Ama katil yapt\u0131klar\u0131n\u0131n fark\u0131nda bile de\u011fildir. D\u00f6rt arkada\u015f da s\u0131radaki hedefin kendisi oldu\u011funu d\u00fc\u015f\u00fcnd\u00fc\u011f\u00fcnden b\u00fct\u00fcn hayatlar\u0131 alt \u00fcst olmu\u015ftur ve i\u00e7lerinden dedektif olan Noah, bu olay\u0131 \u00e7\u00f6zmek i\u00e7in b\u00fcy\u00fck bir \u00e7aba g\u00f6stermeye ba\u015flar. Etrafindaki insanlar bir bir \u00f6ld\u00fcr\u00fcl\u00fcrken ge\u00e7mi\u015fle gelecek aras\u0131nda gidip gelen bu olaylar silsilesi i\u00e7inde Noah katilin kim oldu\u011funu bulabilecek midir?<\/p>\n","protected":false},"excerpt":{"rendered":"<p>D\u00f6rt yak\u0131n arkada\u015f\u0131n hayatlar\u0131, bir seri katilin etraflar\u0131ndaki herkesi \u00f6ld\u00fcrmeye ba\u015flamas\u0131 ve ard\u0131nda notlar b\u0131rakmas\u0131yla bir anda k\u00e2busa d\u00f6ner. Ama katil yapt\u0131klar\u0131n\u0131n fark\u0131nda bile de\u011fildir. D\u00f6rt<span class=\"excerpt-hellip\"> [\u2026]<\/span><\/p>\n","protected":false},"featured_media":0,"template":"","meta":{"_monsterinsights_skip_tracking":false,"_monsterinsights_sitenote_active":false,"_monsterinsights_sitenote_note":"","_monsterinsights_sitenote_category":0},"product_brand":[],"product_cat":[12291,12711],"product_tag":[],"class_list":{"0":"post-760688","1":"product","2":"type-product","3":"status-publish","5":"product_cat-edebiyat","6":"product_cat-roman-oyku","7":"pa_cilt-ciltsiz","8":"pa_tur-kitap","9":"pa_yayinevi-platanus-publishing","10":"pa_yazar-gulnihal-koc","12":"first","13":"instock","14":"sale","15":"shipping-taxable","16":"purchasable","17":"product-type-simple"},"_links":{"self":[{"href":"https:\/\/roveyayinevi.com.tr\/index.php\/wp-json\/wp\/v2\/product\/760688","targetHints":{"allow":["GET"]}}],"collection":[{"href":"https:\/\/roveyayinevi.com.tr\/index.php\/wp-json\/wp\/v2\/product"}],"about":[{"href":"https:\/\/roveyayinevi.com.tr\/index.php\/wp-json\/wp\/v2\/types\/product"}],"wp:attachment":[{"href":"https:\/\/roveyayinevi.com.tr\/index.php\/wp-json\/wp\/v2\/media?parent=760688"}],"wp:term":[{"taxonomy":"product_brand","embeddable":true,"href":"https:\/\/roveyayinevi.com.tr\/index.php\/wp-json\/wp\/v2\/product_brand?post=760688"},{"taxonomy":"product_cat","embeddable":true,"href":"https:\/\/roveyayinevi.com.tr\/index.php\/wp-json\/wp\/v2\/product_cat?post=760688"},{"taxonomy":"product_tag","embeddable":true,"href":"https:\/\/roveyayinevi.com.tr\/index.php\/wp-json\/wp\/v2\/product_tag?post=760688"}],"curies":[{"name":"wp","href":"https:\/\/api.w.org\/{rel}","templated":true}]}}