{"id":760687,"date":"2025-08-28T09:13:44","date_gmt":"2025-08-28T06:13:44","guid":{"rendered":"https:\/\/roveyayinevi.com.tr\/index.php\/urun\/saglik-bilimlerinde-akademisyenlige-baslarken\/"},"modified":"2026-04-16T03:13:31","modified_gmt":"2026-04-16T00:13:31","slug":"saglik-bilimlerinde-akademisyenlige-baslarken","status":"publish","type":"product","link":"https:\/\/roveyayinevi.com.tr\/index.php\/urun\/saglik-bilimlerinde-akademisyenlige-baslarken\/","title":{"rendered":"Sa\u011fl\u0131k Bilimlerinde Akademisyenli\u011fe Ba\u015flarken"},"content":{"rendered":"<p>Sa\u011fl\u0131k Bilimlerinde Akademisyenli\u011fe Ba\u015flarken<\/p>\n","protected":false},"excerpt":{"rendered":"<p>Sa\u011fl\u0131k Bilimlerinde Akademisyenli\u011fe Ba\u015flarken<\/p>\n","protected":false},"featured_media":0,"template":"","meta":{"_monsterinsights_skip_tracking":false,"_monsterinsights_sitenote_active":false,"_monsterinsights_sitenote_note":"","_monsterinsights_sitenote_category":0},"product_brand":[],"product_cat":[13365],"product_tag":[],"class_list":{"0":"post-760687","1":"product","2":"type-product","3":"status-publish","5":"product_cat-saglik","6":"pa_cilt-ciltsiz","7":"pa_tur-kitap","8":"pa_yayinevi-platanus-publishing","9":"pa_yazar-hatice-seyma-akca-serdar-ozdemir","11":"first","12":"instock","13":"sale","14":"shipping-taxable","15":"purchasable","16":"product-type-simple"},"_links":{"self":[{"href":"https:\/\/roveyayinevi.com.tr\/index.php\/wp-json\/wp\/v2\/product\/760687","targetHints":{"allow":["GET"]}}],"collection":[{"href":"https:\/\/roveyayinevi.com.tr\/index.php\/wp-json\/wp\/v2\/product"}],"about":[{"href":"https:\/\/roveyayinevi.com.tr\/index.php\/wp-json\/wp\/v2\/types\/product"}],"wp:attachment":[{"href":"https:\/\/roveyayinevi.com.tr\/index.php\/wp-json\/wp\/v2\/media?parent=760687"}],"wp:term":[{"taxonomy":"product_brand","embeddable":true,"href":"https:\/\/roveyayinevi.com.tr\/index.php\/wp-json\/wp\/v2\/product_brand?post=760687"},{"taxonomy":"product_cat","embeddable":true,"href":"https:\/\/roveyayinevi.com.tr\/index.php\/wp-json\/wp\/v2\/product_cat?post=760687"},{"taxonomy":"product_tag","embeddable":true,"href":"https:\/\/roveyayinevi.com.tr\/index.php\/wp-json\/wp\/v2\/product_tag?post=760687"}],"curies":[{"name":"wp","href":"https:\/\/api.w.org\/{rel}","templated":true}]}}