{"id":760686,"date":"2025-08-28T09:13:42","date_gmt":"2025-08-28T06:13:42","guid":{"rendered":"https:\/\/roveyayinevi.com.tr\/index.php\/urun\/ayrancida-bir-apartman\/"},"modified":"2026-04-16T03:13:31","modified_gmt":"2026-04-16T00:13:31","slug":"ayrancida-bir-apartman","status":"publish","type":"product","link":"https:\/\/roveyayinevi.com.tr\/index.php\/urun\/ayrancida-bir-apartman\/","title":{"rendered":"Ayranc\u0131&#8217;da Bir Apartman"},"content":{"rendered":"<p>Do\u011fdu\u011fumuz evlerde \u00f6lm\u00fcyoruz. Her \u015feyin yenisinin cazip oldu\u011fu bir \u00e7a\u011f\u0131n insanlar\u0131y\u0131z. Bu \u201cyeni\u201dli\u011fe \u015fehirlerimiz, mahallelerimiz de dahil. Neredeyse her \u015fehrin bir \u201cyeni\u015fehir\u201di bir de \u201cyeni mahalle\u201dsi var; eskisini hemen unutmaya, unutam\u0131yorsak da g\u00f6rmezden gelmeye \u00e7ok yatk\u0131n\u0131z. Yar\u0131na kalmak i\u00e7in \u015fehrin insanlar\u0131n\u0131, al\u0131\u015fkanl\u0131klar\u0131n\u0131, zamanlar\u0131n\u0131 ve mek\u00e2nlar\u0131n\u0131 sayfalar aras\u0131na kaydetmek gerekiyor. Bu kitap, yaz\u0131ld\u0131\u011f\u0131 d\u00f6nem Ankara&#8217;s\u0131n\u0131n insanlar\u0131n\u0131, mek\u00e2nlar\u0131n\u0131, zamanlar\u0131n\u0131 ve baz\u0131 al\u0131\u015fkanl\u0131klar\u0131n\u0131 anlat\u0131yor. Yazar, yar\u0131na kalmak umuduyla &#8220;Ben ya\u015farken Ankara b\u00f6yleydi.&#8221; c\u00fcmlesini farkl\u0131 hik\u00e2yelerde, defalarca yeniden kuruyor. <\/p>\n","protected":false},"excerpt":{"rendered":"<p>Do\u011fdu\u011fumuz evlerde \u00f6lm\u00fcyoruz. Her \u015feyin yenisinin cazip oldu\u011fu bir \u00e7a\u011f\u0131n insanlar\u0131y\u0131z. Bu \u201cyeni\u201dli\u011fe \u015fehirlerimiz, mahallelerimiz de dahil. Neredeyse her \u015fehrin bir \u201cyeni\u015fehir\u201di bir de \u201cyeni mahalle\u201dsi<span class=\"excerpt-hellip\"> [\u2026]<\/span><\/p>\n","protected":false},"featured_media":0,"template":"","meta":{"_monsterinsights_skip_tracking":false,"_monsterinsights_sitenote_active":false,"_monsterinsights_sitenote_note":"","_monsterinsights_sitenote_category":0},"product_brand":[],"product_cat":[12291,12711],"product_tag":[],"class_list":{"0":"post-760686","1":"product","2":"type-product","3":"status-publish","5":"product_cat-edebiyat","6":"product_cat-roman-oyku","7":"pa_cilt-ciltsiz","8":"pa_tur-kitap","9":"pa_yayinevi-liman-kitaplar","10":"pa_yazar-harun-kaban","12":"first","13":"instock","14":"sale","15":"shipping-taxable","16":"purchasable","17":"product-type-simple"},"_links":{"self":[{"href":"https:\/\/roveyayinevi.com.tr\/index.php\/wp-json\/wp\/v2\/product\/760686","targetHints":{"allow":["GET"]}}],"collection":[{"href":"https:\/\/roveyayinevi.com.tr\/index.php\/wp-json\/wp\/v2\/product"}],"about":[{"href":"https:\/\/roveyayinevi.com.tr\/index.php\/wp-json\/wp\/v2\/types\/product"}],"wp:attachment":[{"href":"https:\/\/roveyayinevi.com.tr\/index.php\/wp-json\/wp\/v2\/media?parent=760686"}],"wp:term":[{"taxonomy":"product_brand","embeddable":true,"href":"https:\/\/roveyayinevi.com.tr\/index.php\/wp-json\/wp\/v2\/product_brand?post=760686"},{"taxonomy":"product_cat","embeddable":true,"href":"https:\/\/roveyayinevi.com.tr\/index.php\/wp-json\/wp\/v2\/product_cat?post=760686"},{"taxonomy":"product_tag","embeddable":true,"href":"https:\/\/roveyayinevi.com.tr\/index.php\/wp-json\/wp\/v2\/product_tag?post=760686"}],"curies":[{"name":"wp","href":"https:\/\/api.w.org\/{rel}","templated":true}]}}