{"id":760683,"date":"2025-08-28T09:13:36","date_gmt":"2025-08-28T06:13:36","guid":{"rendered":"https:\/\/roveyayinevi.com.tr\/index.php\/urun\/ekmek-egitim-ozgurluk\/"},"modified":"2026-04-16T03:13:31","modified_gmt":"2026-04-16T00:13:31","slug":"ekmek-egitim-ozgurluk","status":"publish","type":"product","link":"https:\/\/roveyayinevi.com.tr\/index.php\/urun\/ekmek-egitim-ozgurluk\/","title":{"rendered":"Ekmek, E\u011fitim, \u00d6zg\u00fcrl\u00fck"},"content":{"rendered":"<p>Petros Markaris, Ekmek, E\u011fitim, \u00d6zg\u00fcrl\u00fck\u2019te Yunanistan\u2019\u0131n yak\u0131n ge\u00e7mi\u015fini halla\u00e7 pamu\u011fu gibi at\u0131yor ve pek \u00e7ok pislik g\u00fcn y\u00fcz\u00fcne \u00e7\u0131k\u0131yor. Bug\u00fcn\u00fcn sefaletinden d\u00fcn\u00fcn kahramanlar\u0131 m\u0131 sorumlu? Askeri diktat\u00f6rl\u00fc\u011fe kar\u015f\u0131 ayaklanmadan k\u0131rk y\u0131l sonra, birileri \u00f6\u011frenci hareketinin y\u0131llar \u00f6nce hayk\u0131rarak vaat ettiklerini tekrar dile getirmeye ba\u015flam\u0131\u015ft\u0131r: Ekmek, E\u011fitim, \u00d6zg\u00fcrl\u00fck! Ancak yollar cesetlerle doludur ve Yunanistan drahmiye geri d\u00f6nm\u00fc\u015f haldedir. Tek \u00f6ncelik hayatta kalmakt\u0131r: insanlar i\u015flerinden olmu\u015f, maa\u015flar kesilmi\u015f ve bir seri katil, askeri cuntaya kar\u015f\u0131 ayakland\u0131ktan sonra kariyer basamaklar\u0131n\u0131 h\u0131zla t\u0131rmanan \u00f6nde gelen solcular\u0131 hedef almaya ba\u015flam\u0131\u015ft\u0131r. Peki, bu cinayetlerin arkas\u0131nda kim vard\u0131r? A\u015f\u0131r\u0131 sa\u011fc\u0131 biri mi? Yoksa ge\u00e7mi\u015fte i\u015fledi\u011fi su\u00e7lar\u0131n intikam\u0131n\u0131 almak isteyen biri mi? Komiser Haritos, son \u00fc\u00e7 ayd\u0131r maa\u015f\u0131n\u0131 almadan ge\u00e7inmek zorunda kalmas\u0131na ra\u011fmen katilin anlaml\u0131 ipu\u00e7lar\u0131n\u0131 kendine \u00f6zg\u00fc inat\u00e7\u0131l\u0131\u011f\u0131yla takip etmektedir. Bu bir su\u00e7 roman\u0131ndan \u00e7ok daha fazlas\u0131: Bir ulusun u\u00e7uruma s\u00fcr\u00fckleni\u015fine ve trajedisine berrak ve ac\u0131mas\u0131z bir bak\u0131\u015f. \u2013La Stampa Yak\u0131n Yunan tarihine dair su\u00e7 roman\u0131 olarak kamufle edilmi\u015f bir ders. \u2013Der Spiegel <\/p>\n","protected":false},"excerpt":{"rendered":"<p>Petros Markaris, Ekmek, E\u011fitim, \u00d6zg\u00fcrl\u00fck\u2019te Yunanistan\u2019\u0131n yak\u0131n ge\u00e7mi\u015fini halla\u00e7 pamu\u011fu gibi at\u0131yor ve pek \u00e7ok pislik g\u00fcn y\u00fcz\u00fcne \u00e7\u0131k\u0131yor. Bug\u00fcn\u00fcn sefaletinden d\u00fcn\u00fcn kahramanlar\u0131 m\u0131 sorumlu? Askeri<span class=\"excerpt-hellip\"> [\u2026]<\/span><\/p>\n","protected":false},"featured_media":0,"template":"","meta":{"_monsterinsights_skip_tracking":false,"_monsterinsights_sitenote_active":false,"_monsterinsights_sitenote_note":"","_monsterinsights_sitenote_category":0},"product_brand":[],"product_cat":[12291,15445],"product_tag":[],"class_list":{"0":"post-760683","1":"product","2":"type-product","3":"status-publish","5":"product_cat-edebiyat","6":"product_cat-polisiye","7":"pa_cilt-ciltsiz","8":"pa_tur-kitap","9":"pa_yayinevi-alfa-yayinlari","10":"pa_yazar-petros-markaris","12":"first","13":"instock","14":"sale","15":"shipping-taxable","16":"purchasable","17":"product-type-simple"},"_links":{"self":[{"href":"https:\/\/roveyayinevi.com.tr\/index.php\/wp-json\/wp\/v2\/product\/760683","targetHints":{"allow":["GET"]}}],"collection":[{"href":"https:\/\/roveyayinevi.com.tr\/index.php\/wp-json\/wp\/v2\/product"}],"about":[{"href":"https:\/\/roveyayinevi.com.tr\/index.php\/wp-json\/wp\/v2\/types\/product"}],"wp:attachment":[{"href":"https:\/\/roveyayinevi.com.tr\/index.php\/wp-json\/wp\/v2\/media?parent=760683"}],"wp:term":[{"taxonomy":"product_brand","embeddable":true,"href":"https:\/\/roveyayinevi.com.tr\/index.php\/wp-json\/wp\/v2\/product_brand?post=760683"},{"taxonomy":"product_cat","embeddable":true,"href":"https:\/\/roveyayinevi.com.tr\/index.php\/wp-json\/wp\/v2\/product_cat?post=760683"},{"taxonomy":"product_tag","embeddable":true,"href":"https:\/\/roveyayinevi.com.tr\/index.php\/wp-json\/wp\/v2\/product_tag?post=760683"}],"curies":[{"name":"wp","href":"https:\/\/api.w.org\/{rel}","templated":true}]}}