{"id":760680,"date":"2025-08-28T09:13:28","date_gmt":"2025-08-28T06:13:28","guid":{"rendered":"https:\/\/roveyayinevi.com.tr\/index.php\/urun\/kanli-yagmur\/"},"modified":"2026-04-16T03:13:31","modified_gmt":"2026-04-16T00:13:31","slug":"kanli-yagmur","status":"publish","type":"product","link":"https:\/\/roveyayinevi.com.tr\/index.php\/urun\/kanli-yagmur\/","title":{"rendered":"Kanl\u0131 Ya\u011fmur"},"content":{"rendered":"<p>\u201cB\u0130R KAN B\u0130R CAN, B\u0130R KANA B\u0130R CAN\u201d   Normal bir lise hayat\u0131 olaca\u011f\u0131n\u0131 d\u00fc\u015f\u00fcn\u00fcyordu Alev. Lakin tan\u0131\u015ft\u0131\u011f\u0131 ve i\u00e7erisine girdi\u011fi bir arkada\u015f grubunun b\u00fct\u00fcn hayat\u0131na m\u00e2l olabilece\u011fini nerden bilebilirdi? Hayata g\u00f6zlerini a\u00e7t\u0131\u011f\u0131ndan beri bir \u015feylerin ters gitti\u011finin fark\u0131ndayd\u0131. Normal bir hayata sahip de\u011fildi bunun herkes bilicindeydi. \u00dclkenin en zengin bireyinin \u00e7ocu\u011fu olma y\u00fck\u00fcn\u00fc ta\u015f\u0131yabilecek miydi bu masum beden? G\u00f6zya\u015flar\u0131n\u0131 kendi silebilecek mi? Ya da g\u00f6zya\u015flar\u0131 mezar\u0131na d\u00f6k\u00fclen su taneciklerinden ibaret mi olacakt\u0131? <\/p>\n","protected":false},"excerpt":{"rendered":"<p>\u201cB\u0130R KAN B\u0130R CAN, B\u0130R KANA B\u0130R CAN\u201d Normal bir lise hayat\u0131 olaca\u011f\u0131n\u0131 d\u00fc\u015f\u00fcn\u00fcyordu Alev. Lakin tan\u0131\u015ft\u0131\u011f\u0131 ve i\u00e7erisine girdi\u011fi bir arkada\u015f grubunun b\u00fct\u00fcn hayat\u0131na m\u00e2l<span class=\"excerpt-hellip\"> [\u2026]<\/span><\/p>\n","protected":false},"featured_media":0,"template":"","meta":{"_monsterinsights_skip_tracking":false,"_monsterinsights_sitenote_active":false,"_monsterinsights_sitenote_note":"","_monsterinsights_sitenote_category":0},"product_brand":[],"product_cat":[12291,12711],"product_tag":[],"class_list":{"0":"post-760680","1":"product","2":"type-product","3":"status-publish","5":"product_cat-edebiyat","6":"product_cat-roman-oyku","7":"pa_cilt-ciltsiz","8":"pa_tur-kitap","9":"pa_yayinevi-gulnar-yayinlari","10":"pa_yazar-irem-ilgim-demirci","12":"first","13":"instock","14":"sale","15":"shipping-taxable","16":"purchasable","17":"product-type-simple"},"_links":{"self":[{"href":"https:\/\/roveyayinevi.com.tr\/index.php\/wp-json\/wp\/v2\/product\/760680","targetHints":{"allow":["GET"]}}],"collection":[{"href":"https:\/\/roveyayinevi.com.tr\/index.php\/wp-json\/wp\/v2\/product"}],"about":[{"href":"https:\/\/roveyayinevi.com.tr\/index.php\/wp-json\/wp\/v2\/types\/product"}],"wp:attachment":[{"href":"https:\/\/roveyayinevi.com.tr\/index.php\/wp-json\/wp\/v2\/media?parent=760680"}],"wp:term":[{"taxonomy":"product_brand","embeddable":true,"href":"https:\/\/roveyayinevi.com.tr\/index.php\/wp-json\/wp\/v2\/product_brand?post=760680"},{"taxonomy":"product_cat","embeddable":true,"href":"https:\/\/roveyayinevi.com.tr\/index.php\/wp-json\/wp\/v2\/product_cat?post=760680"},{"taxonomy":"product_tag","embeddable":true,"href":"https:\/\/roveyayinevi.com.tr\/index.php\/wp-json\/wp\/v2\/product_tag?post=760680"}],"curies":[{"name":"wp","href":"https:\/\/api.w.org\/{rel}","templated":true}]}}