{"id":760678,"date":"2025-08-28T09:13:24","date_gmt":"2025-08-28T06:13:24","guid":{"rendered":"https:\/\/roveyayinevi.com.tr\/index.php\/urun\/yaratici-yazarlik-hayal-gucuyle-yazmak\/"},"modified":"2026-04-16T03:13:31","modified_gmt":"2026-04-16T00:13:31","slug":"yaratici-yazarlik-hayal-gucuyle-yazmak","status":"publish","type":"product","link":"https:\/\/roveyayinevi.com.tr\/index.php\/urun\/yaratici-yazarlik-hayal-gucuyle-yazmak\/","title":{"rendered":"Yarat\u0131c\u0131 Yazarl\u0131k: Hayal G\u00fcc\u00fcyle Yazmak"},"content":{"rendered":"<p>Hayal g\u00fcc\u00fcn\u00fcn s\u0131rr\u0131n\u0131 ke\u015ffedin ve daha iyi yazmaya ba\u015flay\u0131n!   Kurmaca, yazar\u0131n hayal g\u00fcc\u00fcnden okurun hayal g\u00fcc\u00fcne do\u011fru yap\u0131lan bir yolculuktur. Fakat yolculu\u011fun ba\u015far\u0131l\u0131 bir \u015fekilde tamamlanmas\u0131 i\u00e7in yazan ki\u015finin atmas\u0131 gereken ad\u0131mlar vard\u0131r. Yazma bilgi ve becerisini geli\u015ftirmek i\u00e7in \u00e7al\u0131\u015fmayan bir insan\u0131n y\u0131llard\u0131r tasarlad\u0131\u011f\u0131 o harika roman ya da \u00f6yk\u00fc fikrini hayata ge\u00e7irememesinden do\u011fal ne olabilir? Belki \u00e7ok okumu\u015ftur, \u00e7ok ara\u015ft\u0131rm\u0131\u015ft\u0131r hatta ona g\u00f6re yazmak i\u00e7in her \u015fey haz\u0131rd\u0131r. Ama &#8220;Kitap yaz\u0131yorum\u201d d\u00fc\u015f\u00fcncesiyle ba\u015flayan roman ya da k\u0131sa \u00f6yk\u00fc yazma giri\u015fimleri \u00e7o\u011fu zaman yar\u0131m kal\u0131r veya ortaya \u00e7alakalem yaz\u0131lm\u0131\u015f bir metin \u00e7\u0131kar. \u00c7\u00fcnk\u00fc bunlar yazma becerisini geli\u015ftirmeden, haz\u0131rl\u0131ks\u0131z yap\u0131lan giri\u015fimlerdir. \u00dcstelik yazma becerisi tek ba\u015f\u0131na yeterli de\u011fildir. Yazmak istiyorsan\u0131z sahip oldu\u011funuz birikimi hayal g\u00fcc\u00fcn\u00fcz arac\u0131l\u0131\u011f\u0131yla kurmacaya nas\u0131l d\u00f6n\u00fc\u015ft\u00fcrebilece\u011finizi \u00f6\u011frenmeniz ve hayal g\u00fcc\u00fcn\u00fcz\u00fc bu do\u011frultuda e\u011fitmeniz gerekir.   Yarat\u0131c\u0131 Yazarl\u0131k: Hayal G\u00fcc\u00fcyle Yazmak ile hayal g\u00fcc\u00fcn\u00fcz\u00fc kurmaca yazma s\u00fcrecinde pratik olarak nas\u0131l kullanabilece\u011finizi \u00f6\u011freneceksiniz. Ayn\u0131 zamanda kitapta yer alan 30 yazma \u00e7al\u0131\u015fmas\u0131 ile \u00f6\u011frendiklerinizi hemen uygulama f\u0131rsat\u0131 bulacaks\u0131n\u0131z ve yazd\u0131k\u00e7a hem kurma hem de yazma becerinizi geli\u015ftireceksiniz.   M\u00fcge Arbak kendi yazma yolculu\u011fu ile kurucusu oldu\u011fu Fark\u0131ndal\u0131k Yazarl\u0131\u011f\u0131 At\u00f6lyesinde y\u0131llard\u0131r devam eden yazar e\u011fitmenli\u011fi deneyimlerini sentezleyerek yarat\u0131c\u0131 yazma s\u00fcrecinde \u00e7ok \u00f6nemli oldu\u011fu halde genelde \u00fczerinde durulmayan hayal g\u00fcc\u00fc kavram\u0131n\u0131 avu\u00e7lar\u0131m\u0131z\u0131n i\u00e7ine b\u0131rak\u0131yor, somutla\u015ft\u0131r\u0131yor ve \u015fekillendiriyor. Yarat\u0131c\u0131 Yazarl\u0131k: Hayal G\u00fcc\u00fcyle Yazmak sadece yazmaya yeni ba\u015flayanlar i\u00e7in de\u011fil, kurmaca yazmak isteyen her seviyeden yazar aday\u0131n\u0131n yararlanabilece\u011fi uygulama odakl\u0131 bir eser olarak kar\u015f\u0131m\u0131za \u00e7\u0131k\u0131yor. <\/p>\n","protected":false},"excerpt":{"rendered":"<p>Hayal g\u00fcc\u00fcn\u00fcn s\u0131rr\u0131n\u0131 ke\u015ffedin ve daha iyi yazmaya ba\u015flay\u0131n! Kurmaca, yazar\u0131n hayal g\u00fcc\u00fcnden okurun hayal g\u00fcc\u00fcne do\u011fru yap\u0131lan bir yolculuktur. Fakat yolculu\u011fun ba\u015far\u0131l\u0131 bir \u015fekilde tamamlanmas\u0131<span class=\"excerpt-hellip\"> [\u2026]<\/span><\/p>\n","protected":false},"featured_media":0,"template":"","meta":{"_monsterinsights_skip_tracking":false,"_monsterinsights_sitenote_active":false,"_monsterinsights_sitenote_note":"","_monsterinsights_sitenote_category":0},"product_brand":[],"product_cat":[12777,12291],"product_tag":[],"class_list":{"0":"post-760678","1":"product","2":"type-product","3":"status-publish","5":"product_cat-deneme","6":"product_cat-edebiyat","7":"pa_cilt-ciltsiz","8":"pa_tur-kitap","9":"pa_yayinevi-bireysel-bilgelik-yayinlari","10":"pa_yazar-muge-arbak","12":"first","13":"instock","14":"sale","15":"shipping-taxable","16":"purchasable","17":"product-type-simple"},"_links":{"self":[{"href":"https:\/\/roveyayinevi.com.tr\/index.php\/wp-json\/wp\/v2\/product\/760678","targetHints":{"allow":["GET"]}}],"collection":[{"href":"https:\/\/roveyayinevi.com.tr\/index.php\/wp-json\/wp\/v2\/product"}],"about":[{"href":"https:\/\/roveyayinevi.com.tr\/index.php\/wp-json\/wp\/v2\/types\/product"}],"wp:attachment":[{"href":"https:\/\/roveyayinevi.com.tr\/index.php\/wp-json\/wp\/v2\/media?parent=760678"}],"wp:term":[{"taxonomy":"product_brand","embeddable":true,"href":"https:\/\/roveyayinevi.com.tr\/index.php\/wp-json\/wp\/v2\/product_brand?post=760678"},{"taxonomy":"product_cat","embeddable":true,"href":"https:\/\/roveyayinevi.com.tr\/index.php\/wp-json\/wp\/v2\/product_cat?post=760678"},{"taxonomy":"product_tag","embeddable":true,"href":"https:\/\/roveyayinevi.com.tr\/index.php\/wp-json\/wp\/v2\/product_tag?post=760678"}],"curies":[{"name":"wp","href":"https:\/\/api.w.org\/{rel}","templated":true}]}}