{"id":760673,"date":"2025-08-28T09:13:15","date_gmt":"2025-08-28T06:13:15","guid":{"rendered":"https:\/\/roveyayinevi.com.tr\/index.php\/urun\/can-dedenin-cocuklari\/"},"modified":"2026-04-12T03:17:28","modified_gmt":"2026-04-12T00:17:28","slug":"can-dedenin-cocuklari","status":"publish","type":"product","link":"https:\/\/roveyayinevi.com.tr\/index.php\/urun\/can-dedenin-cocuklari\/","title":{"rendered":"Can Dede\u2019nin \u00c7ocuklar\u0131"},"content":{"rendered":"<p>K\u00f6yde ya\u015fayan Can Dede, kentteki o\u011flunun, torunlar\u0131n\u0131n yan\u0131na gelince \u00e7ok \u015fa\u015f\u0131r\u0131yor. Ba\u015f\u0131na t\u00fcrl\u00fc olaylar geliyor. Kentte g\u00f6rd\u00fcklerini k\u00f6yde yapmaya ba\u015fl\u0131yor; \u00e7evresindeki k\u00f6y\u00fcn orman\u0131n\u0131, canl\u0131lar\u0131n\u0131 korumak i\u00e7in eyleme ge\u00e7iyor. Peki ah\u0131r\u0131ndaki P\u00fcsk\u00fcll\u00fc&#8217;yle yang\u0131ndan ka\u00e7\u0131p onun evine s\u0131\u011f\u0131nan yavru tilki ne yap\u0131yor acaba? * Bu kitapta, daha \u00f6nce Can Dede&#8217;nin \u00c7ocuklar\u0131, Can Dede&#8217;nin Oyuncaklar\u0131 ve Can Dede&#8217;nin E\u015fe\u011fi adlar\u0131yla ayr\u0131 ayr\u0131 bas\u0131lm\u0131\u015f \u00fc\u00e7 kitab\u0131 tek kitapta toplay\u0131p yenileyerek sunuyoruz.<\/p>\n","protected":false},"excerpt":{"rendered":"<p>K\u00f6yde ya\u015fayan Can Dede, kentteki o\u011flunun, torunlar\u0131n\u0131n yan\u0131na gelince \u00e7ok \u015fa\u015f\u0131r\u0131yor. Ba\u015f\u0131na t\u00fcrl\u00fc olaylar geliyor. Kentte g\u00f6rd\u00fcklerini k\u00f6yde yapmaya ba\u015fl\u0131yor; \u00e7evresindeki k\u00f6y\u00fcn orman\u0131n\u0131, canl\u0131lar\u0131n\u0131 korumak i\u00e7in<span class=\"excerpt-hellip\"> [\u2026]<\/span><\/p>\n","protected":false},"featured_media":0,"template":"","meta":{"_monsterinsights_skip_tracking":false,"_monsterinsights_sitenote_active":false,"_monsterinsights_sitenote_note":"","_monsterinsights_sitenote_category":0},"product_brand":[],"product_cat":[12274,12284],"product_tag":[],"class_list":{"0":"post-760673","1":"product","2":"type-product","3":"status-publish","5":"product_cat-cocuk-ve-genclik-kitaplari","6":"product_cat-hikayeler","7":"pa_cilt-ciltsiz","8":"pa_tur-kitap","9":"pa_yayinevi-bilgi-yayinevi","10":"pa_yazar-hidayet-karakus","12":"first","13":"instock","14":"sale","15":"shipping-taxable","16":"purchasable","17":"product-type-simple"},"_links":{"self":[{"href":"https:\/\/roveyayinevi.com.tr\/index.php\/wp-json\/wp\/v2\/product\/760673","targetHints":{"allow":["GET"]}}],"collection":[{"href":"https:\/\/roveyayinevi.com.tr\/index.php\/wp-json\/wp\/v2\/product"}],"about":[{"href":"https:\/\/roveyayinevi.com.tr\/index.php\/wp-json\/wp\/v2\/types\/product"}],"wp:attachment":[{"href":"https:\/\/roveyayinevi.com.tr\/index.php\/wp-json\/wp\/v2\/media?parent=760673"}],"wp:term":[{"taxonomy":"product_brand","embeddable":true,"href":"https:\/\/roveyayinevi.com.tr\/index.php\/wp-json\/wp\/v2\/product_brand?post=760673"},{"taxonomy":"product_cat","embeddable":true,"href":"https:\/\/roveyayinevi.com.tr\/index.php\/wp-json\/wp\/v2\/product_cat?post=760673"},{"taxonomy":"product_tag","embeddable":true,"href":"https:\/\/roveyayinevi.com.tr\/index.php\/wp-json\/wp\/v2\/product_tag?post=760673"}],"curies":[{"name":"wp","href":"https:\/\/api.w.org\/{rel}","templated":true}]}}