{"id":760662,"date":"2025-08-28T09:12:52","date_gmt":"2025-08-28T06:12:52","guid":{"rendered":"https:\/\/roveyayinevi.com.tr\/index.php\/urun\/bilge-nathan-ciltli\/"},"modified":"2026-04-16T03:13:30","modified_gmt":"2026-04-16T00:13:30","slug":"bilge-nathan-ciltli","status":"publish","type":"product","link":"https:\/\/roveyayinevi.com.tr\/index.php\/urun\/bilge-nathan-ciltli\/","title":{"rendered":"Bilge Nathan (Ciltli)"},"content":{"rendered":"<p>Gotthold Ephraim Lessing (1729-1781): Alman yazar, \u015fair, filozof ve ele\u015ftirmen. Edebiyata ve dine ele\u015ftirel bak\u0131\u015f\u0131, insanlar aras\u0131nda e\u015fitli\u011fi ve \u00f6zg\u00fcr iradenin g\u00fcc\u00fcn\u00fc savunan fikirleriyle Alman Ayd\u0131nlanmas\u0131n\u0131n en \u00f6nemli fig\u00fcrlerinden biridir. Sanat\u0131n ve \u00f6zellikle de tiyatronun e\u011fitici fonksiyonuna b\u00fcy\u00fck \u00f6nem veren Lessing\u2019in felsefi oyunu Bilge Nathan ilk kez yazar\u0131n \u00f6l\u00fcm\u00fcnden sonra 1783\u2019te sahnelenmi\u015ftir. Oyun, Sultan Selahattin taraf\u0131ndan fethedildikten sonra Yahudi, Hristiyan ve M\u00fcsl\u00fcmanlar\u0131n bir arada ya\u015fad\u0131\u011f\u0131 Kud\u00fcs\u2019te ge\u00e7er. Bilge Yahudi Nathan\u2019\u0131n, Sultan Selahattin\u2019e anlatt\u0131\u011f\u0131 \u00fcnl\u00fc \u201c\u00fc\u00e7 y\u00fcz\u00fck meseli\u201d temelinde dinler aras\u0131 ho\u015fg\u00f6r\u00fcn\u00fcn ustal\u0131kla vurguland\u0131\u011f\u0131 Bilge Nathan, Lessing\u2019in d\u00f6neminin kat\u0131 ahlak\u00e7\u0131l\u0131\u011f\u0131na kar\u015f\u0131 insanlar\u0131n e\u015fitli\u011fi ve \u00f6zellikle de d\u00fc\u015f\u00fcnce \u00f6zg\u00fcrl\u00fc\u011f\u00fcn\u00fcn her insan i\u00e7in vazge\u00e7ilmezli\u011fini savundu\u011fu eserlerinin ba\u015f\u0131nda gelir<\/p>\n","protected":false},"excerpt":{"rendered":"<p>Gotthold Ephraim Lessing (1729-1781): Alman yazar, \u015fair, filozof ve ele\u015ftirmen. Edebiyata ve dine ele\u015ftirel bak\u0131\u015f\u0131, insanlar aras\u0131nda e\u015fitli\u011fi ve \u00f6zg\u00fcr iradenin g\u00fcc\u00fcn\u00fc savunan fikirleriyle Alman Ayd\u0131nlanmas\u0131n\u0131n<span class=\"excerpt-hellip\"> [\u2026]<\/span><\/p>\n","protected":false},"featured_media":0,"template":"","meta":{"_monsterinsights_skip_tracking":false,"_monsterinsights_sitenote_active":false,"_monsterinsights_sitenote_note":"","_monsterinsights_sitenote_category":0},"product_brand":[],"product_cat":[12291,18202],"product_tag":[],"class_list":{"0":"post-760662","1":"product","2":"type-product","3":"status-publish","5":"product_cat-edebiyat","6":"product_cat-hikaye","7":"pa_cilt-ciltli","8":"pa_tur-kitap","9":"pa_yayinevi-is-bankasi-kultur-yayinlari","10":"pa_yazar-gotthold-ephraim-lessing","12":"first","13":"instock","14":"sale","15":"shipping-taxable","16":"purchasable","17":"product-type-simple"},"_links":{"self":[{"href":"https:\/\/roveyayinevi.com.tr\/index.php\/wp-json\/wp\/v2\/product\/760662","targetHints":{"allow":["GET"]}}],"collection":[{"href":"https:\/\/roveyayinevi.com.tr\/index.php\/wp-json\/wp\/v2\/product"}],"about":[{"href":"https:\/\/roveyayinevi.com.tr\/index.php\/wp-json\/wp\/v2\/types\/product"}],"wp:attachment":[{"href":"https:\/\/roveyayinevi.com.tr\/index.php\/wp-json\/wp\/v2\/media?parent=760662"}],"wp:term":[{"taxonomy":"product_brand","embeddable":true,"href":"https:\/\/roveyayinevi.com.tr\/index.php\/wp-json\/wp\/v2\/product_brand?post=760662"},{"taxonomy":"product_cat","embeddable":true,"href":"https:\/\/roveyayinevi.com.tr\/index.php\/wp-json\/wp\/v2\/product_cat?post=760662"},{"taxonomy":"product_tag","embeddable":true,"href":"https:\/\/roveyayinevi.com.tr\/index.php\/wp-json\/wp\/v2\/product_tag?post=760662"}],"curies":[{"name":"wp","href":"https:\/\/api.w.org\/{rel}","templated":true}]}}