{"id":760661,"date":"2025-08-28T09:12:51","date_gmt":"2025-08-28T06:12:51","guid":{"rendered":"https:\/\/roveyayinevi.com.tr\/index.php\/urun\/askla-temas\/"},"modified":"2026-04-16T03:13:30","modified_gmt":"2026-04-16T00:13:30","slug":"askla-temas","status":"publish","type":"product","link":"https:\/\/roveyayinevi.com.tr\/index.php\/urun\/askla-temas\/","title":{"rendered":"A\u015fkla Temas"},"content":{"rendered":"<p>Ya\u015fam\u0131n kayna\u011f\u0131d\u0131r cinsellik. Yery\u00fcz\u00fcn\u00fcn g\u00f6ky\u00fcz\u00fcyle bulu\u015fmas\u0131d\u0131r. A\u011fa\u00e7t\u0131r. Ku\u015ftur. G\u00fcne\u015f\u2019tir. Y\u0131ld\u0131zd\u0131r. A\u015fk. Tabiat\u0131n b\u00fct\u00fcn h\u00e2llerini. \u0130klimlerini kapsar. \u0130nsan. Sevdi\u011fiyle. Yery\u00fcz\u00fc. G\u00f6ky\u00fcz\u00fc olur. K\u00fc\u00e7\u00fck bir k\u00e2inat bile olur. Cinsellik. Bedenden ibaret de\u011fildir. ruhun bedenlenmesiyle ya\u015fan\u0131r. ruh hissetmezse. Cinsellik ya\u015fanmaz. Bedenin kendini hissetmesi ruhuylad\u0131r. \u0130\u015fte bunun i\u00e7indir. Subliminal mesajlarla. E\u015fikalt\u0131 sald\u0131r\u0131lar\u0131 \u015firk-etlerin. Cinselli\u011fi. Sadece bedenle s\u0131n\u0131rlarlar. Ve \u015feytan\u0131n d\u00fc\u015f\u00fcr\u00fclmesi gibi. Mahrem b\u00f6lgelerden. Kalbe y\u00fckselmesini istemezler. Bunu engellemek i\u00e7in dijital tuzaklar kurarlar. Cinsellik kalpte ba\u015flar. Kalbin hissetmedi\u011fi bir cinsellik. \u015feytana haz verir. Yazar Hakk\u0131nda: Hayati S\u0131r Bilin ki! \u2018Hayati S\u0131r\u2019 olan&#8230; Sizden biridir&#8230; En s\u0131radan \u2018bir\u2019 kuludur&#8230; Cenab-\u0131 Allah\u2019\u0131n! \u2018Bir\u2019 gariptir&#8230; \u2018Bir\u2019 \u00e2\u015f\u0131k! Rabbine ula\u015fmak i\u00e7in yazar&#8230; \u0130badet eder gibi yazar&#8230; Hi\u00e7 durmadan yazar&#8230; G\u00f6zya\u015flar\u0131 i\u00e7inde yazar&#8230; Secdede bile yazar&#8230; Af diler! Yalvar\u0131r! Hep \u2018bir\u2019 yard\u0131m bekler&#8230; \u2018Bir\u2019 i\u015faret! Rabbinden gelen&#8230; Hayati S\u0131r&#8230; \u015eiirdir de! \u015eiirle \u2018bir\u2019 yolculuktur&#8230; Me\u00e7hul olana \u2018bir\u2019 yol al\u0131\u015ft\u0131r&#8230; D\u00fcnyan\u0131n t\u00fcm k\u0131y\u0131lar\u0131n\u0131 terk edi\u015ftir! Rabbimize! \u015eiirle de varabilme arzusudur&#8230; Kimim ki \u2018ben\u2019! Ka\u00e7 kimli\u011fim var benim&#8230; Ey Rabbim! T\u00fcm anlar\u0131n\u0131 bilirim ben bu g\u00f6ky\u00fcz\u00fcn\u00fcn&#8230; Yery\u00fcz\u00fcn\u00fcn&#8230; Ne kadar insan varsa o kadar\u0131m&#8230; Hepsini bilmek isterim&#8230; Hisleri! Bili\u015fleri! Bak\u0131\u015flar\u0131! Uyumalar\u0131n\u0131! R\u00fcyalar\u0131n\u0131! Hepsini bilmek isterim&#8230; Tevhid A\u015fk\u0131 olmadan&#8230; Hi\u00e7bir \u2018\u015fey\u2019i d\u00fc\u015f\u00fcnmemeye \u00e7al\u0131\u015f\u0131r\u0131m&#8230; Hepsini \u00f6nce zihnimde toplar\u0131m&#8230; Sonra! Akleden \u2018bir\u2019 kalple tefekk\u00fcr ederim&#8230; Sonra da! En sonra da hepsini unutmak isterim&#8230; Terk ederim! Yazar\u0131m! Rabbim&#8230; Rabbim&#8230; Ben kim-im? Bir \u015fairken&#8230; Nas\u0131l oldu da! \u2018Hayati S\u0131r\u2019 oldum&#8230; Metafizik \u2018bir\u2019 kalem! \u2018Bir\u2019 Yaz\u0131-Kalem! Ey! Hayykitap&#8217;tan yay\u0131mlanan kitaplar\u0131: A\u015eKLA TEMAS, Nisan 2024 KEL\u0130MELER\u0130N HAYALC\u0130S\u0130, Ekim 2023 MASUM\u0130YET, Temmuz 2023 SIRG\u00c2H, Mart 2023 G\u00d6K YAZILAR, Ekim 2022 MESC\u0130D-\u0130 AKS\u00c2\u2019NIN METAF\u0130Z\u0130K SIRRI, Haziran 2021 RUH \u0130Y\u0130L\u0130\u011e\u0130, Nisan 2021 KIYAMET \u00d6NCES\u0130 \u00c2LEM B\u0130LG\u0130S\u0130 -D\u0130J\u0130TAL V\u0130R\u00dcS-, Nisan 2020 D\u0130J\u0130TAL \u00d6L\u00dcMS\u00dcZL\u00dcK VE RUH, Temmuz 2019 SEYYAH, Nisan 2019 CENNET, \u015eubat 2018 SIR.. T\u00dcRKLER!, Temmuz 2017 RUHUN &#8216;A\u015eK&#8217; HAL\u0130!, Ocak 2017 EY KALB\u0130M! A\u015eKA &#8216;S\u00d6Z&#8217; VERD\u0130K&#8230;, \u015eubat 2016 ALLAH&#8217;IN \u0130P\u0130NE A\u015eKLA SARIL!, Ekim 2014 SONSUZ \u2018B\u0130R\u2019 A\u015eK, May\u0131s 2012 EY A\u015eK! EY EN SEVD\u0130\u011e\u0130M!, Eyl\u00fcl 2011 \u0130Y\u0130L\u0130\u011e\u0130N KILICI, Ekim 2010 CERN KABALA DECCAL VE MEHD\u0130, May\u0131s 2010 HAYAT\u0130 SIR, Eyl\u00fcl 2009 \u0130\u015fte bu kitapta. Kalbinizde ba\u015flayan cinselli\u011fi yazd\u0131k. Kalp nas\u0131l t\u00fcm v\u00fccuda hayat veriyorsa. Cinsellik de \u00f6yledir. \u0130\u00e7imizdeki sakl\u0131 cevherdir. a\u015fkt\u0131r. Mutluluktur. T\u00fcm olumsuzluklar\u0131 o tek bir an i\u00e7inde siler. Ve ya\u011fmurlar ba\u015flar\u2026 Yery\u00fcz\u00fcn\u00fc canland\u0131r\u0131r. Tabiat\u0131m\u0131za hayat verir. Evet, ruha. Bedene. Yery\u00fcz\u00fcne. G\u00f6ky\u00fcz\u00fcne. K\u00e2inata. a\u015fkla temast\u0131r. Ruhun bedenlenmesi bunun i\u00e7indir. Yarad\u0131l\u0131\u015f\u0131n \u2018hayy\u2019 h\u00e2lidir<\/p>\n","protected":false},"excerpt":{"rendered":"<p>Ya\u015fam\u0131n kayna\u011f\u0131d\u0131r cinsellik. Yery\u00fcz\u00fcn\u00fcn g\u00f6ky\u00fcz\u00fcyle bulu\u015fmas\u0131d\u0131r. A\u011fa\u00e7t\u0131r. Ku\u015ftur. G\u00fcne\u015f\u2019tir. Y\u0131ld\u0131zd\u0131r. A\u015fk. Tabiat\u0131n b\u00fct\u00fcn h\u00e2llerini. \u0130klimlerini kapsar. \u0130nsan. Sevdi\u011fiyle. Yery\u00fcz\u00fc. G\u00f6ky\u00fcz\u00fc olur. K\u00fc\u00e7\u00fck bir k\u00e2inat bile olur.<span class=\"excerpt-hellip\"> [\u2026]<\/span><\/p>\n","protected":false},"featured_media":0,"template":"","meta":{"_monsterinsights_skip_tracking":false,"_monsterinsights_sitenote_active":false,"_monsterinsights_sitenote_note":"","_monsterinsights_sitenote_category":0},"product_brand":[],"product_cat":[12718,12719,15238],"product_tag":[],"class_list":{"0":"post-760661","1":"product","2":"type-product","3":"status-publish","5":"product_cat-din","6":"product_cat-islam","7":"product_cat-tasavvuf","8":"pa_cilt-ciltsiz","9":"pa_tur-kitap","10":"pa_yayinevi-hayykitap","11":"pa_yazar-hayati-sir","13":"first","14":"instock","15":"sale","16":"shipping-taxable","17":"purchasable","18":"product-type-simple"},"_links":{"self":[{"href":"https:\/\/roveyayinevi.com.tr\/index.php\/wp-json\/wp\/v2\/product\/760661","targetHints":{"allow":["GET"]}}],"collection":[{"href":"https:\/\/roveyayinevi.com.tr\/index.php\/wp-json\/wp\/v2\/product"}],"about":[{"href":"https:\/\/roveyayinevi.com.tr\/index.php\/wp-json\/wp\/v2\/types\/product"}],"wp:attachment":[{"href":"https:\/\/roveyayinevi.com.tr\/index.php\/wp-json\/wp\/v2\/media?parent=760661"}],"wp:term":[{"taxonomy":"product_brand","embeddable":true,"href":"https:\/\/roveyayinevi.com.tr\/index.php\/wp-json\/wp\/v2\/product_brand?post=760661"},{"taxonomy":"product_cat","embeddable":true,"href":"https:\/\/roveyayinevi.com.tr\/index.php\/wp-json\/wp\/v2\/product_cat?post=760661"},{"taxonomy":"product_tag","embeddable":true,"href":"https:\/\/roveyayinevi.com.tr\/index.php\/wp-json\/wp\/v2\/product_tag?post=760661"}],"curies":[{"name":"wp","href":"https:\/\/api.w.org\/{rel}","templated":true}]}}