{"id":760660,"date":"2025-08-28T09:12:49","date_gmt":"2025-08-28T06:12:49","guid":{"rendered":"https:\/\/roveyayinevi.com.tr\/index.php\/urun\/rota-yeniden-olusturuluyor\/"},"modified":"2026-04-16T03:13:30","modified_gmt":"2026-04-16T00:13:30","slug":"rota-yeniden-olusturuluyor","status":"publish","type":"product","link":"https:\/\/roveyayinevi.com.tr\/index.php\/urun\/rota-yeniden-olusturuluyor\/","title":{"rendered":"Rota Yeniden Olu\u015fturuluyor"},"content":{"rendered":"<p>Hepimiz hayat\u0131m\u0131z\u0131n bir d\u00f6neminde rotam\u0131z\u0131 kaybetmi\u015fizdir ya da bir yerlerden ba\u015flamak i\u00e7in yeni bir rotaya ihtiya\u00e7 duymu\u015fuzdur. Belki \u015fu an sen de tam o a\u015famadas\u0131n. Bir \u015fey yapmak istiyorsun ama nereden ba\u015flayaca\u011f\u0131n\u0131 bilemiyorsun, belki gitmek istiyorsun ama gidemiyorsun ya da her \u015feye bir kibrit \u00e7ak\u0131p yakmak istiyorsun ama yakam\u0131yorsun. \u00c7\u00fcnk\u00fc \u015fu anki durumundan daha beter olmaktan, mutsuz olmaktan, tek ba\u015f\u0131na kalmaktan, ba\u015faramamaktan korkuyorsun ya da seni her seferinde mutsuz eden o insan\u0131 hayat\u0131ndan \u00e7\u0131kar\u0131nca onun yoklu\u011funa dayanamayaca\u011f\u0131n\u0131 zannediyorsun. \u015eems-i Tebrizi\u2019nin \u00e7ok sevdi\u011fim bir s\u00f6z\u00fc var. Eminim sen de duymu\u015fsundur. \u201cD\u00fczenim bozulur, hayat\u0131m alt \u00fcst olur diye endi\u015fe etme. Nereden biliyorsun hayat\u0131n alt\u0131n\u0131n \u00fcst\u00fcnden daha iyi olmayaca\u011f\u0131n\u0131?\u201d  Denemedin ki! Kendine f\u0131rsat vermedin ki! Ba\u015flamak i\u00e7in bitirmen ya da yeni bir ad\u0131m atman gerekti\u011fini unutma! \u015eimdi kendine bir f\u0131rsat tan\u0131ma ve yeni bir rota olu\u015fturma zaman\u0131. Hayat cesareti olanlara g\u00fczeldir.<\/p>\n","protected":false},"excerpt":{"rendered":"<p>Hepimiz hayat\u0131m\u0131z\u0131n bir d\u00f6neminde rotam\u0131z\u0131 kaybetmi\u015fizdir ya da bir yerlerden ba\u015flamak i\u00e7in yeni bir rotaya ihtiya\u00e7 duymu\u015fuzdur. Belki \u015fu an sen de tam o a\u015famadas\u0131n. Bir<span class=\"excerpt-hellip\"> [\u2026]<\/span><\/p>\n","protected":false},"featured_media":0,"template":"","meta":{"_monsterinsights_skip_tracking":false,"_monsterinsights_sitenote_active":false,"_monsterinsights_sitenote_note":"","_monsterinsights_sitenote_category":0},"product_brand":[],"product_cat":[12364,12376],"product_tag":[],"class_list":{"0":"post-760660","1":"product","2":"type-product","3":"status-publish","5":"product_cat-genel-konular","6":"product_cat-kisisel-gelisim","7":"pa_cilt-ciltsiz","8":"pa_tur-kitap","9":"pa_yayinevi-yediveren-yayinlari","10":"pa_yazar-dilek-cesur","12":"first","13":"instock","14":"sale","15":"shipping-taxable","16":"purchasable","17":"product-type-simple"},"_links":{"self":[{"href":"https:\/\/roveyayinevi.com.tr\/index.php\/wp-json\/wp\/v2\/product\/760660","targetHints":{"allow":["GET"]}}],"collection":[{"href":"https:\/\/roveyayinevi.com.tr\/index.php\/wp-json\/wp\/v2\/product"}],"about":[{"href":"https:\/\/roveyayinevi.com.tr\/index.php\/wp-json\/wp\/v2\/types\/product"}],"wp:attachment":[{"href":"https:\/\/roveyayinevi.com.tr\/index.php\/wp-json\/wp\/v2\/media?parent=760660"}],"wp:term":[{"taxonomy":"product_brand","embeddable":true,"href":"https:\/\/roveyayinevi.com.tr\/index.php\/wp-json\/wp\/v2\/product_brand?post=760660"},{"taxonomy":"product_cat","embeddable":true,"href":"https:\/\/roveyayinevi.com.tr\/index.php\/wp-json\/wp\/v2\/product_cat?post=760660"},{"taxonomy":"product_tag","embeddable":true,"href":"https:\/\/roveyayinevi.com.tr\/index.php\/wp-json\/wp\/v2\/product_tag?post=760660"}],"curies":[{"name":"wp","href":"https:\/\/api.w.org\/{rel}","templated":true}]}}