{"id":760659,"date":"2025-08-28T09:12:48","date_gmt":"2025-08-28T06:12:48","guid":{"rendered":"https:\/\/roveyayinevi.com.tr\/index.php\/urun\/kadinlarambarlar-ve-sermayeler\/"},"modified":"2026-04-16T03:13:30","modified_gmt":"2026-04-16T00:13:30","slug":"kadinlarambarlar-ve-sermayeler","status":"publish","type":"product","link":"https:\/\/roveyayinevi.com.tr\/index.php\/urun\/kadinlarambarlar-ve-sermayeler\/","title":{"rendered":"Kad\u0131nlar,Ambarlar ve Sermayeler"},"content":{"rendered":"<p>Kad\u0131nlar, Ambarlar, Sermayeler kitab\u0131n\u0131 antropoloji ve iktisad\u0131n kesi\u015fiminde \u00f6nemli k\u0131lan nedir? Hi\u00e7 ku\u015fkusuz, teorik ve ampirik ayaklar\u0131 g\u00fc\u00e7l\u00fc bir \u00e7ifte k\u00f6pr\u00fc kurmas\u0131: bir yandan, kendi kendine yeterli tar\u0131msal topluluklar \u00f6zelinde \u00fcretim ve \u00fcreme ili\u015fkileri aras\u0131nda (Birinci B\u00f6l\u00fcm), di\u011fer yandan da bu topluluklarda \u00fcretilen\/yeniden \u00fcretilen emek g\u00fcc\u00fcn\u00fcn ve art\u0131 eme\u011fin mevsimlik g\u00f6\u00e7ler yoluyla capitalist system taraf\u0131ndan hem art\u0131 de\u011fer hem de emek rant\u0131 bi\u00e7iminde s\u00f6m\u00fcr\u00fclmesi ve modern k\u00f6lelik formlar\u0131 aras\u0131nda (\u0130kinci B\u00f6l\u00fcm). Ge\u00e7imlik besin \u00fcretimi ve \u00fcreticilerin yeniden \u00fcretimi gibi, insan faaliyetinin en belirleyici y\u00f6nlerinden hareket eden ve nu manada diyalektik materyalizmin en yarat\u0131c\u0131 \u00f6rneklerinden birini sunan C. Meillassoux, \u00e7al\u0131\u015fmas\u0131nda L\u00e9vi Strauss\u2019un yap\u0131salc\u0131l\u0131\u011f\u0131n\u0131n keskin bir ele\u015ftirisine de girer. Kad\u0131n, yap\u0131salc\u0131 antropoloji d\u00e2hilinde sadece ittifak temelli m\u00fcbadelelerin konusu olarak ele al\u0131n\u0131rken, burada bir \u00fcretim ili\u015fkisine d\u00f6n\u00fc\u015fm\u00fc\u015f \u00fcreme ili\u015fkilerinin, babayanl\u0131 soy ili\u015fkilerinin tesisinde \u00fcreme fonksiyonu gere\u011fince aranan, el konulan, boyun e\u011fdirilen bir fig\u00fcr; eril bir kolektif siyasal giri\u015fimin nesnesi olarak kar\u015f\u0131m\u0131za \u00e7\u0131kar. Bu a\u00e7\u0131dan bak\u0131ld\u0131\u011f\u0131nda, Kad\u0131nlar, Ambarlar, Sermayeler, Marksizm ile uzla\u015f\u0131labilecek bir feminism ve feminism ile uzla\u015fabilecek bir Marksizm i\u00e7in, t\u0131pk\u0131 toplumsal\u0131n ve s\u00f6m\u00fcr\u00fcn\u00fcn karma\u015f\u0131k k\u0131vr\u0131mlar\u0131 hususunda naif olmamas\u0131 gereken bir teorinin yapmas\u0131 gibi, iyi tasarlanm\u0131\u015f bir ba\u015flang\u0131\u00e7 noktas\u0131 te\u015fkil eder. <\/p>\n","protected":false},"excerpt":{"rendered":"<p>Kad\u0131nlar, Ambarlar, Sermayeler kitab\u0131n\u0131 antropoloji ve iktisad\u0131n kesi\u015fiminde \u00f6nemli k\u0131lan nedir? Hi\u00e7 ku\u015fkusuz, teorik ve ampirik ayaklar\u0131 g\u00fc\u00e7l\u00fc bir \u00e7ifte k\u00f6pr\u00fc kurmas\u0131: bir yandan, kendi kendine<span class=\"excerpt-hellip\"> [\u2026]<\/span><\/p>\n","protected":false},"featured_media":0,"template":"","meta":{"_monsterinsights_skip_tracking":false,"_monsterinsights_sitenote_active":false,"_monsterinsights_sitenote_note":"","_monsterinsights_sitenote_category":0},"product_brand":[],"product_cat":[15499,13488],"product_tag":[],"class_list":{"0":"post-760659","1":"product","2":"type-product","3":"status-publish","5":"product_cat-antropoloji","6":"product_cat-toplum-ve-insan","7":"pa_cilt-ciltsiz","8":"pa_tur-kitap","9":"pa_yayinevi-heretik-yayincilik","10":"pa_yazar-claude-meillassoux","12":"first","13":"instock","14":"sale","15":"shipping-taxable","16":"purchasable","17":"product-type-simple"},"_links":{"self":[{"href":"https:\/\/roveyayinevi.com.tr\/index.php\/wp-json\/wp\/v2\/product\/760659","targetHints":{"allow":["GET"]}}],"collection":[{"href":"https:\/\/roveyayinevi.com.tr\/index.php\/wp-json\/wp\/v2\/product"}],"about":[{"href":"https:\/\/roveyayinevi.com.tr\/index.php\/wp-json\/wp\/v2\/types\/product"}],"wp:attachment":[{"href":"https:\/\/roveyayinevi.com.tr\/index.php\/wp-json\/wp\/v2\/media?parent=760659"}],"wp:term":[{"taxonomy":"product_brand","embeddable":true,"href":"https:\/\/roveyayinevi.com.tr\/index.php\/wp-json\/wp\/v2\/product_brand?post=760659"},{"taxonomy":"product_cat","embeddable":true,"href":"https:\/\/roveyayinevi.com.tr\/index.php\/wp-json\/wp\/v2\/product_cat?post=760659"},{"taxonomy":"product_tag","embeddable":true,"href":"https:\/\/roveyayinevi.com.tr\/index.php\/wp-json\/wp\/v2\/product_tag?post=760659"}],"curies":[{"name":"wp","href":"https:\/\/api.w.org\/{rel}","templated":true}]}}