{"id":760657,"date":"2025-08-28T09:12:44","date_gmt":"2025-08-28T06:12:44","guid":{"rendered":"https:\/\/roveyayinevi.com.tr\/index.php\/urun\/kar-kuyusu\/"},"modified":"2026-04-16T03:13:30","modified_gmt":"2026-04-16T00:13:30","slug":"kar-kuyusu","status":"publish","type":"product","link":"https:\/\/roveyayinevi.com.tr\/index.php\/urun\/kar-kuyusu\/","title":{"rendered":"Kar Kuyusu"},"content":{"rendered":"<p>Arkamda bir \u015fey h\u0131zl\u0131 h\u0131zl\u0131 nefes al\u0131p veriyordu. \u00d6nce ak\u015fam\u0131n bu vaktinde ko\u015fuya \u00e7\u0131km\u0131\u015f biri sand\u0131m. Ama b\u00f6yle \u0131slak bir ses ancak bir hayvan\u0131n g\u0131rtla\u011f\u0131ndan \u00e7\u0131kabilirdi. Biraz \u00f6nce midemin \u00fczerinde hissetti\u011fim \u00fcrperti omurgamdan ense k\u00f6k\u00fcme kadar t\u0131rmand\u0131 ve ayaklar\u0131m bir anda kaskat\u0131 kesildi. Oldu\u011fum yerde kalakald\u0131m. \u0130\u00e7imde arkama d\u00f6n\u00fcp bakmak i\u00e7in b\u00fcy\u00fck bir istek vard\u0131 ama kendime engel olmak i\u00e7in b\u00fct\u00fcn v\u00fccudumu kast\u0131m. Bakarsam ne g\u00f6rece\u011fimi biliyordum\u2026     Buz gibi bir \u0130stanbul k\u0131\u015f\u0131. Esrarengiz bir Galata soka\u011f\u0131na yeni ta\u015f\u0131nan bir yabanc\u0131, birbirinden garip insanlar, \u0131s\u0131nmayan eski binalar, \u00fcst\u00fc \u00f6rt\u00fclmeyen utan\u00e7lar, y\u0131llar i\u00e7inde biriken s\u0131rlar ve hi\u00e7 durmadan ya\u011fan kar&#8230;   Hikmet H\u00fck\u00fcmeno\u011flu\u2019nun ilk kez 2005\u2019te yay\u0131mlanan ilk kitab\u0131 Kar Kuyusu, sonraki y\u0131llarda K\u00f6rburun\u2019un, Atmaca\u2019n\u0131n, Harika Bir Hayat\u2019\u0131n yakalad\u0131\u011f\u0131 ba\u015far\u0131n\u0131n s\u00fcrpriz olmad\u0131\u011f\u0131n\u0131 g\u00f6steren, sars\u0131c\u0131 bir gerilim roman\u0131. <\/p>\n","protected":false},"excerpt":{"rendered":"<p>Arkamda bir \u015fey h\u0131zl\u0131 h\u0131zl\u0131 nefes al\u0131p veriyordu. \u00d6nce ak\u015fam\u0131n bu vaktinde ko\u015fuya \u00e7\u0131km\u0131\u015f biri sand\u0131m. Ama b\u00f6yle \u0131slak bir ses ancak bir hayvan\u0131n g\u0131rtla\u011f\u0131ndan \u00e7\u0131kabilirdi.<span class=\"excerpt-hellip\"> [\u2026]<\/span><\/p>\n","protected":false},"featured_media":0,"template":"","meta":{"_monsterinsights_skip_tracking":false,"_monsterinsights_sitenote_active":false,"_monsterinsights_sitenote_note":"","_monsterinsights_sitenote_category":0},"product_brand":[],"product_cat":[12291,12711],"product_tag":[],"class_list":{"0":"post-760657","1":"product","2":"type-product","3":"status-publish","5":"product_cat-edebiyat","6":"product_cat-roman-oyku","7":"pa_cilt-ciltsiz","8":"pa_tur-kitap","9":"pa_yayinevi-can-yayinlari","10":"pa_yazar-hikmet-hukumenoglu","12":"first","13":"instock","14":"sale","15":"shipping-taxable","16":"purchasable","17":"product-type-simple"},"_links":{"self":[{"href":"https:\/\/roveyayinevi.com.tr\/index.php\/wp-json\/wp\/v2\/product\/760657","targetHints":{"allow":["GET"]}}],"collection":[{"href":"https:\/\/roveyayinevi.com.tr\/index.php\/wp-json\/wp\/v2\/product"}],"about":[{"href":"https:\/\/roveyayinevi.com.tr\/index.php\/wp-json\/wp\/v2\/types\/product"}],"wp:attachment":[{"href":"https:\/\/roveyayinevi.com.tr\/index.php\/wp-json\/wp\/v2\/media?parent=760657"}],"wp:term":[{"taxonomy":"product_brand","embeddable":true,"href":"https:\/\/roveyayinevi.com.tr\/index.php\/wp-json\/wp\/v2\/product_brand?post=760657"},{"taxonomy":"product_cat","embeddable":true,"href":"https:\/\/roveyayinevi.com.tr\/index.php\/wp-json\/wp\/v2\/product_cat?post=760657"},{"taxonomy":"product_tag","embeddable":true,"href":"https:\/\/roveyayinevi.com.tr\/index.php\/wp-json\/wp\/v2\/product_tag?post=760657"}],"curies":[{"name":"wp","href":"https:\/\/api.w.org\/{rel}","templated":true}]}}