{"id":760653,"date":"2025-08-28T09:12:37","date_gmt":"2025-08-28T06:12:37","guid":{"rendered":"https:\/\/roveyayinevi.com.tr\/index.php\/urun\/divan-ciltli\/"},"modified":"2026-04-16T03:13:30","modified_gmt":"2026-04-16T00:13:30","slug":"divan-ciltli","status":"publish","type":"product","link":"https:\/\/roveyayinevi.com.tr\/index.php\/urun\/divan-ciltli\/","title":{"rendered":"Divan (Ciltli)"},"content":{"rendered":"<p>Ben\u00fcm bunda kar\u00e2rum yok ben bunda gitmege geld\u00fcmB\u00e2zirg\u00e2nam met\u00e2\u2018um \u00e7ok alana satmaga geld\u00fcmBen gelmed\u00fcm da\u2018v\u00ee-y-i\u00e7\u00fcn ben\u00fcm i\u015f\u00fcm sevi-y-i\u00e7\u00fcnDostun evi g\u00f6n\u00fcllerd\u00fcr g\u00f6n\u00fcller yapmaga geld\u00fcmDost esrigi delilig\u00fcm \u00e2\u015f\u0131klar bil\u00fcr nelig\u00fcmDeg\u015f\u00fcriben ikilig\u00fcm birlige bitmege geld\u00fcmO hocamdur ben kul\u0131yam dost bag\u00e7esi b\u00fclb\u00fcliyemOl hocamun bag\u00e7esine \u015f\u00e2d olup \u00f6tmege geld\u00fcmBunda bili\u015f olan c\u00e2nlar anda bili\u015f\u00fcrler-imi\u015fBili\u015f\u00fcben hocam-\u0131la h\u00e2l\u00fcm arz itmege geld\u00fcmY\u00fbnus Emre \u00e2\u015f\u0131k olm\u0131\u015f ma\u2018\u015f\u00fbka derdinden \u00f6lmi\u015fGir\u00e7ek er\u00fcn kapus\u0131nda h\u00e2l\u00fcm arz itmege geld\u00fcm<\/p>\n","protected":false},"excerpt":{"rendered":"<p>Ben\u00fcm bunda kar\u00e2rum yok ben bunda gitmege geld\u00fcmB\u00e2zirg\u00e2nam met\u00e2\u2018um \u00e7ok alana satmaga geld\u00fcmBen gelmed\u00fcm da\u2018v\u00ee-y-i\u00e7\u00fcn ben\u00fcm i\u015f\u00fcm sevi-y-i\u00e7\u00fcnDostun evi g\u00f6n\u00fcllerd\u00fcr g\u00f6n\u00fcller yapmaga geld\u00fcmDost esrigi delilig\u00fcm \u00e2\u015f\u0131klar<span class=\"excerpt-hellip\"> [\u2026]<\/span><\/p>\n","protected":false},"featured_media":0,"template":"","meta":{"_monsterinsights_skip_tracking":false,"_monsterinsights_sitenote_active":false,"_monsterinsights_sitenote_note":"","_monsterinsights_sitenote_category":0},"product_brand":[],"product_cat":[18545,12291],"product_tag":[],"class_list":{"0":"post-760653","1":"product","2":"type-product","3":"status-publish","5":"product_cat-anlati","6":"product_cat-edebiyat","7":"pa_cilt-ciltli","8":"pa_tur-kitap","9":"pa_yayinevi-vakifbank-kultur-yayinlari","10":"pa_yazar-yunus-emre","12":"first","13":"instock","14":"sale","15":"shipping-taxable","16":"purchasable","17":"product-type-simple"},"_links":{"self":[{"href":"https:\/\/roveyayinevi.com.tr\/index.php\/wp-json\/wp\/v2\/product\/760653","targetHints":{"allow":["GET"]}}],"collection":[{"href":"https:\/\/roveyayinevi.com.tr\/index.php\/wp-json\/wp\/v2\/product"}],"about":[{"href":"https:\/\/roveyayinevi.com.tr\/index.php\/wp-json\/wp\/v2\/types\/product"}],"wp:attachment":[{"href":"https:\/\/roveyayinevi.com.tr\/index.php\/wp-json\/wp\/v2\/media?parent=760653"}],"wp:term":[{"taxonomy":"product_brand","embeddable":true,"href":"https:\/\/roveyayinevi.com.tr\/index.php\/wp-json\/wp\/v2\/product_brand?post=760653"},{"taxonomy":"product_cat","embeddable":true,"href":"https:\/\/roveyayinevi.com.tr\/index.php\/wp-json\/wp\/v2\/product_cat?post=760653"},{"taxonomy":"product_tag","embeddable":true,"href":"https:\/\/roveyayinevi.com.tr\/index.php\/wp-json\/wp\/v2\/product_tag?post=760653"}],"curies":[{"name":"wp","href":"https:\/\/api.w.org\/{rel}","templated":true}]}}