{"id":760652,"date":"2025-08-28T09:12:36","date_gmt":"2025-08-28T06:12:36","guid":{"rendered":"https:\/\/roveyayinevi.com.tr\/index.php\/urun\/afet-psikolojisi\/"},"modified":"2026-04-16T03:13:30","modified_gmt":"2026-04-16T00:13:30","slug":"afet-psikolojisi","status":"publish","type":"product","link":"https:\/\/roveyayinevi.com.tr\/index.php\/urun\/afet-psikolojisi\/","title":{"rendered":"Afet Psikolojisi"},"content":{"rendered":"<p>\u201cAfetler co\u011frafi s\u0131n\u0131rlar\u0131n\u0131n \u00e7ok \u00f6tesine uzanan derin bir bozulma yaratabilir. Psikolojik ve davran\u0131\u015fsal tepkiler, bir afetin ard\u0131ndan en \u00f6nemli halk sa\u011fl\u0131\u011f\u0131 y\u00fck\u00fcn\u00fc olu\u015fturur. M\u00fcdahaleler kan\u0131ta dayal\u0131 olmal\u0131, toplumun ihtiya\u00e7lar\u0131na g\u00f6re uyarlanmal\u0131 ve g\u00fcvenli\u011fi, sakinle\u015ftirmeyi, toplumsal etkinli\u011fi, sosyal ba\u011fl\u0131l\u0131\u011f\u0131, umut ve iyimserli\u011fi geli\u015ftirmeye hizmet etmelidir.\u201d Afetler, aniden meydana gelen, y\u0131k\u0131c\u0131 ve etkilenenlerin m\u00fcdahale imk\u00e2n\u0131n\u0131n yetersiz kald\u0131\u011f\u0131 do\u011fal olaylard\u0131r. Ekolojik ve ekonomik sonu\u00e7lar\u0131 daha \u00e7ok g\u00fcndem edilse de toplumlar\u0131n i\u015flevlerini bozmalar\u0131, ba\u015fa \u00e7\u0131kma mekanizmalar\u0131n\u0131 tahrip etmeleri bak\u0131m\u0131ndan afetlerin \u00f6ncelikle psikolojik ve psikososyolojik sonu\u00e7lar\u0131 vard\u0131r. Afet Psikolojisi: Do\u011fal Afetlerde Psikososyal Destek ve M\u00fcdahaleler kitab\u0131, psikoloji ve psikiyatri alanlar\u0131nda uzman olan isimlerin katk\u0131s\u0131yla, afet s\u0131ras\u0131nda ve sonras\u0131nda ortaya \u00e7\u0131kan psikolojik etkilere dair kapsaml\u0131 bir inceleme y\u00fcr\u00fct\u00fcyor. Afet psikolojisi alan\u0131ndaki temel kavramlar\u0131, teorik \u00e7er\u00e7eveleri ve ara\u015ft\u0131rma bulgular\u0131n\u0131 ele alarak afetlerin psikolojik etkilerini anlamaya y\u00f6nelik bir temel \u00e7er\u00e7eve sunuyor. Ba\u015fta \u00fclkemiz olmak \u00fczere t\u00fcm d\u00fcnyada \u00e7e\u015fitli do\u011fal afetlerden etkilenen insanlar\u0131n psikolojik durumlar\u0131n\u0131n anla\u015f\u0131lmas\u0131na ve afetzedeler i\u00e7in uygun psikososyal deste\u011fin ve tedavinin sa\u011flanmas\u0131na katk\u0131 sunma amac\u0131nda olan kitap, akademisyenler, psikiyatristler, sosyal hizmet uzmanlar\u0131, klinik psikologlar ve konuya ilgi duyan herkes i\u00e7in bir ba\u015fvuru kayna\u011f\u0131 olacakt\u0131r. <\/p>\n","protected":false},"excerpt":{"rendered":"<p>\u201cAfetler co\u011frafi s\u0131n\u0131rlar\u0131n\u0131n \u00e7ok \u00f6tesine uzanan derin bir bozulma yaratabilir. Psikolojik ve davran\u0131\u015fsal tepkiler, bir afetin ard\u0131ndan en \u00f6nemli halk sa\u011fl\u0131\u011f\u0131 y\u00fck\u00fcn\u00fc olu\u015fturur. M\u00fcdahaleler kan\u0131ta dayal\u0131<span class=\"excerpt-hellip\"> [\u2026]<\/span><\/p>\n","protected":false},"featured_media":0,"template":"","meta":{"_monsterinsights_skip_tracking":false,"_monsterinsights_sitenote_active":false,"_monsterinsights_sitenote_note":"","_monsterinsights_sitenote_category":0},"product_brand":[],"product_cat":[14787,13488],"product_tag":[],"class_list":{"0":"post-760652","1":"product","2":"type-product","3":"status-publish","5":"product_cat-diger-toplum-ve-insan","6":"product_cat-toplum-ve-insan","7":"pa_cilt-ciltsiz","8":"pa_tur-kitap","9":"pa_yayinevi-vakifbank-kultur-yayinlari","10":"pa_yazar-mustafa-bilici","12":"first","13":"instock","14":"sale","15":"shipping-taxable","16":"purchasable","17":"product-type-simple"},"_links":{"self":[{"href":"https:\/\/roveyayinevi.com.tr\/index.php\/wp-json\/wp\/v2\/product\/760652","targetHints":{"allow":["GET"]}}],"collection":[{"href":"https:\/\/roveyayinevi.com.tr\/index.php\/wp-json\/wp\/v2\/product"}],"about":[{"href":"https:\/\/roveyayinevi.com.tr\/index.php\/wp-json\/wp\/v2\/types\/product"}],"wp:attachment":[{"href":"https:\/\/roveyayinevi.com.tr\/index.php\/wp-json\/wp\/v2\/media?parent=760652"}],"wp:term":[{"taxonomy":"product_brand","embeddable":true,"href":"https:\/\/roveyayinevi.com.tr\/index.php\/wp-json\/wp\/v2\/product_brand?post=760652"},{"taxonomy":"product_cat","embeddable":true,"href":"https:\/\/roveyayinevi.com.tr\/index.php\/wp-json\/wp\/v2\/product_cat?post=760652"},{"taxonomy":"product_tag","embeddable":true,"href":"https:\/\/roveyayinevi.com.tr\/index.php\/wp-json\/wp\/v2\/product_tag?post=760652"}],"curies":[{"name":"wp","href":"https:\/\/api.w.org\/{rel}","templated":true}]}}