{"id":760649,"date":"2025-08-28T09:12:30","date_gmt":"2025-08-28T06:12:30","guid":{"rendered":"https:\/\/roveyayinevi.com.tr\/index.php\/urun\/mosyo-sokolanin-resimli-yemek-kitabi-ciltli\/"},"modified":"2025-12-30T11:23:52","modified_gmt":"2025-12-30T08:23:52","slug":"mosyo-sokolanin-resimli-yemek-kitabi-ciltli","status":"publish","type":"product","link":"https:\/\/roveyayinevi.com.tr\/index.php\/urun\/mosyo-sokolanin-resimli-yemek-kitabi-ciltli\/","title":{"rendered":"M\u00f6sy\u00f6 \u015eokola\u2019n\u0131n Resimli Yemek Kitab\u0131 (Ciltli)"},"content":{"rendered":"<p>Bu bir \u015fef kitab\u0131 de\u011fil. Ev mutfaklar\u0131 i\u00e7in bir ev-a\u015f\u00e7\u0131s\u0131 taraf\u0131ndan haz\u0131rlanm\u0131\u015f tariflerle d\u00fcnya \u015feflerinin s\u0131rlar\u0131n\u0131 ev mutfa\u011f\u0131na ta\u015f\u0131yor. Tarifler hayat kurtar\u0131c\u0131, anlat\u0131m ders kitab\u0131 kadar anla\u015f\u0131l\u0131r. S\u0131radan bir yeme\u011fi bile sundu\u011fu tekniklerle bir ziyafete d\u00f6n\u00fc\u015ft\u00fcr\u00fcyor. (Bkz.\u00d6n kavurumlu Taze Fasulye)   Kitaptaki foto\u011fraflarda ne g\u00f6r\u00fcyorsan\u0131z tarifi yap\u0131nca ayn\u0131s\u0131 \u00e7\u0131kacak. Foto\u011fraflar sizi b\u00fcy\u00fclesin diye \u00e7ekilmedi. <\/p>\n","protected":false},"excerpt":{"rendered":"<p>Bu bir \u015fef kitab\u0131 de\u011fil. Ev mutfaklar\u0131 i\u00e7in bir ev-a\u015f\u00e7\u0131s\u0131 taraf\u0131ndan haz\u0131rlanm\u0131\u015f tariflerle d\u00fcnya \u015feflerinin s\u0131rlar\u0131n\u0131 ev mutfa\u011f\u0131na ta\u015f\u0131yor. Tarifler hayat kurtar\u0131c\u0131, anlat\u0131m ders kitab\u0131 kadar<span class=\"excerpt-hellip\"> [\u2026]<\/span><\/p>\n","protected":false},"featured_media":0,"template":"","meta":{"_monsterinsights_skip_tracking":false,"_monsterinsights_sitenote_active":false,"_monsterinsights_sitenote_note":"","_monsterinsights_sitenote_category":0},"product_brand":[],"product_cat":[12457],"product_tag":[],"class_list":{"0":"post-760649","1":"product","2":"type-product","3":"status-publish","5":"product_cat-yemek-kitaplari","6":"pa_cilt-ciltli","7":"pa_tur-kitap","8":"pa_yayinevi-dusbaz-kitaplar","9":"pa_yazar-berat-cokal","11":"first","12":"instock","13":"sale","14":"shipping-taxable","15":"purchasable","16":"product-type-simple"},"_links":{"self":[{"href":"https:\/\/roveyayinevi.com.tr\/index.php\/wp-json\/wp\/v2\/product\/760649","targetHints":{"allow":["GET"]}}],"collection":[{"href":"https:\/\/roveyayinevi.com.tr\/index.php\/wp-json\/wp\/v2\/product"}],"about":[{"href":"https:\/\/roveyayinevi.com.tr\/index.php\/wp-json\/wp\/v2\/types\/product"}],"wp:attachment":[{"href":"https:\/\/roveyayinevi.com.tr\/index.php\/wp-json\/wp\/v2\/media?parent=760649"}],"wp:term":[{"taxonomy":"product_brand","embeddable":true,"href":"https:\/\/roveyayinevi.com.tr\/index.php\/wp-json\/wp\/v2\/product_brand?post=760649"},{"taxonomy":"product_cat","embeddable":true,"href":"https:\/\/roveyayinevi.com.tr\/index.php\/wp-json\/wp\/v2\/product_cat?post=760649"},{"taxonomy":"product_tag","embeddable":true,"href":"https:\/\/roveyayinevi.com.tr\/index.php\/wp-json\/wp\/v2\/product_tag?post=760649"}],"curies":[{"name":"wp","href":"https:\/\/api.w.org\/{rel}","templated":true}]}}