{"id":760648,"date":"2025-08-28T09:12:27","date_gmt":"2025-08-28T06:12:27","guid":{"rendered":"https:\/\/roveyayinevi.com.tr\/index.php\/urun\/ahiska-diye-diye\/"},"modified":"2026-04-16T03:13:30","modified_gmt":"2026-04-16T00:13:30","slug":"ahiska-diye-diye","status":"publish","type":"product","link":"https:\/\/roveyayinevi.com.tr\/index.php\/urun\/ahiska-diye-diye\/","title":{"rendered":"Ah\u0131ska Diye Diye"},"content":{"rendered":"<p>14 Kas\u0131m 1944 tarihinde T\u00fcrkistan \u00fclkelerine s\u00fcrg\u00fcn edilen Ah\u0131skal\u0131 T\u00fcrkler 1960\u2019l\u0131 y\u0131llardan itibaren vatan Ah\u0131ska\u2019ya d\u00f6n\u00fc\u015f m\u00fccadelesi ba\u015flatt\u0131lar. K\u0131sa zamanda te\u015fkilatlanan halk 1962 y\u0131l\u0131nda \u00d6zbekistan\u2019\u0131n Ta\u015fkent Vilayeti Buka il\u00e7esinde bir araya gelerek Ge\u00e7ici Kurtulu\u015f Organizasyon Komitesini kurdu. Komite, Enver ODABA\u015eOV, Ellez \u0130ZZETOV, Muhlis N\u0130YAZOV, Re\u015fit SEYFATOV, Yusuf SARVAROV, S\u00fcleyman BARBAKADZE ve Fuad PEP\u0130NOV gibi \u00f6nemli \u015fahsiyetlerin rehberli\u011fi ile faaliyetlerini g\u00fc\u00e7lendirdi. Kurulu\u015fundan g\u00fcn\u00fcm\u00fcze faaliyette olan Komite\/Ah\u0131ska Vatan Cemiyeti bug\u00fcn de vatana d\u00f6n\u00fc\u015f sorununun (Ah\u0131ska\u2019ya d\u00f6n\u00fc\u015f\u00fcn) muhataplar\u0131yla (Tiflis, Moskova ve Avrupa Konseyi) g\u00f6r\u00fc\u015fmelerini devam ettirmektedir. Eser, cemiyet \u00fcyelerinden biri olan Fuad PEP\u0130NOV\u2019UN kaleminden Ah\u0131skal\u0131 T\u00fcrklerin m\u00fccadelesini anlatmaktad\u0131r. S\u00fcrg\u00fcn\u00fcn 80. y\u0131l\u0131nda halen \u00e7\u00f6z\u00fcm bekleyen siyasi, hukuki ve sosyal sorunlara \u0131\u015f\u0131k tutmaktad\u0131r. Rus\u00e7adan \u00e7evrilen AHISKA D\u0130YE D\u0130YE kitab\u0131 konuyla ilgili bilgi notlar\u0131, mektuplar\u0131 ve tavsiyeleri kapsamaktad\u0131r. <\/p>\n","protected":false},"excerpt":{"rendered":"<p>14 Kas\u0131m 1944 tarihinde T\u00fcrkistan \u00fclkelerine s\u00fcrg\u00fcn edilen Ah\u0131skal\u0131 T\u00fcrkler 1960\u2019l\u0131 y\u0131llardan itibaren vatan Ah\u0131ska\u2019ya d\u00f6n\u00fc\u015f m\u00fccadelesi ba\u015flatt\u0131lar. K\u0131sa zamanda te\u015fkilatlanan halk 1962 y\u0131l\u0131nda \u00d6zbekistan\u2019\u0131n Ta\u015fkent<span class=\"excerpt-hellip\"> [\u2026]<\/span><\/p>\n","protected":false},"featured_media":0,"template":"","meta":{"_monsterinsights_skip_tracking":false,"_monsterinsights_sitenote_active":false,"_monsterinsights_sitenote_note":"","_monsterinsights_sitenote_category":0},"product_brand":[],"product_cat":[13701,12291],"product_tag":[],"class_list":{"0":"post-760648","1":"product","2":"type-product","3":"status-publish","5":"product_cat-ani-mektup-gunluk","6":"product_cat-edebiyat","7":"pa_cilt-ciltsiz","8":"pa_tur-kitap","9":"pa_yayinevi-astana-yayinlari","10":"pa_yazar-fuad-pepinov","12":"first","13":"instock","14":"sale","15":"shipping-taxable","16":"purchasable","17":"product-type-simple"},"_links":{"self":[{"href":"https:\/\/roveyayinevi.com.tr\/index.php\/wp-json\/wp\/v2\/product\/760648","targetHints":{"allow":["GET"]}}],"collection":[{"href":"https:\/\/roveyayinevi.com.tr\/index.php\/wp-json\/wp\/v2\/product"}],"about":[{"href":"https:\/\/roveyayinevi.com.tr\/index.php\/wp-json\/wp\/v2\/types\/product"}],"wp:attachment":[{"href":"https:\/\/roveyayinevi.com.tr\/index.php\/wp-json\/wp\/v2\/media?parent=760648"}],"wp:term":[{"taxonomy":"product_brand","embeddable":true,"href":"https:\/\/roveyayinevi.com.tr\/index.php\/wp-json\/wp\/v2\/product_brand?post=760648"},{"taxonomy":"product_cat","embeddable":true,"href":"https:\/\/roveyayinevi.com.tr\/index.php\/wp-json\/wp\/v2\/product_cat?post=760648"},{"taxonomy":"product_tag","embeddable":true,"href":"https:\/\/roveyayinevi.com.tr\/index.php\/wp-json\/wp\/v2\/product_tag?post=760648"}],"curies":[{"name":"wp","href":"https:\/\/api.w.org\/{rel}","templated":true}]}}