{"id":760647,"date":"2025-08-28T09:12:26","date_gmt":"2025-08-28T06:12:26","guid":{"rendered":"https:\/\/roveyayinevi.com.tr\/index.php\/urun\/delilik-melankoli-cinlenme\/"},"modified":"2026-04-16T03:13:30","modified_gmt":"2026-04-16T00:13:30","slug":"delilik-melankoli-cinlenme","status":"publish","type":"product","link":"https:\/\/roveyayinevi.com.tr\/index.php\/urun\/delilik-melankoli-cinlenme\/","title":{"rendered":"Delilik Melankoli  Cinlenme"},"content":{"rendered":"<p>\u201cKitapta, insano\u011flunu \u00f6tekile\u015ftiren s\u00fcre\u00e7lerin sonucunda ortaya \u00e7\u0131kan ve \u201cfarkl\u0131l\u0131k\/ayk\u0131r\u0131l\u0131k yaratan haller\u201d olarak tan\u0131mlad\u0131\u011f\u0131m delilik, melankoli ve cinlenme gibi, d\u00f6nem d\u00f6nem patolojik vaka (hastal\u0131k) olarak da g\u00f6r\u00fclen durumlar\u0131n, Avrupa tarihinde izledi\u011fi seyri farkl\u0131 bir cepheden ele almaya \u00e7al\u0131\u015ft\u0131m. Bunu yaparken de, yakla\u015f\u0131k 2500 y\u0131ld\u0131r insan bedeni \u00fczerinden y\u00fcr\u00fct\u00fclen hastal\u0131k-sa\u011fl\u0131k s\u00f6yleminin tart\u0131\u015f\u0131lmas\u0131na uyum\/d\u00fczen-uyumsuzluk\/kaos kar\u015f\u0131tl\u0131\u011f\u0131ndan hareketle yakla\u015fmay\u0131 denedim. Di\u011fer yandan, insano\u011flunun ya\u015fam\u0131n\u0131n herhangi bir d\u00f6neminde, farkl\u0131 nedenlerle d\u0131\u015flanma, \u00f6tekile\u015ftirme, damgalanma s\u00fcre\u00e7lerinden muhatab\u0131 olabilece\u011fini deneyimlerimizden biliyoruz. Bu nedenle hangi s\u0131fatla d\u0131\u015flanmaktan \u00e7ok, hangi nedenlerle damgalanm\u0131\u015f olman\u0131n \u00f6nemli oldu\u011funa ve ara\u015ft\u0131r\u0131lmas\u0131 gerekti\u011fine inan\u0131yorum. Nihayet, zihniyetler tarihi ile t\u0131p tarihinin ortak paydas\u0131nda \u015fekillenen bu \u00e7al\u0131\u015fma alan\u0131n\u0131n, en az\u0131ndan \u00fclkemizdeki tarih\u00e7iler i\u00e7in, maalesef, h\u00e2l\u00e2 terra incognita olma \u00f6zelli\u011fini korudu\u011funu s\u00f6yleyebilirim. Umar\u0131m bu kitap, ke\u015ffedilmemi\u015f topraklara yelken a\u00e7mak isteyen gen\u00e7 ara\u015ft\u0131rmac\u0131lar\u0131 y\u00fcreklendirir.\u201d \u2013Haydar Ak\u0131n<\/p>\n","protected":false},"excerpt":{"rendered":"<p>\u201cKitapta, insano\u011flunu \u00f6tekile\u015ftiren s\u00fcre\u00e7lerin sonucunda ortaya \u00e7\u0131kan ve \u201cfarkl\u0131l\u0131k\/ayk\u0131r\u0131l\u0131k yaratan haller\u201d olarak tan\u0131mlad\u0131\u011f\u0131m delilik, melankoli ve cinlenme gibi, d\u00f6nem d\u00f6nem patolojik vaka (hastal\u0131k) olarak da g\u00f6r\u00fclen<span class=\"excerpt-hellip\"> [\u2026]<\/span><\/p>\n","protected":false},"featured_media":0,"template":"","meta":{"_monsterinsights_skip_tracking":false,"_monsterinsights_sitenote_active":false,"_monsterinsights_sitenote_note":"","_monsterinsights_sitenote_category":0},"product_brand":[],"product_cat":[52477],"product_tag":[],"class_list":{"0":"post-760647","1":"product","2":"type-product","3":"status-publish","5":"product_cat-arastirma","6":"pa_cilt-ciltsiz","7":"pa_tur-kitap","8":"pa_yayinevi-alfa-yayinlari","9":"pa_yazar-haydar-akin","11":"first","12":"instock","13":"sale","14":"shipping-taxable","15":"purchasable","16":"product-type-simple"},"_links":{"self":[{"href":"https:\/\/roveyayinevi.com.tr\/index.php\/wp-json\/wp\/v2\/product\/760647","targetHints":{"allow":["GET"]}}],"collection":[{"href":"https:\/\/roveyayinevi.com.tr\/index.php\/wp-json\/wp\/v2\/product"}],"about":[{"href":"https:\/\/roveyayinevi.com.tr\/index.php\/wp-json\/wp\/v2\/types\/product"}],"wp:attachment":[{"href":"https:\/\/roveyayinevi.com.tr\/index.php\/wp-json\/wp\/v2\/media?parent=760647"}],"wp:term":[{"taxonomy":"product_brand","embeddable":true,"href":"https:\/\/roveyayinevi.com.tr\/index.php\/wp-json\/wp\/v2\/product_brand?post=760647"},{"taxonomy":"product_cat","embeddable":true,"href":"https:\/\/roveyayinevi.com.tr\/index.php\/wp-json\/wp\/v2\/product_cat?post=760647"},{"taxonomy":"product_tag","embeddable":true,"href":"https:\/\/roveyayinevi.com.tr\/index.php\/wp-json\/wp\/v2\/product_tag?post=760647"}],"curies":[{"name":"wp","href":"https:\/\/api.w.org\/{rel}","templated":true}]}}