{"id":760645,"date":"2025-08-28T09:12:24","date_gmt":"2025-08-28T06:12:24","guid":{"rendered":"https:\/\/roveyayinevi.com.tr\/index.php\/urun\/evrimsel-psikiyatri-ve-psikosomatik-tip\/"},"modified":"2026-04-16T03:13:30","modified_gmt":"2026-04-16T00:13:30","slug":"evrimsel-psikiyatri-ve-psikosomatik-tip","status":"publish","type":"product","link":"https:\/\/roveyayinevi.com.tr\/index.php\/urun\/evrimsel-psikiyatri-ve-psikosomatik-tip\/","title":{"rendered":"Evrimsel Psikiyatri ve Psikosomatik T\u0131p"},"content":{"rendered":"<p>\u0130ngiliz do\u011fabilimci ve biyolog Charles R. Darwin\u2019in, \u2018evrim kuram\u0131\u2019 ad\u0131yla bilinen ve t\u00fcm ya\u015fam t\u00fcrlerinin ortak bir atadan t\u00fcredi\u011fine ili\u015fkin \u00f6nermesi, g\u00fcn\u00fcm\u00fczde \u00e7e\u015fitli bilim dallar\u0131nda temel bir kavram olarak kabul edilir. \u0130nsan\u0131n bellek, alg\u0131 ve dil gibi psikolojik \u00f6zelliklerini evrimsel bir bak\u0131\u015f a\u00e7\u0131s\u0131yla ele alan ve Darwin\u2019in \u2018do\u011fal se\u00e7ilim\u2019 ve \u2018cinsel se\u00e7ilim\u2019 kuramlar\u0131na dayanan \u2018evrimsel psikoloji\u2019 ise, insan zihninin de t\u00fcm canl\u0131lar\u0131n morfolojik \u00f6zellikleriyle ayn\u0131 biyolojik yasalara g\u00f6re evrimle\u015fti\u011fini \u00f6ne s\u00fcrer. Evrimsel psikoloji ve hastal\u0131klar\u0131n nedenlerini ara\u015ft\u0131ran etoloji, sosyo-biyoloji ile davran\u0131\u015fsal ekoloji gibi ili\u015fkili disiplinler, insan zihninin nas\u0131l \u00e7al\u0131\u015ft\u0131\u011f\u0131yla ilgili bir\u00e7ok yanl\u0131\u015f varsay\u0131m\u0131n \u00e7\u00fcr\u00fct\u00fclmesine katk\u0131 sa\u011flam\u0131\u015ft\u0131r. Alman n\u00f6ro-psikiyatrist ve evrimsel t\u0131p uzman\u203a Prof. Dr. Martin Br\u00fcne, \u00e7ok kapsaml\u0131 bir ara\u015ft\u0131rmas\u0131n\u0131n sonucu olan bu kitab\u0131nda; evrim kuram\u0131n\u0131n \u0131\u015f\u0131\u011f\u0131nda, otizmden ki\u015filik bozukluklar\u0131na, depresif bozukluklardan beslenme ve yeme bozukluklar\u0131na, cinsel i\u015flev bozukluklar\u0131ndan kayg\u0131 bozukluklar\u0131na ya da madde ba\u011f\u0131ml\u0131l\u0131\u011f\u0131na kadar \u00e7a\u011fda\u015f psikolojinin tedavi alan\u0131na giren en temel ruhsal sorunlar\u0131n binlerce y\u0131l \u00f6ncesine uzanan tarihsel k\u00f6kenlerini ve bug\u00fcnk\u00fc sonu\u00e7lar\u0131n\u0131 ortaya koyuyor. Prof. Br\u00fcne, g\u00fcn\u00fcm\u00fczde milyonlarca insan\u0131n ya\u015fam\u0131n\u0131 \u00e7\u0131kmaza sokan ruhsal hastal\u0131klar\u0131n tedavisinde \u00e7a\u011fda\u015f psikolojinin tan\u203a sistemlerinin t\u0131kand\u0131\u011f\u0131 ve kendini a\u015famad\u0131\u011f\u0131 noktalar\u0131 da g\u00f6zler \u00f6n\u00fcne sererek, psikiyatrinin ve psikosomatik t\u0131bb\u0131n ni\u00e7in \u2018evrim\u2019e gereksindi\u011fine ili\u015fkin ilerici bir bak\u0131\u015f a\u00e7\u0131s\u0131 sunuyor. <\/p>\n","protected":false},"excerpt":{"rendered":"<p>\u0130ngiliz do\u011fabilimci ve biyolog Charles R. Darwin\u2019in, \u2018evrim kuram\u0131\u2019 ad\u0131yla bilinen ve t\u00fcm ya\u015fam t\u00fcrlerinin ortak bir atadan t\u00fcredi\u011fine ili\u015fkin \u00f6nermesi, g\u00fcn\u00fcm\u00fczde \u00e7e\u015fitli bilim dallar\u0131nda temel<span class=\"excerpt-hellip\"> [\u2026]<\/span><\/p>\n","protected":false},"featured_media":0,"template":"","meta":{"_monsterinsights_skip_tracking":false,"_monsterinsights_sitenote_active":false,"_monsterinsights_sitenote_note":"","_monsterinsights_sitenote_category":0},"product_brand":[],"product_cat":[13005,38128],"product_tag":[],"class_list":{"0":"post-760645","1":"product","2":"type-product","3":"status-publish","5":"product_cat-bilim-muhendislik","6":"product_cat-tip-bilimleri","7":"pa_cilt-ciltsiz","8":"pa_tur-kitap","9":"pa_yayinevi-psikonet-yayinlari","10":"pa_yazar-marine-brune","12":"first","13":"instock","14":"sale","15":"shipping-taxable","16":"purchasable","17":"product-type-simple"},"_links":{"self":[{"href":"https:\/\/roveyayinevi.com.tr\/index.php\/wp-json\/wp\/v2\/product\/760645","targetHints":{"allow":["GET"]}}],"collection":[{"href":"https:\/\/roveyayinevi.com.tr\/index.php\/wp-json\/wp\/v2\/product"}],"about":[{"href":"https:\/\/roveyayinevi.com.tr\/index.php\/wp-json\/wp\/v2\/types\/product"}],"wp:attachment":[{"href":"https:\/\/roveyayinevi.com.tr\/index.php\/wp-json\/wp\/v2\/media?parent=760645"}],"wp:term":[{"taxonomy":"product_brand","embeddable":true,"href":"https:\/\/roveyayinevi.com.tr\/index.php\/wp-json\/wp\/v2\/product_brand?post=760645"},{"taxonomy":"product_cat","embeddable":true,"href":"https:\/\/roveyayinevi.com.tr\/index.php\/wp-json\/wp\/v2\/product_cat?post=760645"},{"taxonomy":"product_tag","embeddable":true,"href":"https:\/\/roveyayinevi.com.tr\/index.php\/wp-json\/wp\/v2\/product_tag?post=760645"}],"curies":[{"name":"wp","href":"https:\/\/api.w.org\/{rel}","templated":true}]}}