{"id":760644,"date":"2025-08-28T09:12:22","date_gmt":"2025-08-28T06:12:22","guid":{"rendered":"https:\/\/roveyayinevi.com.tr\/index.php\/urun\/kanada\/"},"modified":"2026-02-03T03:27:53","modified_gmt":"2026-02-03T00:27:53","slug":"kanada","status":"publish","type":"product","link":"https:\/\/roveyayinevi.com.tr\/index.php\/urun\/kanada\/","title":{"rendered":"Kanada"},"content":{"rendered":"<p>\u00d6nce anne babam\u0131n yapt\u0131\u011f\u0131 soygunu anlataca\u011f\u0131m. Ard\u0131ndan da, sonra i\u015flenen cinayetleri. As\u0131l \u00f6nemli k\u0131s\u0131m soygun, \u00e7\u00fcnk\u00fc k\u0131z karde\u015fimle benim hayat\u0131m\u0131z\u0131n seyrini belirleyen bu oldu.   Daha ilk c\u00fcmlede neler anlat\u0131laca\u011f\u0131n\u0131 \u00f6\u011frenmemize ra\u011fmen, bize b\u00fcy\u00fck bir romandan beklenen her \u015feyi veren bir ba\u015fyap\u0131t: Kanada.   On be\u015f ya\u015f\u0131ndaki Dell Parsons ve ikiz k\u0131z karde\u015fi Berner\u2019\u0131n anne babas\u0131, i\u00e7ine d\u00fc\u015ft\u00fckleri darbo\u011fazdan kurtulmak i\u00e7in banka soyduktan sonra yakalan\u0131r. Anneleri Neeva, devlet taraf\u0131ndan al\u0131konulmamalar\u0131 i\u00e7in yak\u0131n arkada\u015f\u0131 Mildred Remlinger\u2019dan \u00e7ocuklar\u0131 s\u0131n\u0131r\u0131n \u00f6tesine, Kanada\u2019ya, abisi Arthur Remlinger\u2019\u0131n yan\u0131na g\u00f6t\u00fcrmesini ister. Fakat Berner kendi kaderini kendisi tayin etmek ister ve Mildred\u2019\u0131 beklemez. Dell ise anne babas\u0131n\u0131n k\u0131r\u0131k d\u00f6k\u00fck b\u0131rakt\u0131\u011f\u0131 hayat\u0131 hi\u00e7 bilmedi\u011fi bir \u00fclkede s\u0131f\u0131rdan kurmak \u00fczere Mildred\u2019la birlikte Kanada\u2019n\u0131n u\u00e7suz bucaks\u0131z \u00e7ay\u0131rlar\u0131na do\u011fru yola \u00e7\u0131kar. Orada onu bekleyen hayat bilinmezliklerle, s\u0131rlarla doludur.   Richard Ford\u2019un, yar\u0131m y\u00fczy\u0131l\u0131 a\u015fk\u0131n bir s\u00fcreye yay\u0131lan bu sars\u0131c\u0131 aile trajedisini Dell Parsons\u2019\u0131n g\u00f6z\u00fcnden aktard\u0131\u011f\u0131, \u201cAmerikan edebiyat\u0131n\u0131n yeni y\u00fczy\u0131ldaki muhtemelen en b\u00fcy\u00fck roman\u0131\u201d Kanada, Umay \u00d6ze\u2019nin \u00e7evirisiyle\u2026   21. y\u00fczy\u0131l\u0131n ilk b\u00fcy\u00fck romanlar\u0131ndan. \u2013John Banville Ger\u00e7ek Kral geri geldi\u2026 G\u00f6sterdi\u011fi manzaralar kadar nefes kesici bir \u00f6yk\u00fc, bir imgelem.-Boyd Tonkin <\/p>\n","protected":false},"excerpt":{"rendered":"<p>\u00d6nce anne babam\u0131n yapt\u0131\u011f\u0131 soygunu anlataca\u011f\u0131m. Ard\u0131ndan da, sonra i\u015flenen cinayetleri. As\u0131l \u00f6nemli k\u0131s\u0131m soygun, \u00e7\u00fcnk\u00fc k\u0131z karde\u015fimle benim hayat\u0131m\u0131z\u0131n seyrini belirleyen bu oldu. Daha ilk<span class=\"excerpt-hellip\"> [\u2026]<\/span><\/p>\n","protected":false},"featured_media":0,"template":"","meta":{"_monsterinsights_skip_tracking":false,"_monsterinsights_sitenote_active":false,"_monsterinsights_sitenote_note":"","_monsterinsights_sitenote_category":0},"product_brand":[],"product_cat":[12291,12711],"product_tag":[],"class_list":{"0":"post-760644","1":"product","2":"type-product","3":"status-publish","5":"product_cat-edebiyat","6":"product_cat-roman-oyku","7":"pa_cilt-ciltsiz","8":"pa_tur-kitap","9":"pa_yayinevi-jaguar-kitap","10":"pa_yazar-richard-ford","12":"first","13":"instock","14":"sale","15":"shipping-taxable","16":"purchasable","17":"product-type-simple"},"_links":{"self":[{"href":"https:\/\/roveyayinevi.com.tr\/index.php\/wp-json\/wp\/v2\/product\/760644","targetHints":{"allow":["GET"]}}],"collection":[{"href":"https:\/\/roveyayinevi.com.tr\/index.php\/wp-json\/wp\/v2\/product"}],"about":[{"href":"https:\/\/roveyayinevi.com.tr\/index.php\/wp-json\/wp\/v2\/types\/product"}],"wp:attachment":[{"href":"https:\/\/roveyayinevi.com.tr\/index.php\/wp-json\/wp\/v2\/media?parent=760644"}],"wp:term":[{"taxonomy":"product_brand","embeddable":true,"href":"https:\/\/roveyayinevi.com.tr\/index.php\/wp-json\/wp\/v2\/product_brand?post=760644"},{"taxonomy":"product_cat","embeddable":true,"href":"https:\/\/roveyayinevi.com.tr\/index.php\/wp-json\/wp\/v2\/product_cat?post=760644"},{"taxonomy":"product_tag","embeddable":true,"href":"https:\/\/roveyayinevi.com.tr\/index.php\/wp-json\/wp\/v2\/product_tag?post=760644"}],"curies":[{"name":"wp","href":"https:\/\/api.w.org\/{rel}","templated":true}]}}