{"id":760643,"date":"2025-08-28T09:12:20","date_gmt":"2025-08-28T06:12:20","guid":{"rendered":"https:\/\/roveyayinevi.com.tr\/index.php\/urun\/kalbe-saplanan-ok-1-ciltli\/"},"modified":"2026-04-16T03:13:30","modified_gmt":"2026-04-16T00:13:30","slug":"kalbe-saplanan-ok-1-ciltli","status":"publish","type":"product","link":"https:\/\/roveyayinevi.com.tr\/index.php\/urun\/kalbe-saplanan-ok-1-ciltli\/","title":{"rendered":"Kalbe Saplanan Ok 1 (Ciltli)"},"content":{"rendered":"<p>Hen\u00fcz yedi ya\u015f\u0131ndayken kar\u015f\u0131 kar\u015f\u0131ya kald\u0131\u011f\u0131 korkun\u00e7 bir olay y\u00fcz\u00fcnden umutsuzluk i\u00e7inde savrulup duran Gece Yal\u00e7\u0131n uzun seneler sonra asl\u0131nda her \u015feyin kocaman bir yalandan ibaret oldu\u011funu \u00f6\u011frenir. Ya\u015fad\u0131\u011f\u0131 ihanetin ac\u0131s\u0131 ve hayal k\u0131r\u0131kl\u0131\u011f\u0131yla kendini bir tren yolculu\u011funda bulur ve o yolculukta tan\u0131\u015ft\u0131\u011f\u0131 esrarengiz bir adam t\u00fcm hayat\u0131n\u0131 de\u011fi\u015ftirir.   Bir yanda Gece\u2019nin yapayaln\u0131z ve terk edilmi\u015f hissetme sebebi olan insanlar, bir yanda onun yan\u0131nda olmay\u0131 ama\u00e7 edinmi\u015f SERTER G\u00dc\u00c7L\u00dc&#8230;   Gece ve Serter t\u00fcm zorluklara ra\u011fmen bir arada kalmay\u0131 ba\u015farabilecekler mi?   Kalplerine saplanan ok onlar\u0131 hayata m\u0131 d\u00f6nd\u00fcrecek yoksa karanl\u0131\u011f\u0131n i\u00e7ine mi hapsedecek?   A\u015eK, H\u0130\u00c7 BU KADAR ZOR VE ENGEL TANIMAZ OLMAMI\u015eTI. <\/p>\n","protected":false},"excerpt":{"rendered":"<p>Hen\u00fcz yedi ya\u015f\u0131ndayken kar\u015f\u0131 kar\u015f\u0131ya kald\u0131\u011f\u0131 korkun\u00e7 bir olay y\u00fcz\u00fcnden umutsuzluk i\u00e7inde savrulup duran Gece Yal\u00e7\u0131n uzun seneler sonra asl\u0131nda her \u015feyin kocaman bir yalandan ibaret<span class=\"excerpt-hellip\"> [\u2026]<\/span><\/p>\n","protected":false},"featured_media":0,"template":"","meta":{"_monsterinsights_skip_tracking":false,"_monsterinsights_sitenote_active":false,"_monsterinsights_sitenote_note":"","_monsterinsights_sitenote_category":0},"product_brand":[],"product_cat":[12291,12711],"product_tag":[],"class_list":{"0":"post-760643","1":"product","2":"type-product","3":"status-publish","5":"product_cat-edebiyat","6":"product_cat-roman-oyku","7":"pa_cilt-ciltli","8":"pa_tur-kitap","9":"pa_yayinevi-ephesus-yayinlari","10":"pa_yazar-ebru-isik","12":"first","13":"instock","14":"sale","15":"shipping-taxable","16":"purchasable","17":"product-type-simple"},"_links":{"self":[{"href":"https:\/\/roveyayinevi.com.tr\/index.php\/wp-json\/wp\/v2\/product\/760643","targetHints":{"allow":["GET"]}}],"collection":[{"href":"https:\/\/roveyayinevi.com.tr\/index.php\/wp-json\/wp\/v2\/product"}],"about":[{"href":"https:\/\/roveyayinevi.com.tr\/index.php\/wp-json\/wp\/v2\/types\/product"}],"wp:attachment":[{"href":"https:\/\/roveyayinevi.com.tr\/index.php\/wp-json\/wp\/v2\/media?parent=760643"}],"wp:term":[{"taxonomy":"product_brand","embeddable":true,"href":"https:\/\/roveyayinevi.com.tr\/index.php\/wp-json\/wp\/v2\/product_brand?post=760643"},{"taxonomy":"product_cat","embeddable":true,"href":"https:\/\/roveyayinevi.com.tr\/index.php\/wp-json\/wp\/v2\/product_cat?post=760643"},{"taxonomy":"product_tag","embeddable":true,"href":"https:\/\/roveyayinevi.com.tr\/index.php\/wp-json\/wp\/v2\/product_tag?post=760643"}],"curies":[{"name":"wp","href":"https:\/\/api.w.org\/{rel}","templated":true}]}}