{"id":760642,"date":"2025-08-28T09:12:19","date_gmt":"2025-08-28T06:12:19","guid":{"rendered":"https:\/\/roveyayinevi.com.tr\/index.php\/urun\/uygarlasan-istah\/"},"modified":"2026-04-16T03:13:30","modified_gmt":"2026-04-16T00:13:30","slug":"uygarlasan-istah","status":"publish","type":"product","link":"https:\/\/roveyayinevi.com.tr\/index.php\/urun\/uygarlasan-istah\/","title":{"rendered":"Uygarla\u015fan \u0130\u015ftah"},"content":{"rendered":"<p>Atalar\u0131m\u0131z ne yiyordu? Besinlerini ilk kez ne zaman pi\u015firdiler? Et yemek ile ataerkil \u015fiddet aras\u0131nda bir ili\u015fki var m\u0131? \u0130\u00e7inde bulundu\u011fumuz uygarl\u0131k bir bu\u011fday ve ekmek uygarl\u0131\u011f\u0131 m\u0131? Ya\u015fam ne zamandan bu yana ekmek kavgas\u0131na d\u00f6n\u00fc\u015ft\u00fc? Antik\u00e7a\u011f\u0131n sofralar\u0131nda neler vard\u0131? Ne yiyorsan o musun yoksa neysen onu mu yiyorsun? Zenginin \u015f\u00f6leninden, fakirin ekme\u011fine kadar s\u0131n\u0131fsal sofra sava\u015flar\u0131\u2026 \u0130lerlemeci bilim uzun y\u0131llar insan\u0131n tarihsel yolculu\u011funun, karn\u0131n\u0131 doyurmakta g\u00fc\u00e7l\u00fck \u00e7eken ak\u0131ls\u0131z hayvandan, modern, ak\u0131ll\u0131, tok bir varl\u0131\u011fa do\u011fru oldu\u011fu \u00f6yk\u00fcs\u00fcn\u00fc anlatt\u0131. Avc\u0131-toplay\u0131c\u0131lar\u0131, t\u00fcm g\u00fcn kar\u0131nlar\u0131n\u0131 doyurma pe\u015findeki yar\u0131-a\u00e7 ilkeller olarak betimleyen bu bilimsel s\u00f6ylem, elde edilen arkeolojik veriler \u0131\u015f\u0131\u011f\u0131nda nihayet terk edilmeye ba\u015fland\u0131. Yiyecek bulmak i\u00e7in \u00f6zel bir zamana dahi gereksinim duymayan, g\u00fcnl\u00fck hareketlili\u011fi i\u00e7erisinde kar\u015f\u0131s\u0131na \u00e7\u0131kan yiyeceklerle karn\u0131n\u0131 doyuran avc\u0131-toplay\u0131c\u0131 insana k\u0131yasla modern insan\u0131n ya\u015fam\u0131, yemek \u00fczerine kuruludur. Bu \u201cyemek\u201d uygarla\u015fma s\u00fcreci boyunca \u00f6ylesine bir d\u00f6n\u00fc\u015f\u00fcm ge\u00e7irir ki, insan\u0131 do\u011fadan ve birlikte evrimle\u015fti\u011fi di\u011fer t\u00fcm canl\u0131lardan ay\u0131r\u0131r. Evcille\u015fip, kentcille\u015fmi\u015f insan\u0131n midesi bedeninden ta\u015far. Yemek art\u0131k s\u0131n\u0131fsal bir ayra\u00e7t\u0131r ve bu yolda i\u015ftah da uygarla\u015fm\u0131\u015ft\u0131r. \u0130smail Gezgin\u2019in milyonlarca y\u0131ll\u0131k insan-besin ili\u015fkisi \u00fczerine d\u00fc\u015f\u00fcnd\u00fc\u011f\u00fc bu \u00e7al\u0131\u015fmada, atalar\u0131m\u0131z\u0131n ne yedi\u011finden ba\u015flayarak bu\u011fday uygarl\u0131\u011f\u0131na, ilk evcil tohumlardan hayvan yemeye, antik\u00e7a\u011f\u0131n ataerkil \u015f\u00f6lenlerinden lezzet t\u00fcccarlar\u0131na, yeme\u011fin iktidarla do\u011frudan ba\u011f\u0131na, farkl\u0131 \u00e7a\u011flardan ge\u00e7erek ve t\u00fcrl\u00fc t\u00fcrl\u00fc sofralara konuk olarak tan\u0131kl\u0131k ediyoruz. <\/p>\n","protected":false},"excerpt":{"rendered":"<p>Atalar\u0131m\u0131z ne yiyordu? Besinlerini ilk kez ne zaman pi\u015firdiler? Et yemek ile ataerkil \u015fiddet aras\u0131nda bir ili\u015fki var m\u0131? \u0130\u00e7inde bulundu\u011fumuz uygarl\u0131k bir bu\u011fday ve ekmek<span class=\"excerpt-hellip\"> [\u2026]<\/span><\/p>\n","protected":false},"featured_media":0,"template":"","meta":{"_monsterinsights_skip_tracking":false,"_monsterinsights_sitenote_active":false,"_monsterinsights_sitenote_note":"","_monsterinsights_sitenote_category":0},"product_brand":[],"product_cat":[13005,13006],"product_tag":[],"class_list":{"0":"post-760642","1":"product","2":"type-product","3":"status-publish","5":"product_cat-bilim-muhendislik","6":"product_cat-populer-bilim","7":"pa_cilt-ciltsiz","8":"pa_tur-kitap","9":"pa_yayinevi-pinhan-yayincilik","10":"pa_yazar-ismail-gezgin","12":"first","13":"instock","14":"sale","15":"shipping-taxable","16":"purchasable","17":"product-type-simple"},"_links":{"self":[{"href":"https:\/\/roveyayinevi.com.tr\/index.php\/wp-json\/wp\/v2\/product\/760642","targetHints":{"allow":["GET"]}}],"collection":[{"href":"https:\/\/roveyayinevi.com.tr\/index.php\/wp-json\/wp\/v2\/product"}],"about":[{"href":"https:\/\/roveyayinevi.com.tr\/index.php\/wp-json\/wp\/v2\/types\/product"}],"wp:attachment":[{"href":"https:\/\/roveyayinevi.com.tr\/index.php\/wp-json\/wp\/v2\/media?parent=760642"}],"wp:term":[{"taxonomy":"product_brand","embeddable":true,"href":"https:\/\/roveyayinevi.com.tr\/index.php\/wp-json\/wp\/v2\/product_brand?post=760642"},{"taxonomy":"product_cat","embeddable":true,"href":"https:\/\/roveyayinevi.com.tr\/index.php\/wp-json\/wp\/v2\/product_cat?post=760642"},{"taxonomy":"product_tag","embeddable":true,"href":"https:\/\/roveyayinevi.com.tr\/index.php\/wp-json\/wp\/v2\/product_tag?post=760642"}],"curies":[{"name":"wp","href":"https:\/\/api.w.org\/{rel}","templated":true}]}}