{"id":760641,"date":"2025-08-28T09:12:16","date_gmt":"2025-08-28T06:12:16","guid":{"rendered":"https:\/\/roveyayinevi.com.tr\/index.php\/urun\/ay-isigi-sokagi-4\/"},"modified":"2026-04-16T03:13:30","modified_gmt":"2026-04-16T00:13:30","slug":"ay-isigi-sokagi-4","status":"publish","type":"product","link":"https:\/\/roveyayinevi.com.tr\/index.php\/urun\/ay-isigi-sokagi-4\/","title":{"rendered":"Ay I\u015f\u0131\u011f\u0131 Soka\u011f\u0131"},"content":{"rendered":"<p>K\u0131y\u0131ya ge\u00e7 yana\u015fan gemi y\u00fcz\u00fcnden trenini ka\u00e7\u0131ran bir yabanc\u0131, hi\u00e7 bilmedi\u011fi k\u00fc\u00e7\u00fck bir Frans\u0131z liman kentinin ay \u0131\u015f\u0131\u011f\u0131yla ayd\u0131nlanan sokaklar\u0131n\u0131 ke\u015ffetmeye giri\u015fir. Kaptanlar\u0131n, m\u00fcrettebat\u0131n bir gecelik de olsa yolunun d\u00fc\u015ft\u00fc\u011f\u00fc bu kent t\u00fcm g\u00fcnahlara gebedir. Burada t\u00fcm ihtiya\u00e7lar\u0131n bir \u00e7\u00f6z\u00fcm\u00fc vard\u0131r. Sokaklarda gezinen gen\u00e7 adam\u0131n kula\u011f\u0131na o s\u0131rada Almanca bir \u015fark\u0131 \u00e7al\u0131n\u0131r ve kendi memleketinden birine rastlaman\u0131n verdi\u011fi sevin\u00e7le sesin kayna\u011f\u0131n\u0131 bulmaya koyulur. Ki\u015filik \u00e7\u00f6z\u00fcmlemeleriyle derinle\u015ftirdi\u011fi yap\u0131tlar\u0131nda \u00e7o\u011funlukla saplant\u0131l\u0131 ya\u015famlar\u0131n umars\u0131z sonlar\u0131n\u0131 anlatan Zweig\u2019\u0131n bu kitaptaki \u00f6yk\u00fcleri, kendi ya\u015fam\u0131ndan izler ta\u015f\u0131yor. <\/p>\n","protected":false},"excerpt":{"rendered":"<p>K\u0131y\u0131ya ge\u00e7 yana\u015fan gemi y\u00fcz\u00fcnden trenini ka\u00e7\u0131ran bir yabanc\u0131, hi\u00e7 bilmedi\u011fi k\u00fc\u00e7\u00fck bir Frans\u0131z liman kentinin ay \u0131\u015f\u0131\u011f\u0131yla ayd\u0131nlanan sokaklar\u0131n\u0131 ke\u015ffetmeye giri\u015fir. Kaptanlar\u0131n, m\u00fcrettebat\u0131n bir gecelik<span class=\"excerpt-hellip\"> [\u2026]<\/span><\/p>\n","protected":false},"featured_media":0,"template":"","meta":{"_monsterinsights_skip_tracking":false,"_monsterinsights_sitenote_active":false,"_monsterinsights_sitenote_note":"","_monsterinsights_sitenote_category":0},"product_brand":[],"product_cat":[12291,18202],"product_tag":[],"class_list":{"0":"post-760641","1":"product","2":"type-product","3":"status-publish","5":"product_cat-edebiyat","6":"product_cat-hikaye","7":"pa_cilt-ciltsiz","8":"pa_tur-kitap","9":"pa_yayinevi-can-yayinlari","10":"pa_yazar-stefan-zweig","12":"first","13":"instock","14":"sale","15":"shipping-taxable","16":"purchasable","17":"product-type-simple"},"_links":{"self":[{"href":"https:\/\/roveyayinevi.com.tr\/index.php\/wp-json\/wp\/v2\/product\/760641","targetHints":{"allow":["GET"]}}],"collection":[{"href":"https:\/\/roveyayinevi.com.tr\/index.php\/wp-json\/wp\/v2\/product"}],"about":[{"href":"https:\/\/roveyayinevi.com.tr\/index.php\/wp-json\/wp\/v2\/types\/product"}],"wp:attachment":[{"href":"https:\/\/roveyayinevi.com.tr\/index.php\/wp-json\/wp\/v2\/media?parent=760641"}],"wp:term":[{"taxonomy":"product_brand","embeddable":true,"href":"https:\/\/roveyayinevi.com.tr\/index.php\/wp-json\/wp\/v2\/product_brand?post=760641"},{"taxonomy":"product_cat","embeddable":true,"href":"https:\/\/roveyayinevi.com.tr\/index.php\/wp-json\/wp\/v2\/product_cat?post=760641"},{"taxonomy":"product_tag","embeddable":true,"href":"https:\/\/roveyayinevi.com.tr\/index.php\/wp-json\/wp\/v2\/product_tag?post=760641"}],"curies":[{"name":"wp","href":"https:\/\/api.w.org\/{rel}","templated":true}]}}