{"id":760636,"date":"2025-08-28T09:12:06","date_gmt":"2025-08-28T06:12:06","guid":{"rendered":"https:\/\/roveyayinevi.com.tr\/index.php\/urun\/elohimin-cocuklari\/"},"modified":"2026-04-15T03:25:53","modified_gmt":"2026-04-15T00:25:53","slug":"elohimin-cocuklari","status":"publish","type":"product","link":"https:\/\/roveyayinevi.com.tr\/index.php\/urun\/elohimin-cocuklari\/","title":{"rendered":"Elohim&#8217;in \u00c7ocuklar\u0131"},"content":{"rendered":"<p>Kay\u0131p bir k\u0131ta, Pasifik Okyanusu\u2019na a\u00e7\u0131lan son teknoloji bir gemi ve dedelerinin yolunu vasiyet bellemi\u015f iki bilim insan\u0131. Chris Churcward ile Mustafa Kemal Mayatepek\u2019in yollar\u0131 ilk kez Hindistan\u2019da bir mabette kesi\u015fiyor. Uzun soluklu bir ara\u015ft\u0131rman\u0131n fitilini ate\u015fleyen bu kesi\u015fmenin sonu, b\u00fct\u00fcn dinlerin kayna\u011f\u0131na ula\u015facak, insanl\u0131k tarihini yeniden yazd\u0131racak, t\u00fcm politik ve ekonomik dengeleri alt\u00fcst edecek boyutlar aras\u0131 bir yolculu\u011fa var\u0131yor. Fakat bu yolculukta Chris Churcward tek ba\u015f\u0131na. Ve \u015fimdi bir se\u00e7im yapmak zorunda. Bir yanda \u00f6zg\u00fcrl\u00fc\u011f\u00fcn, e\u015fitli\u011fin ve bilgeli\u011fin h\u00fck\u00fcm s\u00fcrd\u00fc\u011f\u00fc Mu K\u0131tas\u0131; bir yanda cehaletin, adaletsizli\u011fin ve silahlar\u0131n h\u00fck\u00fcm s\u00fcrd\u00fc\u011f\u00fc Cebel el \u015eeyh\u2026  Tarihi s\u0131rlar, dini efsaneler ve co\u011frafi izler aras\u0131nda gidip gelen, ger\u00e7ek\u00e7i oldu\u011fu kadar ger\u00e7e\u011fin \u00f6tesine ge\u00e7mekte de s\u0131n\u0131r tan\u0131mayan s\u0131ra d\u0131\u015f\u0131 bir roman. Yo\u011fun d\u00fc\u015f g\u00fcc\u00fcn\u00fcn destans\u0131 bir izd\u00fc\u015f\u00fcm\u00fc\u2026 Elohim\u2019in \u00c7ocuklar\u0131, insanl\u0131k tarihini sorgulat\u0131rken her bir sat\u0131r\u0131nda zihinleri prangalar\u0131ndan kurtar\u0131yor. Ve \u00e7izdi\u011fi \u00fctopya ile y\u00fczlerce y\u0131l \u00f6ncesine, Tommaso Campanella\u2019n\u0131n G\u00fcne\u015f \u00dclkesi\u2019ne sayg\u0131 duru\u015funda bulunuyor. <\/p>\n","protected":false},"excerpt":{"rendered":"<p>Kay\u0131p bir k\u0131ta, Pasifik Okyanusu\u2019na a\u00e7\u0131lan son teknoloji bir gemi ve dedelerinin yolunu vasiyet bellemi\u015f iki bilim insan\u0131. Chris Churcward ile Mustafa Kemal Mayatepek\u2019in yollar\u0131 ilk<span class=\"excerpt-hellip\"> [\u2026]<\/span><\/p>\n","protected":false},"featured_media":0,"template":"","meta":{"_monsterinsights_skip_tracking":false,"_monsterinsights_sitenote_active":false,"_monsterinsights_sitenote_note":"","_monsterinsights_sitenote_category":0},"product_brand":[],"product_cat":[12291,12711],"product_tag":[],"class_list":{"0":"post-760636","1":"product","2":"type-product","3":"status-publish","5":"product_cat-edebiyat","6":"product_cat-roman-oyku","7":"pa_cilt-ciltsiz","8":"pa_tur-kitap","9":"pa_yayinevi-inkilap-kitabevi","10":"pa_yazar-orhan-bahtiyar","12":"first","13":"instock","14":"sale","15":"shipping-taxable","16":"purchasable","17":"product-type-simple"},"_links":{"self":[{"href":"https:\/\/roveyayinevi.com.tr\/index.php\/wp-json\/wp\/v2\/product\/760636","targetHints":{"allow":["GET"]}}],"collection":[{"href":"https:\/\/roveyayinevi.com.tr\/index.php\/wp-json\/wp\/v2\/product"}],"about":[{"href":"https:\/\/roveyayinevi.com.tr\/index.php\/wp-json\/wp\/v2\/types\/product"}],"wp:attachment":[{"href":"https:\/\/roveyayinevi.com.tr\/index.php\/wp-json\/wp\/v2\/media?parent=760636"}],"wp:term":[{"taxonomy":"product_brand","embeddable":true,"href":"https:\/\/roveyayinevi.com.tr\/index.php\/wp-json\/wp\/v2\/product_brand?post=760636"},{"taxonomy":"product_cat","embeddable":true,"href":"https:\/\/roveyayinevi.com.tr\/index.php\/wp-json\/wp\/v2\/product_cat?post=760636"},{"taxonomy":"product_tag","embeddable":true,"href":"https:\/\/roveyayinevi.com.tr\/index.php\/wp-json\/wp\/v2\/product_tag?post=760636"}],"curies":[{"name":"wp","href":"https:\/\/api.w.org\/{rel}","templated":true}]}}