{"id":760635,"date":"2025-08-28T09:12:04","date_gmt":"2025-08-28T06:12:04","guid":{"rendered":"https:\/\/roveyayinevi.com.tr\/index.php\/urun\/muhbir-2\/"},"modified":"2026-04-16T03:13:30","modified_gmt":"2026-04-16T00:13:30","slug":"muhbir-2","status":"publish","type":"product","link":"https:\/\/roveyayinevi.com.tr\/index.php\/urun\/muhbir-2\/","title":{"rendered":"Muhbir"},"content":{"rendered":"<p>\u0130nsan, topra\u011fa saplanan ucu sivri bir m\u0131zrak gibi y\u00fcre\u011fini par\u00e7alayan a\u015fk\u0131n kudretine orac\u0131kta boyun e\u011fer de yaral\u0131 oldu\u011fu halde hasretin ordusuyla tek ba\u015f\u0131na cenk etme cesaretini kendinde nas\u0131l bulur? Galip gelece\u011fine olan inanc\u0131, umudun derin ve karanl\u0131k dehlizlerinde, s\u00f6nmeye y\u00fcz tutmu\u015f bir me\u015faleden yans\u0131yan g\u00f6lge oyunlar\u0131 de\u011fil de nedir? Korkun\u00e7 bir hezimete u\u011fran\u0131ld\u0131\u011f\u0131 halde ganimetlerin ars\u0131zca topland\u0131\u011f\u0131 tek muharebe, a\u015fk muharebesi de\u011fil midir?   1940\u2019lar Hatay\u2026 Erkek g\u00fcc\u00fcn\u00fcn ge\u00e7ti\u011fi Ortado\u011fu\u2019nun karanl\u0131\u011f\u0131nda g\u00fcn g\u00f6rmemi\u015f bir k\u0131z \u00e7ocu\u011funun aln\u0131na kara yaz\u0131ld\u0131\u011f\u0131 gece ba\u015fl\u0131yor her \u015fey. S\u0131n\u0131rlar\u0131 a\u015fan bir kader \u00e7iziliyor etraf\u0131nda. Antakya ile Afrin aras\u0131nda gidip geliyor ya\u015famlar. Hacer\u2019in hik\u00e2yesi Ali\u2019nin su\u00e7 dolu, kaotik gelece\u011fine evrilirken Kilis\u2019ten ge\u00e7en yolun sonu \u0130stanbul\u2019a, takvimin yapraklar\u0131 ise 6 Eyl\u00fcl 1954\u2019e var\u0131yor. Garaz\u2019la Hatay\u2019\u0131n mistik \u00e7ehresini okura ola\u011fan\u00fcst\u00fc bir kurgu i\u00e7inde sunan Serhan Kur\u015fun, devam roman\u0131 olan bu ikinci kitapta hayal g\u00fcc\u00fcn\u00fcn doruklar\u0131nda gezerken zihinlerde b\u0131rakt\u0131\u011f\u0131 edebi lezzetten de \u00f6d\u00fcn vermiyor. Muhbir, Kur\u015fun\u2019un ellerinde, bir \u00e7ocu\u011fun b\u00fcy\u00fcl\u00fc d\u00fcnyas\u0131yla a\u00e7\u0131l\u0131p sert bir ger\u00e7ekli\u011fe do\u011fru s\u00fcr\u00fcklenen beklenmedik bir romana d\u00f6n\u00fc\u015f\u00fcyor. <\/p>\n","protected":false},"excerpt":{"rendered":"<p>\u0130nsan, topra\u011fa saplanan ucu sivri bir m\u0131zrak gibi y\u00fcre\u011fini par\u00e7alayan a\u015fk\u0131n kudretine orac\u0131kta boyun e\u011fer de yaral\u0131 oldu\u011fu halde hasretin ordusuyla tek ba\u015f\u0131na cenk etme cesaretini<span class=\"excerpt-hellip\"> [\u2026]<\/span><\/p>\n","protected":false},"featured_media":0,"template":"","meta":{"_monsterinsights_skip_tracking":false,"_monsterinsights_sitenote_active":false,"_monsterinsights_sitenote_note":"","_monsterinsights_sitenote_category":0},"product_brand":[],"product_cat":[12291,12711],"product_tag":[],"class_list":{"0":"post-760635","1":"product","2":"type-product","3":"status-publish","5":"product_cat-edebiyat","6":"product_cat-roman-oyku","7":"pa_cilt-ciltsiz","8":"pa_tur-kitap","9":"pa_yayinevi-inkilap-kitabevi","10":"pa_yazar-serhan-kursun","12":"first","13":"instock","14":"sale","15":"shipping-taxable","16":"purchasable","17":"product-type-simple"},"_links":{"self":[{"href":"https:\/\/roveyayinevi.com.tr\/index.php\/wp-json\/wp\/v2\/product\/760635","targetHints":{"allow":["GET"]}}],"collection":[{"href":"https:\/\/roveyayinevi.com.tr\/index.php\/wp-json\/wp\/v2\/product"}],"about":[{"href":"https:\/\/roveyayinevi.com.tr\/index.php\/wp-json\/wp\/v2\/types\/product"}],"wp:attachment":[{"href":"https:\/\/roveyayinevi.com.tr\/index.php\/wp-json\/wp\/v2\/media?parent=760635"}],"wp:term":[{"taxonomy":"product_brand","embeddable":true,"href":"https:\/\/roveyayinevi.com.tr\/index.php\/wp-json\/wp\/v2\/product_brand?post=760635"},{"taxonomy":"product_cat","embeddable":true,"href":"https:\/\/roveyayinevi.com.tr\/index.php\/wp-json\/wp\/v2\/product_cat?post=760635"},{"taxonomy":"product_tag","embeddable":true,"href":"https:\/\/roveyayinevi.com.tr\/index.php\/wp-json\/wp\/v2\/product_tag?post=760635"}],"curies":[{"name":"wp","href":"https:\/\/api.w.org\/{rel}","templated":true}]}}