{"id":760629,"date":"2025-08-28T09:11:22","date_gmt":"2025-08-28T06:11:22","guid":{"rendered":"https:\/\/roveyayinevi.com.tr\/index.php\/urun\/ne-munasebet\/"},"modified":"2026-04-16T03:13:30","modified_gmt":"2026-04-16T00:13:30","slug":"ne-munasebet","status":"publish","type":"product","link":"https:\/\/roveyayinevi.com.tr\/index.php\/urun\/ne-munasebet\/","title":{"rendered":"Ne M\u00fcnasebet !"},"content":{"rendered":"<p>Fatih Alt\u0131n\u00f6z, Ne M\u00fcnasebet! roman\u0131nda \u201cili\u015fkilerimiz\u201de baba, o\u011ful, sevgili ekseninden bak\u0131yor. H\u0131zl\u0131, h\u0131nz\u0131r bir dil, al\u0131\u015f\u0131lmad\u0131k bir kurgu ve bir cerrah\u0131n ne\u015fter tutan eline saplanm\u0131\u015f bir b\u0131\u00e7ak\u2026   \u201cNe zaman te\u015frif eder acaba ekselanslar\u0131? Art\u0131k gelebilir. Yeterince bekletti bizi. Onu kar\u015f\u0131ma oturtaca\u011f\u0131m. G\u00f6rmem laz\u0131m b\u00fct\u00fcn bak\u0131\u015flar\u0131n\u0131. Gelip oturana kadar en az \u00fc\u00e7-d\u00f6rt garsona el ense \u00e7ekecek, halini hat\u0131rlar\u0131n\u0131 soracak. Garsonlar\u0131n e\u015fleri, dostlar\u0131, \u00e7ocuklar\u0131, ana-babalar\u0131, kaynana ve kay\u0131nbabalar\u0131n\u0131n sa\u011fl\u0131k durumlar\u0131n\u0131 irdeleyecek hemen ayak\u00fcst\u00fc. O anda d\u00fckk\u00e2nda olmayan patronu nas\u0131l ameliyat etti\u011fini ve adam\u0131n \u00f6mr\u00fcn\u00fc nas\u0131l uzatt\u0131\u011f\u0131n\u0131 bir punduna getirip mutlaka araya s\u0131k\u0131\u015ft\u0131racak. Aysun bil ki b\u00fct\u00fcn bunlar, b\u00fct\u00fcn bu g\u00f6steri senin i\u00e7in tatl\u0131m.\u201d <\/p>\n","protected":false},"excerpt":{"rendered":"<p>Fatih Alt\u0131n\u00f6z, Ne M\u00fcnasebet! roman\u0131nda \u201cili\u015fkilerimiz\u201de baba, o\u011ful, sevgili ekseninden bak\u0131yor. H\u0131zl\u0131, h\u0131nz\u0131r bir dil, al\u0131\u015f\u0131lmad\u0131k bir kurgu ve bir cerrah\u0131n ne\u015fter tutan eline saplanm\u0131\u015f bir<span class=\"excerpt-hellip\"> [\u2026]<\/span><\/p>\n","protected":false},"featured_media":0,"template":"","meta":{"_monsterinsights_skip_tracking":false,"_monsterinsights_sitenote_active":false,"_monsterinsights_sitenote_note":"","_monsterinsights_sitenote_category":0},"product_brand":[],"product_cat":[12291,12711],"product_tag":[],"class_list":{"0":"post-760629","1":"product","2":"type-product","3":"status-publish","5":"product_cat-edebiyat","6":"product_cat-roman-oyku","7":"pa_cilt-ciltsiz","8":"pa_tur-kitap","9":"pa_yayinevi-cinar-yayinlari","10":"pa_yazar-fatih-altinoz","12":"first","13":"instock","14":"sale","15":"shipping-taxable","16":"purchasable","17":"product-type-simple"},"_links":{"self":[{"href":"https:\/\/roveyayinevi.com.tr\/index.php\/wp-json\/wp\/v2\/product\/760629","targetHints":{"allow":["GET"]}}],"collection":[{"href":"https:\/\/roveyayinevi.com.tr\/index.php\/wp-json\/wp\/v2\/product"}],"about":[{"href":"https:\/\/roveyayinevi.com.tr\/index.php\/wp-json\/wp\/v2\/types\/product"}],"wp:attachment":[{"href":"https:\/\/roveyayinevi.com.tr\/index.php\/wp-json\/wp\/v2\/media?parent=760629"}],"wp:term":[{"taxonomy":"product_brand","embeddable":true,"href":"https:\/\/roveyayinevi.com.tr\/index.php\/wp-json\/wp\/v2\/product_brand?post=760629"},{"taxonomy":"product_cat","embeddable":true,"href":"https:\/\/roveyayinevi.com.tr\/index.php\/wp-json\/wp\/v2\/product_cat?post=760629"},{"taxonomy":"product_tag","embeddable":true,"href":"https:\/\/roveyayinevi.com.tr\/index.php\/wp-json\/wp\/v2\/product_tag?post=760629"}],"curies":[{"name":"wp","href":"https:\/\/api.w.org\/{rel}","templated":true}]}}